{"id":115,"date":"2016-03-14T16:03:05","date_gmt":"2016-03-14T14:03:05","guid":{"rendered":"http:\/\/www.profexpo.ee\/foodfair\/?page_id=115"},"modified":"2025-06-26T15:47:34","modified_gmt":"2025-06-26T12:47:34","slug":"miks-kulastada","status":"publish","type":"page","link":"https:\/\/www.profexpo.ee\/foodfair\/kulastajale\/miks-kulastada\/","title":{"rendered":"Miks k\u00fclastada"},"content":{"rendered":"<h1><strong>Leia uusimad trendid, ideed ja kontseptsioonid Tallinna Toidumessilt<\/strong><\/h1>\n<p>Tallinna Toidumess on number 1 \u00e4rilt-\u00e4rile toidu-, kaubanduse- ja majutusvaldkonna \u00fcritus Eestis, kus esitletakse nii traditsioonilisi kui ka kaasaegseid tooteid ning teenuseid. Esindatud on toiduainet\u00f6\u00f6stuse, toitlustuse, hotellinduse, hulgim\u00fc\u00fcjate ja vahendajate tooteportfellid.<\/p>\n<p>Soovitame k\u00fclastajatel eelnevalt tutvuda messi programmiga.<\/p>\n<p>Programmis on inspireerivad erialaseminarid, kus ettekandeid teevad maailmas tuntud valdkonna spetsialistid ning kohaliku turu tunnetust jagavad Eestis kogenud tegijad.<\/p>\n<p>Messi \u00fcksikasjalik programm avaldatakse augustis.<\/p>\n<h2><strong>Miks tulla messile? Mess on &#8230;<\/strong><\/h2>\n<p>hariv \u2013 osalemine\u00a0erialastel seminaridel annab erialateavet ala tippspetsialistidelt<\/p>\n<p>kompaktne \u2013\u00a0esindatud on paljude\u00a0valdkondade\u00a0tooted ja teenused ehk\u00a0k\u00f5ik vajalik sinu \u00e4riks<\/p>\n<p>efektiivne \u2013 v\u00f5imalus kohtuda samas kohas suure hulga erinevate hankijate,\u00a0pakkujatega\u00a0silmast-silma<\/p>\n<p>erialak\u00fclastajatele tasuta \u2013 eksponendid ja korraldajad saadavad kutsed \u00fcle Eesti k\u00f5igile\u00a0valdkonna ettev\u00f5tetele.<\/p>\n<p>v\u00f5istluslik \u2013 tootekonkursid ja ametialakv\u00f5istlused Eesti parimate osav\u00f5tul<\/p>\n<p>fokuseeritud \u2013 uued ideed ja kontseptsioonid toidu, joogi, seadmete jms maailmas<\/p>\n<p>sotsiaalne \u2013 kohtu oma valdkonna kolleegidega, neid on messile oodata \u00fcle 5000<\/p>\n<table style=\"height: 8px;\" width=\"890\">\n<tbody>\n<tr>\n<td><a href=\"https:\/\/www.profexpo.ee\/foodfair\/wp-content\/uploads\/2025\/06\/shotby_marekmetslaid_MMP0240.jpg\"><img loading=\"lazy\" decoding=\"async\" class=\"alignnone wp-image-17711 size-medium\" src=\"https:\/\/www.profexpo.ee\/foodfair\/wp-content\/uploads\/2025\/06\/shotby_marekmetslaid_MMP0240-250x167.jpg\" alt=\"\" width=\"250\" height=\"167\" srcset=\"https:\/\/www.profexpo.ee\/foodfair\/wp-content\/uploads\/2025\/06\/shotby_marekmetslaid_MMP0240-250x167.jpg 250w, https:\/\/www.profexpo.ee\/foodfair\/wp-content\/uploads\/2025\/06\/shotby_marekmetslaid_MMP0240-700x467.jpg 700w, https:\/\/www.profexpo.ee\/foodfair\/wp-content\/uploads\/2025\/06\/shotby_marekmetslaid_MMP0240-768x512.jpg 768w, https:\/\/www.profexpo.ee\/foodfair\/wp-content\/uploads\/2025\/06\/shotby_marekmetslaid_MMP0240-1536x1024.jpg 1536w, https:\/\/www.profexpo.ee\/foodfair\/wp-content\/uploads\/2025\/06\/shotby_marekmetslaid_MMP0240-450x300.jpg 450w, https:\/\/www.profexpo.ee\/foodfair\/wp-content\/uploads\/2025\/06\/shotby_marekmetslaid_MMP0240-900x600.jpg 900w, https:\/\/www.profexpo.ee\/foodfair\/wp-content\/uploads\/2025\/06\/shotby_marekmetslaid_MMP0240-120x80.jpg 120w, https:\/\/www.profexpo.ee\/foodfair\/wp-content\/uploads\/2025\/06\/shotby_marekmetslaid_MMP0240.jpg 2048w\" sizes=\"(max-width: 250px) 100vw, 250px\" \/><\/a><\/td>\n<td><a href=\"https:\/\/www.profexpo.ee\/foodfair\/wp-content\/uploads\/2025\/06\/shotby_marekmetslaid_MMP1197.jpg\"><img loading=\"lazy\" decoding=\"async\" class=\"alignnone wp-image-17713 size-medium\" src=\"https:\/\/www.profexpo.ee\/foodfair\/wp-content\/uploads\/2025\/06\/shotby_marekmetslaid_MMP1197-250x167.jpg\" alt=\"\" width=\"250\" height=\"167\" srcset=\"https:\/\/www.profexpo.ee\/foodfair\/wp-content\/uploads\/2025\/06\/shotby_marekmetslaid_MMP1197-250x167.jpg 250w, https:\/\/www.profexpo.ee\/foodfair\/wp-content\/uploads\/2025\/06\/shotby_marekmetslaid_MMP1197-700x467.jpg 700w, https:\/\/www.profexpo.ee\/foodfair\/wp-content\/uploads\/2025\/06\/shotby_marekmetslaid_MMP1197-768x512.jpg 768w, https:\/\/www.profexpo.ee\/foodfair\/wp-content\/uploads\/2025\/06\/shotby_marekmetslaid_MMP1197-1536x1024.jpg 1536w, https:\/\/www.profexpo.ee\/foodfair\/wp-content\/uploads\/2025\/06\/shotby_marekmetslaid_MMP1197-450x300.jpg 450w, https:\/\/www.profexpo.ee\/foodfair\/wp-content\/uploads\/2025\/06\/shotby_marekmetslaid_MMP1197-900x600.jpg 900w, https:\/\/www.profexpo.ee\/foodfair\/wp-content\/uploads\/2025\/06\/shotby_marekmetslaid_MMP1197-120x80.jpg 120w, https:\/\/www.profexpo.ee\/foodfair\/wp-content\/uploads\/2025\/06\/shotby_marekmetslaid_MMP1197.jpg 2048w\" sizes=\"(max-width: 250px) 100vw, 250px\" \/><\/a><\/td>\n<td><a href=\"https:\/\/www.profexpo.ee\/foodfair\/wp-content\/uploads\/2025\/06\/shotby_marekmetslaid_MMP9961.jpg\"><img loading=\"lazy\" decoding=\"async\" class=\"alignnone wp-image-17715 size-medium\" src=\"https:\/\/www.profexpo.ee\/foodfair\/wp-content\/uploads\/2025\/06\/shotby_marekmetslaid_MMP9961-250x167.jpg\" alt=\"\" width=\"250\" height=\"167\" srcset=\"https:\/\/www.profexpo.ee\/foodfair\/wp-content\/uploads\/2025\/06\/shotby_marekmetslaid_MMP9961-250x167.jpg 250w, https:\/\/www.profexpo.ee\/foodfair\/wp-content\/uploads\/2025\/06\/shotby_marekmetslaid_MMP9961-700x467.jpg 700w, https:\/\/www.profexpo.ee\/foodfair\/wp-content\/uploads\/2025\/06\/shotby_marekmetslaid_MMP9961-768x512.jpg 768w, https:\/\/www.profexpo.ee\/foodfair\/wp-content\/uploads\/2025\/06\/shotby_marekmetslaid_MMP9961-1536x1024.jpg 1536w, https:\/\/www.profexpo.ee\/foodfair\/wp-content\/uploads\/2025\/06\/shotby_marekmetslaid_MMP9961-450x300.jpg 450w, https:\/\/www.profexpo.ee\/foodfair\/wp-content\/uploads\/2025\/06\/shotby_marekmetslaid_MMP9961-900x600.jpg 900w, https:\/\/www.profexpo.ee\/foodfair\/wp-content\/uploads\/2025\/06\/shotby_marekmetslaid_MMP9961-120x80.jpg 120w, https:\/\/www.profexpo.ee\/foodfair\/wp-content\/uploads\/2025\/06\/shotby_marekmetslaid_MMP9961.jpg 2048w\" sizes=\"(max-width: 250px) 100vw, 250px\" \/><\/a><\/td>\n<\/tr>\n<\/tbody>\n<\/table>\n","protected":false},"excerpt":{"rendered":"Leia uusimad trendid, ideed ja kontseptsioonid Tallinna Toidumessilt Tallinna Toidumess on number 1 \u00e4rilt-\u00e4rile toidu-, kaubanduse- ja majutusvaldkonna \u00fcritus Eestis, kus esitletakse nii traditsioonilisi kui ka kaasaegseid tooteid ning teenuseid. Esindatud on toiduainet\u00f6\u00f6stuse, toitlustuse, hotellinduse, hulgim\u00fc\u00fcjate ja vahendajate tooteportfellid. Soovitame k\u00fclastajatel eelnevalt tutvuda messi programmiga. Programmis on inspireerivad erialaseminarid, kus ettekandeid teevad maailmas tuntud valdkonna&#8230; <a class=\"view-article\" href=\"https:\/\/www.profexpo.ee\/foodfair\/kulastajale\/miks-kulastada\/\">Loe edasi<\/a>","protected":false},"author":3,"featured_media":0,"parent":11,"menu_order":3,"comment_status":"closed","ping_status":"closed","template":"","meta":{"footnotes":""},"class_list":["post-115","page","type-page","status-publish","hentry"],"yoast_head":"<!-- This site is optimized with the Yoast SEO plugin v24.7 - https:\/\/yoast.com\/wordpress\/plugins\/seo\/ -->\n<title>Miks k\u00fclastada - Tallinna Toidumess 2026<\/title>\n<meta name=\"robots\" content=\"index, follow, max-snippet:-1, max-image-preview:large, max-video-preview:-1\" \/>\n<link rel=\"canonical\" href=\"https:\/\/www.profexpo.ee\/foodfair\/kulastajale\/miks-kulastada\/\" \/>\n<script type=\"application\/ld+json\" class=\"yoast-schema-graph\">{\"@context\":\"https:\/\/schema.org\",\"@graph\":[{\"@type\":\"WebPage\",\"@id\":\"https:\/\/www.profexpo.ee\/foodfair\/kulastajale\/miks-kulastada\/\",\"url\":\"https:\/\/www.profexpo.ee\/foodfair\/kulastajale\/miks-kulastada\/\",\"name\":\"Miks k\u00fclastada - Tallinna Toidumess 2026\",\"isPartOf\":{\"@id\":\"https:\/\/www.profexpo.ee\/foodfair\/#website\"},\"primaryImageOfPage\":{\"@id\":\"https:\/\/www.profexpo.ee\/foodfair\/kulastajale\/miks-kulastada\/#primaryimage\"},\"image\":{\"@id\":\"https:\/\/www.profexpo.ee\/foodfair\/kulastajale\/miks-kulastada\/#primaryimage\"},\"thumbnailUrl\":\"https:\/\/www.profexpo.ee\/foodfair\/wp-content\/uploads\/2025\/06\/shotby_marekmetslaid_MMP0240-250x167.jpg\",\"datePublished\":\"2016-03-14T14:03:05+00:00\",\"dateModified\":\"2025-06-26T12:47:34+00:00\",\"breadcrumb\":{\"@id\":\"https:\/\/www.profexpo.ee\/foodfair\/kulastajale\/miks-kulastada\/#breadcrumb\"},\"inLanguage\":\"et\",\"potentialAction\":[{\"@type\":\"ReadAction\",\"target\":[\"https:\/\/www.profexpo.ee\/foodfair\/kulastajale\/miks-kulastada\/\"]}]},{\"@type\":\"ImageObject\",\"inLanguage\":\"et\",\"@id\":\"https:\/\/www.profexpo.ee\/foodfair\/kulastajale\/miks-kulastada\/#primaryimage\",\"url\":\"https:\/\/www.profexpo.ee\/foodfair\/wp-content\/uploads\/2025\/06\/shotby_marekmetslaid_MMP0240.jpg\",\"contentUrl\":\"https:\/\/www.profexpo.ee\/foodfair\/wp-content\/uploads\/2025\/06\/shotby_marekmetslaid_MMP0240.jpg\",\"width\":2048,\"height\":1365},{\"@type\":\"BreadcrumbList\",\"@id\":\"https:\/\/www.profexpo.ee\/foodfair\/kulastajale\/miks-kulastada\/#breadcrumb\",\"itemListElement\":[{\"@type\":\"ListItem\",\"position\":1,\"name\":\"Home\",\"item\":\"https:\/\/www.profexpo.ee\/foodfair\/\"},{\"@type\":\"ListItem\",\"position\":2,\"name\":\"K\u00fclastajale\",\"item\":\"https:\/\/www.profexpo.ee\/foodfair\/kulastajale\/\"},{\"@type\":\"ListItem\",\"position\":3,\"name\":\"Miks k\u00fclastada\"}]},{\"@type\":\"WebSite\",\"@id\":\"https:\/\/www.profexpo.ee\/foodfair\/#website\",\"url\":\"https:\/\/www.profexpo.ee\/foodfair\/\",\"name\":\"Tallinn FoodFair\",\"description\":\"Tallinna Toidumess 2026\",\"alternateName\":\"sdaf\",\"potentialAction\":[{\"@type\":\"SearchAction\",\"target\":{\"@type\":\"EntryPoint\",\"urlTemplate\":\"https:\/\/www.profexpo.ee\/foodfair\/?s={search_term_string}\"},\"query-input\":{\"@type\":\"PropertyValueSpecification\",\"valueRequired\":true,\"valueName\":\"search_term_string\"}}],\"inLanguage\":\"et\"}]}<\/script>\n<!-- \/ Yoast SEO plugin. -->","yoast_head_json":{"title":"Miks k\u00fclastada - Tallinna Toidumess 2026","robots":{"index":"index","follow":"follow","max-snippet":"max-snippet:-1","max-image-preview":"max-image-preview:large","max-video-preview":"max-video-preview:-1"},"canonical":"https:\/\/www.profexpo.ee\/foodfair\/kulastajale\/miks-kulastada\/","schema":{"@context":"https:\/\/schema.org","@graph":[{"@type":"WebPage","@id":"https:\/\/www.profexpo.ee\/foodfair\/kulastajale\/miks-kulastada\/","url":"https:\/\/www.profexpo.ee\/foodfair\/kulastajale\/miks-kulastada\/","name":"Miks k\u00fclastada - Tallinna Toidumess 2026","isPartOf":{"@id":"https:\/\/www.profexpo.ee\/foodfair\/#website"},"primaryImageOfPage":{"@id":"https:\/\/www.profexpo.ee\/foodfair\/kulastajale\/miks-kulastada\/#primaryimage"},"image":{"@id":"https:\/\/www.profexpo.ee\/foodfair\/kulastajale\/miks-kulastada\/#primaryimage"},"thumbnailUrl":"https:\/\/www.profexpo.ee\/foodfair\/wp-content\/uploads\/2025\/06\/shotby_marekmetslaid_MMP0240-250x167.jpg","datePublished":"2016-03-14T14:03:05+00:00","dateModified":"2025-06-26T12:47:34+00:00","breadcrumb":{"@id":"https:\/\/www.profexpo.ee\/foodfair\/kulastajale\/miks-kulastada\/#breadcrumb"},"inLanguage":"et","potentialAction":[{"@type":"ReadAction","target":["https:\/\/www.profexpo.ee\/foodfair\/kulastajale\/miks-kulastada\/"]}]},{"@type":"ImageObject","inLanguage":"et","@id":"https:\/\/www.profexpo.ee\/foodfair\/kulastajale\/miks-kulastada\/#primaryimage","url":"https:\/\/www.profexpo.ee\/foodfair\/wp-content\/uploads\/2025\/06\/shotby_marekmetslaid_MMP0240.jpg","contentUrl":"https:\/\/www.profexpo.ee\/foodfair\/wp-content\/uploads\/2025\/06\/shotby_marekmetslaid_MMP0240.jpg","width":2048,"height":1365},{"@type":"BreadcrumbList","@id":"https:\/\/www.profexpo.ee\/foodfair\/kulastajale\/miks-kulastada\/#breadcrumb","itemListElement":[{"@type":"ListItem","position":1,"name":"Home","item":"https:\/\/www.profexpo.ee\/foodfair\/"},{"@type":"ListItem","position":2,"name":"K\u00fclastajale","item":"https:\/\/www.profexpo.ee\/foodfair\/kulastajale\/"},{"@type":"ListItem","position":3,"name":"Miks k\u00fclastada"}]},{"@type":"WebSite","@id":"https:\/\/www.profexpo.ee\/foodfair\/#website","url":"https:\/\/www.profexpo.ee\/foodfair\/","name":"Tallinn FoodFair","description":"Tallinna Toidumess 2026","alternateName":"sdaf","potentialAction":[{"@type":"SearchAction","target":{"@type":"EntryPoint","urlTemplate":"https:\/\/www.profexpo.ee\/foodfair\/?s={search_term_string}"},"query-input":{"@type":"PropertyValueSpecification","valueRequired":true,"valueName":"search_term_string"}}],"inLanguage":"et"}]}},"_links":{"self":[{"href":"https:\/\/www.profexpo.ee\/foodfair\/wp-json\/wp\/v2\/pages\/115","targetHints":{"allow":["GET"]}}],"collection":[{"href":"https:\/\/www.profexpo.ee\/foodfair\/wp-json\/wp\/v2\/pages"}],"about":[{"href":"https:\/\/www.profexpo.ee\/foodfair\/wp-json\/wp\/v2\/types\/page"}],"author":[{"embeddable":true,"href":"https:\/\/www.profexpo.ee\/foodfair\/wp-json\/wp\/v2\/users\/3"}],"replies":[{"embeddable":true,"href":"https:\/\/www.profexpo.ee\/foodfair\/wp-json\/wp\/v2\/comments?post=115"}],"version-history":[{"count":5,"href":"https:\/\/www.profexpo.ee\/foodfair\/wp-json\/wp\/v2\/pages\/115\/revisions"}],"predecessor-version":[{"id":17718,"href":"https:\/\/www.profexpo.ee\/foodfair\/wp-json\/wp\/v2\/pages\/115\/revisions\/17718"}],"up":[{"embeddable":true,"href":"https:\/\/www.profexpo.ee\/foodfair\/wp-json\/wp\/v2\/pages\/11"}],"wp:attachment":[{"href":"https:\/\/www.profexpo.ee\/foodfair\/wp-json\/wp\/v2\/media?parent=115"}],"curies":[{"name":"wp","href":"https:\/\/api.w.org\/{rel}","templated":true}]}}