{"id":13,"date":"2015-09-15T11:42:42","date_gmt":"2015-09-15T08:42:42","guid":{"rendered":"http:\/\/www.profexpo.ee\/foodfair\/?page_id=13"},"modified":"2025-11-03T12:50:21","modified_gmt":"2025-11-03T10:50:21","slug":"programm","status":"publish","type":"page","link":"https:\/\/www.profexpo.ee\/foodfair\/programm\/","title":{"rendered":"Programm"},"content":{"rendered":"<h1><strong>Tallinna Toidumessi programm<\/strong><\/h1>\n<p><strong>Kolmap\u00e4ev, 24.09<\/strong><\/p>\n<table style=\"width: 72.9201%; height: 183px;\">\n<tbody>\n<tr style=\"height: 24px;\">\n<td style=\"width: 19.3574%; height: 24px;\" width=\"110\"><strong>A-200<\/strong><\/td>\n<td style=\"width: 16.7995%; height: 24px;\" width=\"89\">10:00 \u2013 17:00<\/td>\n<td style=\"width: 86.3072%; height: 24px;\">Pitsameistrite v\u00f5istlus Pizza Karikas 2025<\/td>\n<\/tr>\n<tr style=\"height: 48px;\">\n<td style=\"width: 19.3574%; height: 48px;\" width=\"110\"><strong>1. korruse seminariruum<\/strong><\/td>\n<td style=\"width: 16.7995%; height: 48px;\" width=\"89\">9:30 \u2013 13:30<\/td>\n<td style=\"width: 86.3072%; height: 48px;\">9. HoReCa seminar \u201eTargad turundusotsused toitlustuses ja majutuses\u201c (eelregistreerimisega)<\/td>\n<\/tr>\n<tr style=\"height: 39px;\">\n<td style=\"width: 19.3574%; height: 39px;\" width=\"110\"><strong>2. korruse seminariruum<\/strong><\/td>\n<td style=\"width: 16.7995%; height: 39px;\" width=\"89\">10:30 \u2013 14:00<\/td>\n<td style=\"width: 86.3072%; height: 39px;\">11. Koost\u00f6\u00f6 konverents \u201eL\u00e4bi raskuste t\u00e4htede poole!\u201c (eelregistreerimisega)<\/td>\n<\/tr>\n<tr style=\"height: 24px;\">\n<td style=\"width: 19.3574%; height: 24px;\" width=\"110\"><strong>A-200<\/strong><\/td>\n<td style=\"width: 16.7995%; height: 24px;\" width=\"89\">12:00<\/td>\n<td style=\"width: 86.3072%; height: 24px;\">Messi avamine<\/td>\n<\/tr>\n<tr style=\"height: 24px;\">\n<td style=\"width: 19.3574%; height: 24px;\" width=\"110\"><strong>A-200<\/strong><\/td>\n<td style=\"width: 16.7995%; height: 24px;\" width=\"89\">12:00<\/td>\n<td style=\"width: 86.3072%; height: 24px;\">Raamatukonkurss \u201eAasta kokaraamat 2025\u201d v\u00f5itjate v\u00e4ljakuulutamine<\/td>\n<\/tr>\n<tr style=\"height: 24px;\">\n<td style=\"width: 19.3574%; height: 24px;\" width=\"110\"><strong>A-100<\/strong><\/td>\n<td style=\"width: 16.7995%; height: 24px;\" width=\"89\">kogu p\u00e4ev<\/td>\n<td style=\"width: 86.3072%; height: 24px;\">J\u00f5ulutoode 2025 \u2013 toodete hindamine<\/td>\n<\/tr>\n<\/tbody>\n<\/table>\n<p>&nbsp;<\/p>\n<p><strong>Neljap\u00e4ev, 25.09<\/strong><\/p>\n<table style=\"width: 63.7898%;\">\n<tbody>\n<tr>\n<td style=\"width: 22.4132%;\" width=\"110\"><strong>A-200<\/strong><\/td>\n<td style=\"width: 18.7464%;\" width=\"101\">10:00 \u2013 12:00<\/td>\n<td style=\"width: 75.9536%;\">High West kokteiliv\u00f5istlus HWMX 2026!<\/td>\n<\/tr>\n<tr>\n<td style=\"width: 22.4132%;\" width=\"110\"><strong>2. korruse seminariruum<\/strong><\/td>\n<td style=\"width: 18.7464%;\" width=\"101\">11:00 \u2013 14:00<\/td>\n<td style=\"width: 75.9536%;\">Kooli- ja lasteaiatoitlustajate teabep\u00e4ev \u201eMis on uut?\u201c<\/td>\n<\/tr>\n<tr>\n<td style=\"width: 22.4132%;\" width=\"110\"><strong>A-200<\/strong><\/td>\n<td style=\"width: 18.7464%;\" width=\"101\">13:00 \u2013 17:00<\/td>\n<td style=\"width: 75.9536%;\">XIV Eesti Baarmenite Meistriv\u00f5istlused alkoholivabade kokteilide valmistamises<\/td>\n<\/tr>\n<tr>\n<td style=\"width: 22.4132%;\" width=\"110\"><strong>A-100<\/strong><\/td>\n<td style=\"width: 18.7464%;\" width=\"101\">kogu p\u00e4ev<\/td>\n<td style=\"width: 75.9536%;\">J\u00f5ulutoode 2025 \u2013 toodete hindamine<\/td>\n<\/tr>\n<\/tbody>\n<\/table>\n<h2>Too oma seminar, koolitus, esitlus, pressikonverents messile! Oled n\u00e4htav ja k\u00fclastajatele h\u00f5lpsasti leitav!<\/h2>\n<p>V\u00f5ta meiega \u00fchendust ja uuri v\u00f5imalusi!<br \/>\nKennet Sarv, programmi koordinaator<br \/>\n626 1347, 52 71 095,\u00a0<a href=\"mailto:Kennet.Sarv@profexpo.ee\">Kennet.Sarv (at) profexpo.ee<\/a><\/p>\n<p>&nbsp;<\/p>\n","protected":false},"excerpt":{"rendered":"Tallinna Toidumessi programm Kolmap\u00e4ev, 24.09 A-200 10:00 \u2013 17:00 Pitsameistrite v\u00f5istlus Pizza Karikas 2025 1. korruse seminariruum 9:30 \u2013 13:30 9. HoReCa seminar \u201eTargad turundusotsused toitlustuses ja majutuses\u201c (eelregistreerimisega) 2. korruse seminariruum 10:30 \u2013 14:00 11. Koost\u00f6\u00f6 konverents \u201eL\u00e4bi raskuste t\u00e4htede poole!\u201c (eelregistreerimisega) A-200 12:00 Messi avamine A-200 12:00 Raamatukonkurss \u201eAasta kokaraamat 2025\u201d v\u00f5itjate v\u00e4ljakuulutamine&#8230; <a class=\"view-article\" href=\"https:\/\/www.profexpo.ee\/foodfair\/programm\/\">Loe edasi<\/a>","protected":false},"author":1,"featured_media":0,"parent":0,"menu_order":0,"comment_status":"closed","ping_status":"closed","template":"","meta":{"footnotes":""},"class_list":["post-13","page","type-page","status-publish","hentry"],"yoast_head":"<!-- This site is optimized with the Yoast SEO plugin v24.7 - https:\/\/yoast.com\/wordpress\/plugins\/seo\/ -->\n<title>Programm - Tallinna Toidumess 2026<\/title>\n<meta name=\"robots\" content=\"index, follow, max-snippet:-1, max-image-preview:large, max-video-preview:-1\" \/>\n<link rel=\"canonical\" href=\"https:\/\/www.profexpo.ee\/foodfair\/programm\/\" \/>\n<script type=\"application\/ld+json\" class=\"yoast-schema-graph\">{\"@context\":\"https:\/\/schema.org\",\"@graph\":[{\"@type\":\"WebPage\",\"@id\":\"https:\/\/www.profexpo.ee\/foodfair\/programm\/\",\"url\":\"https:\/\/www.profexpo.ee\/foodfair\/programm\/\",\"name\":\"Programm - Tallinna Toidumess 2026\",\"isPartOf\":{\"@id\":\"https:\/\/www.profexpo.ee\/foodfair\/#website\"},\"datePublished\":\"2015-09-15T08:42:42+00:00\",\"dateModified\":\"2025-11-03T10:50:21+00:00\",\"breadcrumb\":{\"@id\":\"https:\/\/www.profexpo.ee\/foodfair\/programm\/#breadcrumb\"},\"inLanguage\":\"et\",\"potentialAction\":[{\"@type\":\"ReadAction\",\"target\":[\"https:\/\/www.profexpo.ee\/foodfair\/programm\/\"]}]},{\"@type\":\"BreadcrumbList\",\"@id\":\"https:\/\/www.profexpo.ee\/foodfair\/programm\/#breadcrumb\",\"itemListElement\":[{\"@type\":\"ListItem\",\"position\":1,\"name\":\"Home\",\"item\":\"https:\/\/www.profexpo.ee\/foodfair\/\"},{\"@type\":\"ListItem\",\"position\":2,\"name\":\"Programm\"}]},{\"@type\":\"WebSite\",\"@id\":\"https:\/\/www.profexpo.ee\/foodfair\/#website\",\"url\":\"https:\/\/www.profexpo.ee\/foodfair\/\",\"name\":\"Tallinn FoodFair\",\"description\":\"Tallinna Toidumess 2026\",\"alternateName\":\"sdaf\",\"potentialAction\":[{\"@type\":\"SearchAction\",\"target\":{\"@type\":\"EntryPoint\",\"urlTemplate\":\"https:\/\/www.profexpo.ee\/foodfair\/?s={search_term_string}\"},\"query-input\":{\"@type\":\"PropertyValueSpecification\",\"valueRequired\":true,\"valueName\":\"search_term_string\"}}],\"inLanguage\":\"et\"}]}<\/script>\n<!-- \/ Yoast SEO plugin. -->","yoast_head_json":{"title":"Programm - Tallinna Toidumess 2026","robots":{"index":"index","follow":"follow","max-snippet":"max-snippet:-1","max-image-preview":"max-image-preview:large","max-video-preview":"max-video-preview:-1"},"canonical":"https:\/\/www.profexpo.ee\/foodfair\/programm\/","schema":{"@context":"https:\/\/schema.org","@graph":[{"@type":"WebPage","@id":"https:\/\/www.profexpo.ee\/foodfair\/programm\/","url":"https:\/\/www.profexpo.ee\/foodfair\/programm\/","name":"Programm - Tallinna Toidumess 2026","isPartOf":{"@id":"https:\/\/www.profexpo.ee\/foodfair\/#website"},"datePublished":"2015-09-15T08:42:42+00:00","dateModified":"2025-11-03T10:50:21+00:00","breadcrumb":{"@id":"https:\/\/www.profexpo.ee\/foodfair\/programm\/#breadcrumb"},"inLanguage":"et","potentialAction":[{"@type":"ReadAction","target":["https:\/\/www.profexpo.ee\/foodfair\/programm\/"]}]},{"@type":"BreadcrumbList","@id":"https:\/\/www.profexpo.ee\/foodfair\/programm\/#breadcrumb","itemListElement":[{"@type":"ListItem","position":1,"name":"Home","item":"https:\/\/www.profexpo.ee\/foodfair\/"},{"@type":"ListItem","position":2,"name":"Programm"}]},{"@type":"WebSite","@id":"https:\/\/www.profexpo.ee\/foodfair\/#website","url":"https:\/\/www.profexpo.ee\/foodfair\/","name":"Tallinn FoodFair","description":"Tallinna Toidumess 2026","alternateName":"sdaf","potentialAction":[{"@type":"SearchAction","target":{"@type":"EntryPoint","urlTemplate":"https:\/\/www.profexpo.ee\/foodfair\/?s={search_term_string}"},"query-input":{"@type":"PropertyValueSpecification","valueRequired":true,"valueName":"search_term_string"}}],"inLanguage":"et"}]}},"_links":{"self":[{"href":"https:\/\/www.profexpo.ee\/foodfair\/wp-json\/wp\/v2\/pages\/13","targetHints":{"allow":["GET"]}}],"collection":[{"href":"https:\/\/www.profexpo.ee\/foodfair\/wp-json\/wp\/v2\/pages"}],"about":[{"href":"https:\/\/www.profexpo.ee\/foodfair\/wp-json\/wp\/v2\/types\/page"}],"author":[{"embeddable":true,"href":"https:\/\/www.profexpo.ee\/foodfair\/wp-json\/wp\/v2\/users\/1"}],"replies":[{"embeddable":true,"href":"https:\/\/www.profexpo.ee\/foodfair\/wp-json\/wp\/v2\/comments?post=13"}],"version-history":[{"count":5,"href":"https:\/\/www.profexpo.ee\/foodfair\/wp-json\/wp\/v2\/pages\/13\/revisions"}],"predecessor-version":[{"id":18692,"href":"https:\/\/www.profexpo.ee\/foodfair\/wp-json\/wp\/v2\/pages\/13\/revisions\/18692"}],"wp:attachment":[{"href":"https:\/\/www.profexpo.ee\/foodfair\/wp-json\/wp\/v2\/media?parent=13"}],"curies":[{"name":"wp","href":"https:\/\/api.w.org\/{rel}","templated":true}]}}