{"id":135,"date":"2016-03-15T09:41:12","date_gmt":"2016-03-15T07:41:12","guid":{"rendered":"http:\/\/www.profexpo.ee\/foodfair\/?page_id=135"},"modified":"2026-02-06T12:19:57","modified_gmt":"2026-02-06T10:19:57","slug":"kulastaja-profiil","status":"publish","type":"page","link":"https:\/\/www.profexpo.ee\/foodfair\/eksponendile\/kulastaja-profiil\/","title":{"rendered":"K\u00fclastaja profiil"},"content":{"rendered":"<h1><strong>Messik\u00fclastaja profiil<\/strong><\/h1>\n<p>Tallinna Toidumess on Eesti suurim \u00e4rik\u00fclastajatele suunatud toiduvaldkonna eriala\u00fcritus. Mess pakub v\u00f5imaluse vahetuks kohtumiseks \u00fcle 5000 valdkonna spetsialistiga Eestist. Lisaks on iga-aastast messi k\u00fclastamas kuni 300 k\u00fclastajat l\u00e4hiriikidest. Messi \u00e4rik\u00fclastajate profiil annab t\u00e4psema pildi erialak\u00fclastajatest.<\/p>\n<p><strong><a href=\"https:\/\/www.profexpo.ee\/foodfair\/wp-content\/uploads\/2026\/02\/shotby_marekmetslaid_MMP8253_2048.jpg\"><img loading=\"lazy\" decoding=\"async\" class=\"wp-image-19305 size-medium alignright\" src=\"https:\/\/www.profexpo.ee\/foodfair\/wp-content\/uploads\/2026\/02\/shotby_marekmetslaid_MMP8253_2048-250x375.jpg\" alt=\"\" width=\"200\" height=\"300\" srcset=\"https:\/\/www.profexpo.ee\/foodfair\/wp-content\/uploads\/2026\/02\/shotby_marekmetslaid_MMP8253_2048-250x375.jpg 250w, https:\/\/www.profexpo.ee\/foodfair\/wp-content\/uploads\/2026\/02\/shotby_marekmetslaid_MMP8253_2048-700x1050.jpg 700w, https:\/\/www.profexpo.ee\/foodfair\/wp-content\/uploads\/2026\/02\/shotby_marekmetslaid_MMP8253_2048-768x1152.jpg 768w, https:\/\/www.profexpo.ee\/foodfair\/wp-content\/uploads\/2026\/02\/shotby_marekmetslaid_MMP8253_2048-1024x1536.jpg 1024w, https:\/\/www.profexpo.ee\/foodfair\/wp-content\/uploads\/2026\/02\/shotby_marekmetslaid_MMP8253_2048-450x675.jpg 450w, https:\/\/www.profexpo.ee\/foodfair\/wp-content\/uploads\/2026\/02\/shotby_marekmetslaid_MMP8253_2048-900x1350.jpg 900w, https:\/\/www.profexpo.ee\/foodfair\/wp-content\/uploads\/2026\/02\/shotby_marekmetslaid_MMP8253_2048-120x180.jpg 120w, https:\/\/www.profexpo.ee\/foodfair\/wp-content\/uploads\/2026\/02\/shotby_marekmetslaid_MMP8253_2048.jpg 1365w\" sizes=\"(max-width: 200px) 100vw, 200px\" \/><\/a><\/strong><\/p>\n<p><strong>K\u00fclastajad Tallinna Toidumess 2025 \u2013\u00a0 ainult B2B 5230<br \/>\nK\u00fclastajad Tallinna Toidumess 2024 \u2013\u00a0 ainult B2B 5460<br \/>\nK\u00fclastajad Tallinna Toidumess 2023 &#8211;\u00a0 ainult B2B 5110<br \/>\n<\/strong><\/p>\n<p><strong>\u00c4rik\u00fclastaja roll otsustamisel (2025):<br \/>\n33% <\/strong>teeb ostuotsuseid<strong><br \/>\n30%<\/strong> osaleb otsustamisel<br \/>\n<strong>24%<\/strong> ei osale otsustamisel<br \/>\n<strong>13%<\/strong> n\u00f5ustaja<\/p>\n<p><strong>\u00c4rik\u00fclastajate tegevusalad (2025):\u00a0\u00a0\u00a0\u00a0 <\/strong><br \/>\n<strong>37%<\/strong> toitlustus, hotellindus<br \/>\n<strong>16%<\/strong> toiduainet\u00f6\u00f6stus<br \/>\n<strong>16%<\/strong> jaekaubandus<br \/>\n<strong>14%<\/strong> import, hulgikaubandus<br \/>\n<a href=\"https:\/\/www.profexpo.ee\/foodfair\/wp-content\/uploads\/2026\/02\/shotby_marekmetslaid_MMP8402_2048.jpg\"><img loading=\"lazy\" decoding=\"async\" class=\"wp-image-19302 size-medium alignright\" src=\"https:\/\/www.profexpo.ee\/foodfair\/wp-content\/uploads\/2026\/02\/shotby_marekmetslaid_MMP8402_2048-250x167.jpg\" alt=\"\" width=\"250\" height=\"167\" srcset=\"https:\/\/www.profexpo.ee\/foodfair\/wp-content\/uploads\/2026\/02\/shotby_marekmetslaid_MMP8402_2048-250x167.jpg 250w, https:\/\/www.profexpo.ee\/foodfair\/wp-content\/uploads\/2026\/02\/shotby_marekmetslaid_MMP8402_2048-700x467.jpg 700w, https:\/\/www.profexpo.ee\/foodfair\/wp-content\/uploads\/2026\/02\/shotby_marekmetslaid_MMP8402_2048-768x512.jpg 768w, https:\/\/www.profexpo.ee\/foodfair\/wp-content\/uploads\/2026\/02\/shotby_marekmetslaid_MMP8402_2048-1536x1024.jpg 1536w, https:\/\/www.profexpo.ee\/foodfair\/wp-content\/uploads\/2026\/02\/shotby_marekmetslaid_MMP8402_2048-450x300.jpg 450w, https:\/\/www.profexpo.ee\/foodfair\/wp-content\/uploads\/2026\/02\/shotby_marekmetslaid_MMP8402_2048-900x600.jpg 900w, https:\/\/www.profexpo.ee\/foodfair\/wp-content\/uploads\/2026\/02\/shotby_marekmetslaid_MMP8402_2048-120x80.jpg 120w, https:\/\/www.profexpo.ee\/foodfair\/wp-content\/uploads\/2026\/02\/shotby_marekmetslaid_MMP8402_2048.jpg 2048w\" sizes=\"(max-width: 250px) 100vw, 250px\" \/><\/a><strong>3%<\/strong> masinad, seadmed, sisustus ja teenindus<br \/>\n<strong>3%<\/strong> muu t\u00f6\u00f6stus<br \/>\n<strong>1%<\/strong> liidud, omavalitsused<br \/>\n<strong>10%<\/strong> muu tegevusala<\/p>\n<p><strong>K\u00fclastajad toidumessist:<\/strong><br \/>\n<strong>90% <\/strong>soovitab kolleegil messi k\u00fclastada<br \/>\n<strong>89% <\/strong>arvab, et toidumessil on \u201ehea\u201c v\u00f5i \u201ev\u00e4ga hea\u201c maine<strong><br \/>\n89% <\/strong>arvab, et toidumess on oluline Eesti toiduala eri sektoreid \u00fchendav \u00fcritus<br \/>\n<strong>88%<\/strong> arvab, et Unibet Arena on uue kohana \u201ehea\u201c v\u00f5i \u201ev\u00e4ga hea\u201c<br \/>\n<strong>88% <\/strong>k\u00fclastab messi ka j\u00e4rgmine kord<br \/>\n<strong>88% <\/strong>arvab, et toidumess on hea kanal leidmaks uusi tooteid v\u00f5i teenuseid<a href=\"https:\/\/www.profexpo.ee\/foodfair\/wp-content\/uploads\/2026\/02\/shotby_marekmetslaid_MMP5023_2048.jpg\"><img loading=\"lazy\" decoding=\"async\" class=\"wp-image-19287 size-medium alignright\" src=\"https:\/\/www.profexpo.ee\/foodfair\/wp-content\/uploads\/2026\/02\/shotby_marekmetslaid_MMP5023_2048-250x167.jpg\" alt=\"\" width=\"250\" height=\"167\" srcset=\"https:\/\/www.profexpo.ee\/foodfair\/wp-content\/uploads\/2026\/02\/shotby_marekmetslaid_MMP5023_2048-250x167.jpg 250w, https:\/\/www.profexpo.ee\/foodfair\/wp-content\/uploads\/2026\/02\/shotby_marekmetslaid_MMP5023_2048-700x467.jpg 700w, https:\/\/www.profexpo.ee\/foodfair\/wp-content\/uploads\/2026\/02\/shotby_marekmetslaid_MMP5023_2048-768x512.jpg 768w, https:\/\/www.profexpo.ee\/foodfair\/wp-content\/uploads\/2026\/02\/shotby_marekmetslaid_MMP5023_2048-1536x1024.jpg 1536w, https:\/\/www.profexpo.ee\/foodfair\/wp-content\/uploads\/2026\/02\/shotby_marekmetslaid_MMP5023_2048-450x300.jpg 450w, https:\/\/www.profexpo.ee\/foodfair\/wp-content\/uploads\/2026\/02\/shotby_marekmetslaid_MMP5023_2048-900x600.jpg 900w, https:\/\/www.profexpo.ee\/foodfair\/wp-content\/uploads\/2026\/02\/shotby_marekmetslaid_MMP5023_2048-120x80.jpg 120w, https:\/\/www.profexpo.ee\/foodfair\/wp-content\/uploads\/2026\/02\/shotby_marekmetslaid_MMP5023_2048.jpg 2048w\" sizes=\"(max-width: 250px) 100vw, 250px\" \/><\/a><strong><br \/>\n84% <\/strong>j\u00e4i rahule messik\u00fclastusega<strong><br \/>\n78% <\/strong>arvab, et on oluline k\u00fclastada toidumessi<br \/>\n<strong>75%<\/strong> jaoks oli Tallinna mess ainus mess, mida aastas k\u00fclastati<strong><br \/>\n<\/strong><strong>69%<\/strong> leiab messilt infot, mida nad mujalt ei leia<br \/>\n<strong>22%<\/strong> k\u00fclastajatest on uustulnukad \u2013 k\u00fclastas toidumessi esimest korda<\/p>\n<p>Keskmine k\u00fclastus messil <span style=\"color: #fab7d3;\"><strong>2h 59min<\/strong><\/span><\/p>\n<p><strong>Kust tuleb toidumessi k\u00fclastaja: <\/strong>restoran \u2502 pubi \u2502 baar \u2502 kool \u2502 \u00fclikool \u2502 lasteaed \u2502 hotell \u2502 hooldekodu \u2502 hostel \u2502 laev \u2502 kinnipidamisasutus \u2502 haigla \u2502 toidut\u00f6\u00f6stus \u2502 joogit\u00f6\u00f6stus \u2502 kalat\u00f6\u00f6stus \u2502 lihat\u00f6\u00f6stus \u2502v\u00e4ikekauplus \u2502 kiosk \u2502 jaekett \u2502 hulgim\u00fc\u00fcja \u2502 maaletooja \u2502 pagarikoda \u2502 toit kaasa \u2502 kohvik \u2502 catering \u2502 pruulikoda \u2502 logistika \u2502 tankla \u2502 kino \u2502 spa \u2502 golfiklubi \u2502 l\u00f5unarestoran \u2502 vinoteek \u2502 kohvi r\u00f6stikoda \u2502 kaitsev\u00e4gi \u2502 ametikool \u2502 erialaliit \u2502 suurk\u00f6\u00f6k \u2502 m\u00f5is \u2502 turismitalu \u2502 muuseum \u2502 kasiino \u2502 ministeerium \u2502 KOV \u2502 press \u2502 ja mujalt&#8230;<\/p>\n","protected":false},"excerpt":{"rendered":"Messik\u00fclastaja profiil Tallinna Toidumess on Eesti suurim \u00e4rik\u00fclastajatele suunatud toiduvaldkonna eriala\u00fcritus. Mess pakub v\u00f5imaluse vahetuks kohtumiseks \u00fcle 5000 valdkonna spetsialistiga Eestist. Lisaks on iga-aastast messi k\u00fclastamas kuni 300 k\u00fclastajat l\u00e4hiriikidest. Messi \u00e4rik\u00fclastajate profiil annab t\u00e4psema pildi erialak\u00fclastajatest. K\u00fclastajad Tallinna Toidumess 2025 \u2013\u00a0 ainult B2B 5230 K\u00fclastajad Tallinna Toidumess 2024 \u2013\u00a0 ainult B2B 5460 K\u00fclastajad Tallinna&#8230; <a class=\"view-article\" href=\"https:\/\/www.profexpo.ee\/foodfair\/eksponendile\/kulastaja-profiil\/\">Loe edasi<\/a>","protected":false},"author":3,"featured_media":0,"parent":9,"menu_order":7,"comment_status":"closed","ping_status":"closed","template":"","meta":{"footnotes":""},"class_list":["post-135","page","type-page","status-publish","hentry"],"yoast_head":"<!-- This site is optimized with the Yoast SEO plugin v24.7 - https:\/\/yoast.com\/wordpress\/plugins\/seo\/ -->\n<title>K\u00fclastaja profiil - Tallinna Toidumess 2026<\/title>\n<meta name=\"robots\" content=\"index, follow, max-snippet:-1, max-image-preview:large, max-video-preview:-1\" \/>\n<link rel=\"canonical\" href=\"https:\/\/www.profexpo.ee\/foodfair\/eksponendile\/kulastaja-profiil\/\" \/>\n<script type=\"application\/ld+json\" class=\"yoast-schema-graph\">{\"@context\":\"https:\/\/schema.org\",\"@graph\":[{\"@type\":\"WebPage\",\"@id\":\"https:\/\/www.profexpo.ee\/foodfair\/eksponendile\/kulastaja-profiil\/\",\"url\":\"https:\/\/www.profexpo.ee\/foodfair\/eksponendile\/kulastaja-profiil\/\",\"name\":\"K\u00fclastaja profiil - Tallinna Toidumess 2026\",\"isPartOf\":{\"@id\":\"https:\/\/www.profexpo.ee\/foodfair\/#website\"},\"primaryImageOfPage\":{\"@id\":\"https:\/\/www.profexpo.ee\/foodfair\/eksponendile\/kulastaja-profiil\/#primaryimage\"},\"image\":{\"@id\":\"https:\/\/www.profexpo.ee\/foodfair\/eksponendile\/kulastaja-profiil\/#primaryimage\"},\"thumbnailUrl\":\"https:\/\/www.profexpo.ee\/foodfair\/wp-content\/uploads\/2026\/02\/shotby_marekmetslaid_MMP8253_2048-250x375.jpg\",\"datePublished\":\"2016-03-15T07:41:12+00:00\",\"dateModified\":\"2026-02-06T10:19:57+00:00\",\"breadcrumb\":{\"@id\":\"https:\/\/www.profexpo.ee\/foodfair\/eksponendile\/kulastaja-profiil\/#breadcrumb\"},\"inLanguage\":\"et\",\"potentialAction\":[{\"@type\":\"ReadAction\",\"target\":[\"https:\/\/www.profexpo.ee\/foodfair\/eksponendile\/kulastaja-profiil\/\"]}]},{\"@type\":\"ImageObject\",\"inLanguage\":\"et\",\"@id\":\"https:\/\/www.profexpo.ee\/foodfair\/eksponendile\/kulastaja-profiil\/#primaryimage\",\"url\":\"https:\/\/www.profexpo.ee\/foodfair\/wp-content\/uploads\/2026\/02\/shotby_marekmetslaid_MMP8253_2048.jpg\",\"contentUrl\":\"https:\/\/www.profexpo.ee\/foodfair\/wp-content\/uploads\/2026\/02\/shotby_marekmetslaid_MMP8253_2048.jpg\",\"width\":1365,\"height\":2048},{\"@type\":\"BreadcrumbList\",\"@id\":\"https:\/\/www.profexpo.ee\/foodfair\/eksponendile\/kulastaja-profiil\/#breadcrumb\",\"itemListElement\":[{\"@type\":\"ListItem\",\"position\":1,\"name\":\"Home\",\"item\":\"https:\/\/www.profexpo.ee\/foodfair\/\"},{\"@type\":\"ListItem\",\"position\":2,\"name\":\"Eksponendile\",\"item\":\"https:\/\/www.profexpo.ee\/foodfair\/eksponendile\/\"},{\"@type\":\"ListItem\",\"position\":3,\"name\":\"K\u00fclastaja profiil\"}]},{\"@type\":\"WebSite\",\"@id\":\"https:\/\/www.profexpo.ee\/foodfair\/#website\",\"url\":\"https:\/\/www.profexpo.ee\/foodfair\/\",\"name\":\"Tallinn FoodFair\",\"description\":\"Tallinna Toidumess 2026\",\"alternateName\":\"sdaf\",\"potentialAction\":[{\"@type\":\"SearchAction\",\"target\":{\"@type\":\"EntryPoint\",\"urlTemplate\":\"https:\/\/www.profexpo.ee\/foodfair\/?s={search_term_string}\"},\"query-input\":{\"@type\":\"PropertyValueSpecification\",\"valueRequired\":true,\"valueName\":\"search_term_string\"}}],\"inLanguage\":\"et\"}]}<\/script>\n<!-- \/ Yoast SEO plugin. -->","yoast_head_json":{"title":"K\u00fclastaja profiil - Tallinna Toidumess 2026","robots":{"index":"index","follow":"follow","max-snippet":"max-snippet:-1","max-image-preview":"max-image-preview:large","max-video-preview":"max-video-preview:-1"},"canonical":"https:\/\/www.profexpo.ee\/foodfair\/eksponendile\/kulastaja-profiil\/","schema":{"@context":"https:\/\/schema.org","@graph":[{"@type":"WebPage","@id":"https:\/\/www.profexpo.ee\/foodfair\/eksponendile\/kulastaja-profiil\/","url":"https:\/\/www.profexpo.ee\/foodfair\/eksponendile\/kulastaja-profiil\/","name":"K\u00fclastaja profiil - Tallinna Toidumess 2026","isPartOf":{"@id":"https:\/\/www.profexpo.ee\/foodfair\/#website"},"primaryImageOfPage":{"@id":"https:\/\/www.profexpo.ee\/foodfair\/eksponendile\/kulastaja-profiil\/#primaryimage"},"image":{"@id":"https:\/\/www.profexpo.ee\/foodfair\/eksponendile\/kulastaja-profiil\/#primaryimage"},"thumbnailUrl":"https:\/\/www.profexpo.ee\/foodfair\/wp-content\/uploads\/2026\/02\/shotby_marekmetslaid_MMP8253_2048-250x375.jpg","datePublished":"2016-03-15T07:41:12+00:00","dateModified":"2026-02-06T10:19:57+00:00","breadcrumb":{"@id":"https:\/\/www.profexpo.ee\/foodfair\/eksponendile\/kulastaja-profiil\/#breadcrumb"},"inLanguage":"et","potentialAction":[{"@type":"ReadAction","target":["https:\/\/www.profexpo.ee\/foodfair\/eksponendile\/kulastaja-profiil\/"]}]},{"@type":"ImageObject","inLanguage":"et","@id":"https:\/\/www.profexpo.ee\/foodfair\/eksponendile\/kulastaja-profiil\/#primaryimage","url":"https:\/\/www.profexpo.ee\/foodfair\/wp-content\/uploads\/2026\/02\/shotby_marekmetslaid_MMP8253_2048.jpg","contentUrl":"https:\/\/www.profexpo.ee\/foodfair\/wp-content\/uploads\/2026\/02\/shotby_marekmetslaid_MMP8253_2048.jpg","width":1365,"height":2048},{"@type":"BreadcrumbList","@id":"https:\/\/www.profexpo.ee\/foodfair\/eksponendile\/kulastaja-profiil\/#breadcrumb","itemListElement":[{"@type":"ListItem","position":1,"name":"Home","item":"https:\/\/www.profexpo.ee\/foodfair\/"},{"@type":"ListItem","position":2,"name":"Eksponendile","item":"https:\/\/www.profexpo.ee\/foodfair\/eksponendile\/"},{"@type":"ListItem","position":3,"name":"K\u00fclastaja profiil"}]},{"@type":"WebSite","@id":"https:\/\/www.profexpo.ee\/foodfair\/#website","url":"https:\/\/www.profexpo.ee\/foodfair\/","name":"Tallinn FoodFair","description":"Tallinna Toidumess 2026","alternateName":"sdaf","potentialAction":[{"@type":"SearchAction","target":{"@type":"EntryPoint","urlTemplate":"https:\/\/www.profexpo.ee\/foodfair\/?s={search_term_string}"},"query-input":{"@type":"PropertyValueSpecification","valueRequired":true,"valueName":"search_term_string"}}],"inLanguage":"et"}]}},"_links":{"self":[{"href":"https:\/\/www.profexpo.ee\/foodfair\/wp-json\/wp\/v2\/pages\/135","targetHints":{"allow":["GET"]}}],"collection":[{"href":"https:\/\/www.profexpo.ee\/foodfair\/wp-json\/wp\/v2\/pages"}],"about":[{"href":"https:\/\/www.profexpo.ee\/foodfair\/wp-json\/wp\/v2\/types\/page"}],"author":[{"embeddable":true,"href":"https:\/\/www.profexpo.ee\/foodfair\/wp-json\/wp\/v2\/users\/3"}],"replies":[{"embeddable":true,"href":"https:\/\/www.profexpo.ee\/foodfair\/wp-json\/wp\/v2\/comments?post=135"}],"version-history":[{"count":5,"href":"https:\/\/www.profexpo.ee\/foodfair\/wp-json\/wp\/v2\/pages\/135\/revisions"}],"predecessor-version":[{"id":19307,"href":"https:\/\/www.profexpo.ee\/foodfair\/wp-json\/wp\/v2\/pages\/135\/revisions\/19307"}],"up":[{"embeddable":true,"href":"https:\/\/www.profexpo.ee\/foodfair\/wp-json\/wp\/v2\/pages\/9"}],"wp:attachment":[{"href":"https:\/\/www.profexpo.ee\/foodfair\/wp-json\/wp\/v2\/media?parent=135"}],"curies":[{"name":"wp","href":"https:\/\/api.w.org\/{rel}","templated":true}]}}