{"id":164,"date":"2016-03-15T14:11:33","date_gmt":"2016-03-15T12:11:33","guid":{"rendered":"http:\/\/www.profexpo.ee\/foodfair\/?page_id=164"},"modified":"2025-11-03T12:39:25","modified_gmt":"2025-11-03T10:39:25","slug":"mis-kus-millal","status":"publish","type":"page","link":"https:\/\/www.profexpo.ee\/foodfair\/kulastajale\/mis-kus-millal\/","title":{"rendered":"Mis, kus, millal?!"},"content":{"rendered":"<h1><strong>Mis, kus, millal?! Tallinna Toidumessi 2026 k\u00fclastajainfo<\/strong><\/h1>\n<h3><strong>Toimumiskoht<\/strong><\/h3>\n<p>Unibet Arena<br \/>\nPaldiski mnt 104 B, Tallinn<\/p>\n<h3><strong>Avatud \u00e4rik\u00fclastajatele<\/strong><\/h3>\n<p>Kolmap\u00e4eval, 23. septembril kell 10\u201318<br \/>\nNeljap\u00e4eval, 24. septembril kell 10\u201317<\/p>\n<h3><strong>Sissep\u00e4\u00e4s<\/strong><\/h3>\n<p>Messile p\u00e4\u00e4seb kutsega, mille alusel registreeritud k\u00fclastaja saab \u00f5iguse \u00fchekordseks messik\u00fclastuseks. Messile p\u00e4\u00e4seb alates 18. eluaastast. Kutseid v\u00e4ljastavad eksponendid.<br \/>\nMessile p\u00e4\u00e4sevad erialak\u00fclastajad, toiduvaldkonna spetsialistid toitlustuse, majutuse, jae- ja hulgikaubanduse, tootmise, pakendi, IT, seadmete ja vahetult teenuseid pakkuvatelt sidusaladelt.<\/p>\n<p>Mess ei ole avatud l\u00f5pptarbijatele.<br \/>\nLemmiklooma(de)ga ei ole v\u00f5imalik messile p\u00e4\u00e4seda.<\/p>\n<h3><strong>Kuidas kohale j\u00f5uda<\/strong><\/h3>\n<p>Otse Unibet Arena ees asuvasse Haabersti peatusesse toovad soovijaid ka \u00fchistranspordivahendid. Regulaarselt liiguvad kesklinnast hallini bussid nr 22, 42, 46 (Estonia) ja 8, 41, 41B 43 (Balti jaam). Vaata s\u00f5iduplaani siit: <a href=\"https:\/\/transport.tallinn.ee\/\">https:\/\/transport.tallinn.ee\/<\/a><\/p>\n<p>Takso kesklinnast v\u00f5i kesklinna maksab hinnanguliselt 15 \u20ac, sadamast 15 \u20ac, Tallinna lennujaamast 20 \u20ac.<\/p>\n<h3><strong>Parkimine<\/strong><\/h3>\n<p>Messi k\u00fclastajad saavad parkida Unibet Arena mitmetes \u00fcmbruses asuvates parklates. L\u00e4himad parkimisalad on enamuses tasuta, m\u00f5ned tasulised (alates 6 \u20ac\/24h). Vaata ajakohast parkimistasu ka <a href=\"https:\/\/avalikudteenused.ee\/\">SIIT<\/a>. Parklatel on erinevad haldajad, kelle reeglid on m\u00e4rgitud parklasse sisse s\u00f5itudel.<\/p>\n<p><a href=\"https:\/\/www.profexpo.ee\/foodfair\/wp-content\/uploads\/2025\/06\/Unibet-Arena-Tallinn_foodfair-kulastajatele-parkimise-skeem.png\"><img loading=\"lazy\" decoding=\"async\" class=\"alignnone wp-image-17743 size-large\" src=\"https:\/\/www.profexpo.ee\/foodfair\/wp-content\/uploads\/2025\/06\/Unibet-Arena-Tallinn_foodfair-kulastajatele-parkimise-skeem-700x495.png\" alt=\"\" width=\"700\" height=\"495\" srcset=\"https:\/\/www.profexpo.ee\/foodfair\/wp-content\/uploads\/2025\/06\/Unibet-Arena-Tallinn_foodfair-kulastajatele-parkimise-skeem-700x495.png 700w, https:\/\/www.profexpo.ee\/foodfair\/wp-content\/uploads\/2025\/06\/Unibet-Arena-Tallinn_foodfair-kulastajatele-parkimise-skeem-250x177.png 250w, https:\/\/www.profexpo.ee\/foodfair\/wp-content\/uploads\/2025\/06\/Unibet-Arena-Tallinn_foodfair-kulastajatele-parkimise-skeem-768x543.png 768w, https:\/\/www.profexpo.ee\/foodfair\/wp-content\/uploads\/2025\/06\/Unibet-Arena-Tallinn_foodfair-kulastajatele-parkimise-skeem-1536x1087.png 1536w, https:\/\/www.profexpo.ee\/foodfair\/wp-content\/uploads\/2025\/06\/Unibet-Arena-Tallinn_foodfair-kulastajatele-parkimise-skeem-450x318.png 450w, https:\/\/www.profexpo.ee\/foodfair\/wp-content\/uploads\/2025\/06\/Unibet-Arena-Tallinn_foodfair-kulastajatele-parkimise-skeem-900x637.png 900w, https:\/\/www.profexpo.ee\/foodfair\/wp-content\/uploads\/2025\/06\/Unibet-Arena-Tallinn_foodfair-kulastajatele-parkimise-skeem-120x85.png 120w, https:\/\/www.profexpo.ee\/foodfair\/wp-content\/uploads\/2025\/06\/Unibet-Arena-Tallinn_foodfair-kulastajatele-parkimise-skeem.png 1754w\" sizes=\"(max-width: 700px) 100vw, 700px\" \/><\/a><\/p>\n<h3><strong>Messi kataloog<\/strong><\/h3>\n<p>TTM kataloogi jagatakse messil tasuta.<\/p>\n<h3><strong>WIFI<\/strong><\/h3>\n<p>Unibet Arenal on tasuta wifi.<\/p>\n<h3><strong>Garderoob<\/strong><\/h3>\n<p>Teie mugavamaks messik\u00fclastuse nautimiseks on fuajees garderoob ning pakihoid. Teenuse hind on 2 \u20ac, tasumine nii sularahas kui kaardiga.<\/p>\n","protected":false},"excerpt":{"rendered":"Mis, kus, millal?! Tallinna Toidumessi 2026 k\u00fclastajainfo Toimumiskoht Unibet Arena Paldiski mnt 104 B, Tallinn Avatud \u00e4rik\u00fclastajatele Kolmap\u00e4eval, 23. septembril kell 10\u201318 Neljap\u00e4eval, 24. septembril kell 10\u201317 Sissep\u00e4\u00e4s Messile p\u00e4\u00e4seb kutsega, mille alusel registreeritud k\u00fclastaja saab \u00f5iguse \u00fchekordseks messik\u00fclastuseks. Messile p\u00e4\u00e4seb alates 18. eluaastast. Kutseid v\u00e4ljastavad eksponendid. Messile p\u00e4\u00e4sevad erialak\u00fclastajad, toiduvaldkonna spetsialistid toitlustuse, majutuse, jae-&#8230; <a class=\"view-article\" href=\"https:\/\/www.profexpo.ee\/foodfair\/kulastajale\/mis-kus-millal\/\">Loe edasi<\/a>","protected":false},"author":3,"featured_media":0,"parent":11,"menu_order":2,"comment_status":"closed","ping_status":"closed","template":"","meta":{"footnotes":""},"class_list":["post-164","page","type-page","status-publish","hentry"],"yoast_head":"<!-- This site is optimized with the Yoast SEO plugin v24.7 - https:\/\/yoast.com\/wordpress\/plugins\/seo\/ -->\n<title>Mis, kus, millal?! - Tallinna Toidumess 2026<\/title>\n<meta name=\"robots\" content=\"index, follow, max-snippet:-1, max-image-preview:large, max-video-preview:-1\" \/>\n<link rel=\"canonical\" href=\"https:\/\/www.profexpo.ee\/foodfair\/kulastajale\/mis-kus-millal\/\" \/>\n<script type=\"application\/ld+json\" class=\"yoast-schema-graph\">{\"@context\":\"https:\/\/schema.org\",\"@graph\":[{\"@type\":\"WebPage\",\"@id\":\"https:\/\/www.profexpo.ee\/foodfair\/kulastajale\/mis-kus-millal\/\",\"url\":\"https:\/\/www.profexpo.ee\/foodfair\/kulastajale\/mis-kus-millal\/\",\"name\":\"Mis, kus, millal?! - Tallinna Toidumess 2026\",\"isPartOf\":{\"@id\":\"https:\/\/www.profexpo.ee\/foodfair\/#website\"},\"primaryImageOfPage\":{\"@id\":\"https:\/\/www.profexpo.ee\/foodfair\/kulastajale\/mis-kus-millal\/#primaryimage\"},\"image\":{\"@id\":\"https:\/\/www.profexpo.ee\/foodfair\/kulastajale\/mis-kus-millal\/#primaryimage\"},\"thumbnailUrl\":\"https:\/\/www.profexpo.ee\/foodfair\/wp-content\/uploads\/2025\/06\/Unibet-Arena-Tallinn_foodfair-kulastajatele-parkimise-skeem-700x495.png\",\"datePublished\":\"2016-03-15T12:11:33+00:00\",\"dateModified\":\"2025-11-03T10:39:25+00:00\",\"breadcrumb\":{\"@id\":\"https:\/\/www.profexpo.ee\/foodfair\/kulastajale\/mis-kus-millal\/#breadcrumb\"},\"inLanguage\":\"et\",\"potentialAction\":[{\"@type\":\"ReadAction\",\"target\":[\"https:\/\/www.profexpo.ee\/foodfair\/kulastajale\/mis-kus-millal\/\"]}]},{\"@type\":\"ImageObject\",\"inLanguage\":\"et\",\"@id\":\"https:\/\/www.profexpo.ee\/foodfair\/kulastajale\/mis-kus-millal\/#primaryimage\",\"url\":\"https:\/\/www.profexpo.ee\/foodfair\/wp-content\/uploads\/2025\/06\/Unibet-Arena-Tallinn_foodfair-kulastajatele-parkimise-skeem.png\",\"contentUrl\":\"https:\/\/www.profexpo.ee\/foodfair\/wp-content\/uploads\/2025\/06\/Unibet-Arena-Tallinn_foodfair-kulastajatele-parkimise-skeem.png\",\"width\":1754,\"height\":1241},{\"@type\":\"BreadcrumbList\",\"@id\":\"https:\/\/www.profexpo.ee\/foodfair\/kulastajale\/mis-kus-millal\/#breadcrumb\",\"itemListElement\":[{\"@type\":\"ListItem\",\"position\":1,\"name\":\"Home\",\"item\":\"https:\/\/www.profexpo.ee\/foodfair\/\"},{\"@type\":\"ListItem\",\"position\":2,\"name\":\"K\u00fclastajale\",\"item\":\"https:\/\/www.profexpo.ee\/foodfair\/kulastajale\/\"},{\"@type\":\"ListItem\",\"position\":3,\"name\":\"Mis, kus, millal?!\"}]},{\"@type\":\"WebSite\",\"@id\":\"https:\/\/www.profexpo.ee\/foodfair\/#website\",\"url\":\"https:\/\/www.profexpo.ee\/foodfair\/\",\"name\":\"Tallinn FoodFair\",\"description\":\"Tallinna Toidumess 2026\",\"alternateName\":\"sdaf\",\"potentialAction\":[{\"@type\":\"SearchAction\",\"target\":{\"@type\":\"EntryPoint\",\"urlTemplate\":\"https:\/\/www.profexpo.ee\/foodfair\/?s={search_term_string}\"},\"query-input\":{\"@type\":\"PropertyValueSpecification\",\"valueRequired\":true,\"valueName\":\"search_term_string\"}}],\"inLanguage\":\"et\"}]}<\/script>\n<!-- \/ Yoast SEO plugin. -->","yoast_head_json":{"title":"Mis, kus, millal?! - Tallinna Toidumess 2026","robots":{"index":"index","follow":"follow","max-snippet":"max-snippet:-1","max-image-preview":"max-image-preview:large","max-video-preview":"max-video-preview:-1"},"canonical":"https:\/\/www.profexpo.ee\/foodfair\/kulastajale\/mis-kus-millal\/","schema":{"@context":"https:\/\/schema.org","@graph":[{"@type":"WebPage","@id":"https:\/\/www.profexpo.ee\/foodfair\/kulastajale\/mis-kus-millal\/","url":"https:\/\/www.profexpo.ee\/foodfair\/kulastajale\/mis-kus-millal\/","name":"Mis, kus, millal?! - Tallinna Toidumess 2026","isPartOf":{"@id":"https:\/\/www.profexpo.ee\/foodfair\/#website"},"primaryImageOfPage":{"@id":"https:\/\/www.profexpo.ee\/foodfair\/kulastajale\/mis-kus-millal\/#primaryimage"},"image":{"@id":"https:\/\/www.profexpo.ee\/foodfair\/kulastajale\/mis-kus-millal\/#primaryimage"},"thumbnailUrl":"https:\/\/www.profexpo.ee\/foodfair\/wp-content\/uploads\/2025\/06\/Unibet-Arena-Tallinn_foodfair-kulastajatele-parkimise-skeem-700x495.png","datePublished":"2016-03-15T12:11:33+00:00","dateModified":"2025-11-03T10:39:25+00:00","breadcrumb":{"@id":"https:\/\/www.profexpo.ee\/foodfair\/kulastajale\/mis-kus-millal\/#breadcrumb"},"inLanguage":"et","potentialAction":[{"@type":"ReadAction","target":["https:\/\/www.profexpo.ee\/foodfair\/kulastajale\/mis-kus-millal\/"]}]},{"@type":"ImageObject","inLanguage":"et","@id":"https:\/\/www.profexpo.ee\/foodfair\/kulastajale\/mis-kus-millal\/#primaryimage","url":"https:\/\/www.profexpo.ee\/foodfair\/wp-content\/uploads\/2025\/06\/Unibet-Arena-Tallinn_foodfair-kulastajatele-parkimise-skeem.png","contentUrl":"https:\/\/www.profexpo.ee\/foodfair\/wp-content\/uploads\/2025\/06\/Unibet-Arena-Tallinn_foodfair-kulastajatele-parkimise-skeem.png","width":1754,"height":1241},{"@type":"BreadcrumbList","@id":"https:\/\/www.profexpo.ee\/foodfair\/kulastajale\/mis-kus-millal\/#breadcrumb","itemListElement":[{"@type":"ListItem","position":1,"name":"Home","item":"https:\/\/www.profexpo.ee\/foodfair\/"},{"@type":"ListItem","position":2,"name":"K\u00fclastajale","item":"https:\/\/www.profexpo.ee\/foodfair\/kulastajale\/"},{"@type":"ListItem","position":3,"name":"Mis, kus, millal?!"}]},{"@type":"WebSite","@id":"https:\/\/www.profexpo.ee\/foodfair\/#website","url":"https:\/\/www.profexpo.ee\/foodfair\/","name":"Tallinn FoodFair","description":"Tallinna Toidumess 2026","alternateName":"sdaf","potentialAction":[{"@type":"SearchAction","target":{"@type":"EntryPoint","urlTemplate":"https:\/\/www.profexpo.ee\/foodfair\/?s={search_term_string}"},"query-input":{"@type":"PropertyValueSpecification","valueRequired":true,"valueName":"search_term_string"}}],"inLanguage":"et"}]}},"_links":{"self":[{"href":"https:\/\/www.profexpo.ee\/foodfair\/wp-json\/wp\/v2\/pages\/164","targetHints":{"allow":["GET"]}}],"collection":[{"href":"https:\/\/www.profexpo.ee\/foodfair\/wp-json\/wp\/v2\/pages"}],"about":[{"href":"https:\/\/www.profexpo.ee\/foodfair\/wp-json\/wp\/v2\/types\/page"}],"author":[{"embeddable":true,"href":"https:\/\/www.profexpo.ee\/foodfair\/wp-json\/wp\/v2\/users\/3"}],"replies":[{"embeddable":true,"href":"https:\/\/www.profexpo.ee\/foodfair\/wp-json\/wp\/v2\/comments?post=164"}],"version-history":[{"count":5,"href":"https:\/\/www.profexpo.ee\/foodfair\/wp-json\/wp\/v2\/pages\/164\/revisions"}],"predecessor-version":[{"id":19177,"href":"https:\/\/www.profexpo.ee\/foodfair\/wp-json\/wp\/v2\/pages\/164\/revisions\/19177"}],"up":[{"embeddable":true,"href":"https:\/\/www.profexpo.ee\/foodfair\/wp-json\/wp\/v2\/pages\/11"}],"wp:attachment":[{"href":"https:\/\/www.profexpo.ee\/foodfair\/wp-json\/wp\/v2\/media?parent=164"}],"curies":[{"name":"wp","href":"https:\/\/api.w.org\/{rel}","templated":true}]}}