{"id":52,"date":"2015-09-16T11:34:29","date_gmt":"2015-09-16T08:34:29","guid":{"rendered":"http:\/\/www.profexpo.ee\/foodfair\/?page_id=52"},"modified":"2026-02-05T11:53:19","modified_gmt":"2026-02-05T09:53:19","slug":"hinnakiri","status":"publish","type":"page","link":"https:\/\/www.profexpo.ee\/foodfair\/eksponendile\/hinnakiri\/","title":{"rendered":"Osalemistasud"},"content":{"rendered":"<h1><strong>Tallinna Toidumessi osalemistasud<\/strong><\/h1>\n<p><strong>Registreerimistasu<\/strong><\/p>\n<p>Iga eksponent tasub registreerimistasu 345 \u20ac. <strong><span style=\"color: #f3b4cf;\">Soodushind 235 \u20ac kehtib kuni 30.04.<\/span><\/strong><br \/>\nSamal stendil osaleva kaaseksponendi registreerimistasu on 235 \u20ac.<br \/>\nEksponent vastutab kaaseksponentide registreerimise, osalemistingimuste t\u00e4itmise ja arvete tasumise eest.<\/p>\n<p><strong>Registreerimistasu sisaldab:<\/strong><\/p>\n<ul>\n<li>Messi kutsed 4 tk renditud pinna m\u00b2 kohta<\/li>\n<li>Info esitamine messi kodulehel (\u00fcldised kontaktandmed ja tootegruppide loetelu)<\/li>\n<li>Info messi tr\u00fckikataloogis (tr\u00fckikataloogis &#8211; \u00fcldised kontaktandmed ja tootegruppide loetelu)<\/li>\n<li>Konsultatsioonid messiteenuste alal<\/li>\n<li>Eksponendi- ja ehitajakaardid<\/li>\n<li>Reklaam vastavalt meediaprogrammile<\/li>\n<li>Messi eksponentide \u00fcritused<\/li>\n<\/ul>\n<p><strong>Puhta pinna \u00fc\u00fcr 121 \u20ac\/m\u00b2.<\/strong><\/p>\n<p>\u00dc\u00fcrides puhta pinna j\u00e4tab see eksponendile v\u00f5imaluse olla loov ja oman\u00e4oline. Kogu vajamineva stendiehituse, sh seinad, vaiba, valgustid, m\u00f6\u00f6bli jms v\u00f5ib tuua ise v\u00f5i tellida messi korraldajalt. Puhta pinna soovitame valida suurema stendi puhul (20+ m\u00b2).<\/p>\n<p><strong>Standardstendide hinnad, \u20ac<br \/>\n<\/strong><\/p>\n<p><strong><a href=\"https:\/\/www.profexpo.ee\/foodfair\/wp-content\/uploads\/2025\/05\/Toidumessi-stendid-450x720-1.jpg\"><img loading=\"lazy\" decoding=\"async\" class=\"wp-image-17645 alignright\" src=\"https:\/\/www.profexpo.ee\/foodfair\/wp-content\/uploads\/2025\/05\/Toidumessi-stendid-450x720-1.jpg\" alt=\"\" width=\"318\" height=\"509\" srcset=\"https:\/\/www.profexpo.ee\/foodfair\/wp-content\/uploads\/2025\/05\/Toidumessi-stendid-450x720-1.jpg 450w, https:\/\/www.profexpo.ee\/foodfair\/wp-content\/uploads\/2025\/05\/Toidumessi-stendid-450x720-1-250x400.jpg 250w, https:\/\/www.profexpo.ee\/foodfair\/wp-content\/uploads\/2025\/05\/Toidumessi-stendid-450x720-1-120x192.jpg 120w\" sizes=\"(max-width: 318px) 100vw, 318px\" \/><\/a><\/strong><\/p>\n<table style=\"height: 237px; width: 27.8395%;\" width=\"239\">\n<tbody>\n<tr>\n<td style=\"text-align: left; width: 26.1577%;\"><strong>Stend<\/strong><\/td>\n<td style=\"text-align: right; width: 51.047%;\"><span style=\"color: #f3b4cf;\"><strong>Soodushind kuni 30.04, \u20ac<\/strong><\/span><\/td>\n<td style=\"text-align: right; width: 44.4524%;\"><strong>\u20ac<\/strong><\/td>\n<\/tr>\n<tr>\n<td style=\"text-align: left; width: 26.1577%;\">6 m\u00b2<\/td>\n<td style=\"text-align: right; width: 51.047%;\"><span style=\"color: #f3b4cf;\">835<\/span><\/td>\n<td style=\"text-align: right; width: 44.4524%;\">940<\/td>\n<\/tr>\n<tr>\n<td style=\"text-align: left; width: 26.1577%;\">8 m\u00b2<\/td>\n<td style=\"text-align: right; width: 51.047%;\"><span style=\"color: #f3b4cf;\">1 095<\/span><\/td>\n<td style=\"text-align: right; width: 44.4524%;\">1 220<\/td>\n<\/tr>\n<tr>\n<td style=\"text-align: left; width: 26.1577%;\">9 m\u00b2<\/td>\n<td style=\"text-align: right; width: 51.047%;\"><span style=\"color: #f3b4cf;\">1 190<\/span><\/td>\n<td style=\"text-align: right; width: 44.4524%;\">1 320<\/td>\n<\/tr>\n<tr>\n<td style=\"text-align: left; width: 26.1577%;\">10 m\u00b2<\/td>\n<td style=\"text-align: right; width: 51.047%;\"><span style=\"color: #f3b4cf;\">1 315<\/span><\/td>\n<td style=\"text-align: right; width: 44.4524%;\">1 460<\/td>\n<\/tr>\n<tr>\n<td style=\"text-align: left; width: 26.1577%;\">12 m\u00b2<\/td>\n<td style=\"text-align: right; width: 51.047%;\"><span style=\"color: #f3b4cf;\">1 520<\/span><\/td>\n<td style=\"text-align: right; width: 44.4524%;\">1 695<\/td>\n<\/tr>\n<tr>\n<td style=\"width: 26.1577%;\">15 m\u00b2<\/td>\n<td style=\"text-align: right; width: 51.047%;\"><span style=\"color: #f3b4cf;\">1 885<\/span><\/td>\n<td style=\"text-align: right; width: 44.4524%;\">2 090<\/td>\n<\/tr>\n<tr>\n<td style=\"width: 26.1577%;\">18 m\u00b2<\/td>\n<td style=\"text-align: right; width: 51.047%;\"><span style=\"color: #f3b4cf;\">2 200<\/span><\/td>\n<td style=\"text-align: right; width: 44.4524%;\">2 440<\/td>\n<\/tr>\n<tr>\n<td style=\"width: 26.1577%;\"><\/td>\n<td style=\"text-align: right; width: 51.047%;\"><\/td>\n<td style=\"text-align: right; width: 44.4524%;\"><\/td>\n<\/tr>\n<\/tbody>\n<\/table>\n<p><strong>Standardstendi \u00fc\u00fcr sisaldab:<\/strong><\/p>\n<ul>\n<li>pinna \u00fc\u00fcri<\/li>\n<li>stendi valgeid taga- ja k\u00fclgseinu<\/li>\n<li>eksponendi nimega otsalauda (taust helekollane RGB 240, 236, 152, tekst roheline RGB 62, 173, 128)<\/li>\n<li>vaipkatet (tumehall, hall, tumesinine, helesinine, punane v\u00f5i roheline)<\/li>\n<li>kohtvalgusteid (1 tk \/ 3 m\u00b2 kohta), kinnitatud otsalauale pikemale avatud k\u00fcljele<\/li>\n<li>pistikut 4,5A 1kW ja elektritarbimist<\/li>\n<li>\u00fcldvalgustust<\/li>\n<li>stendidevaheliste pindade koristust<\/li>\n<li>stendi montaa\u017e ja demontaa\u017e<\/li>\n<li>messikeskuse \u00fcldvalvet<\/li>\n<\/ul>\n<p>K\u00f5ikidele hindadele lisandub k\u00e4ibemaks.<\/p>\n<p>Registreerimist\u00e4htaeg on 1. september 2026. Hilisemaid sooviavaldusi rahuldatakse v\u00f5imalike vabade pindade ja vajaliku tehnilise kindlustatuse puhul.<\/p>\n<h1><strong><a href=\"https:\/\/www.profexpo.ee\/foodfair\/eksponendile\/registreerimine\/\" target=\"_blank\" rel=\"noopener\">Registreeru<\/a> messile ja kohtu oma valdkonna professionaalidega!<\/strong><\/h1>\n","protected":false},"excerpt":{"rendered":"Tallinna Toidumessi osalemistasud Registreerimistasu Iga eksponent tasub registreerimistasu 345 \u20ac. Soodushind 235 \u20ac kehtib kuni 30.04. Samal stendil osaleva kaaseksponendi registreerimistasu on 235 \u20ac. Eksponent vastutab kaaseksponentide registreerimise, osalemistingimuste t\u00e4itmise ja arvete tasumise eest. Registreerimistasu sisaldab: Messi kutsed 4 tk renditud pinna m\u00b2 kohta Info esitamine messi kodulehel (\u00fcldised kontaktandmed ja tootegruppide loetelu) Info messi&#8230; <a class=\"view-article\" href=\"https:\/\/www.profexpo.ee\/foodfair\/eksponendile\/hinnakiri\/\">Loe edasi<\/a>","protected":false},"author":1,"featured_media":0,"parent":9,"menu_order":4,"comment_status":"closed","ping_status":"closed","template":"","meta":{"footnotes":""},"class_list":["post-52","page","type-page","status-publish","hentry"],"yoast_head":"<!-- This site is optimized with the Yoast SEO plugin v24.7 - https:\/\/yoast.com\/wordpress\/plugins\/seo\/ -->\n<title>Osalemistasud - Tallinna Toidumess 2026<\/title>\n<meta name=\"robots\" content=\"index, follow, max-snippet:-1, max-image-preview:large, max-video-preview:-1\" \/>\n<link rel=\"canonical\" href=\"https:\/\/www.profexpo.ee\/foodfair\/eksponendile\/hinnakiri\/\" \/>\n<script type=\"application\/ld+json\" class=\"yoast-schema-graph\">{\"@context\":\"https:\/\/schema.org\",\"@graph\":[{\"@type\":\"WebPage\",\"@id\":\"https:\/\/www.profexpo.ee\/foodfair\/eksponendile\/hinnakiri\/\",\"url\":\"https:\/\/www.profexpo.ee\/foodfair\/eksponendile\/hinnakiri\/\",\"name\":\"Osalemistasud - Tallinna Toidumess 2026\",\"isPartOf\":{\"@id\":\"https:\/\/www.profexpo.ee\/foodfair\/#website\"},\"primaryImageOfPage\":{\"@id\":\"https:\/\/www.profexpo.ee\/foodfair\/eksponendile\/hinnakiri\/#primaryimage\"},\"image\":{\"@id\":\"https:\/\/www.profexpo.ee\/foodfair\/eksponendile\/hinnakiri\/#primaryimage\"},\"thumbnailUrl\":\"https:\/\/www.profexpo.ee\/foodfair\/wp-content\/uploads\/2025\/05\/Toidumessi-stendid-450x720-1.jpg\",\"datePublished\":\"2015-09-16T08:34:29+00:00\",\"dateModified\":\"2026-02-05T09:53:19+00:00\",\"breadcrumb\":{\"@id\":\"https:\/\/www.profexpo.ee\/foodfair\/eksponendile\/hinnakiri\/#breadcrumb\"},\"inLanguage\":\"et\",\"potentialAction\":[{\"@type\":\"ReadAction\",\"target\":[\"https:\/\/www.profexpo.ee\/foodfair\/eksponendile\/hinnakiri\/\"]}]},{\"@type\":\"ImageObject\",\"inLanguage\":\"et\",\"@id\":\"https:\/\/www.profexpo.ee\/foodfair\/eksponendile\/hinnakiri\/#primaryimage\",\"url\":\"https:\/\/www.profexpo.ee\/foodfair\/wp-content\/uploads\/2025\/05\/Toidumessi-stendid-450x720-1.jpg\",\"contentUrl\":\"https:\/\/www.profexpo.ee\/foodfair\/wp-content\/uploads\/2025\/05\/Toidumessi-stendid-450x720-1.jpg\"},{\"@type\":\"BreadcrumbList\",\"@id\":\"https:\/\/www.profexpo.ee\/foodfair\/eksponendile\/hinnakiri\/#breadcrumb\",\"itemListElement\":[{\"@type\":\"ListItem\",\"position\":1,\"name\":\"Home\",\"item\":\"https:\/\/www.profexpo.ee\/foodfair\/\"},{\"@type\":\"ListItem\",\"position\":2,\"name\":\"Eksponendile\",\"item\":\"https:\/\/www.profexpo.ee\/foodfair\/eksponendile\/\"},{\"@type\":\"ListItem\",\"position\":3,\"name\":\"Osalemistasud\"}]},{\"@type\":\"WebSite\",\"@id\":\"https:\/\/www.profexpo.ee\/foodfair\/#website\",\"url\":\"https:\/\/www.profexpo.ee\/foodfair\/\",\"name\":\"Tallinn FoodFair\",\"description\":\"Tallinna Toidumess 2026\",\"alternateName\":\"sdaf\",\"potentialAction\":[{\"@type\":\"SearchAction\",\"target\":{\"@type\":\"EntryPoint\",\"urlTemplate\":\"https:\/\/www.profexpo.ee\/foodfair\/?s={search_term_string}\"},\"query-input\":{\"@type\":\"PropertyValueSpecification\",\"valueRequired\":true,\"valueName\":\"search_term_string\"}}],\"inLanguage\":\"et\"}]}<\/script>\n<!-- \/ Yoast SEO plugin. -->","yoast_head_json":{"title":"Osalemistasud - Tallinna Toidumess 2026","robots":{"index":"index","follow":"follow","max-snippet":"max-snippet:-1","max-image-preview":"max-image-preview:large","max-video-preview":"max-video-preview:-1"},"canonical":"https:\/\/www.profexpo.ee\/foodfair\/eksponendile\/hinnakiri\/","schema":{"@context":"https:\/\/schema.org","@graph":[{"@type":"WebPage","@id":"https:\/\/www.profexpo.ee\/foodfair\/eksponendile\/hinnakiri\/","url":"https:\/\/www.profexpo.ee\/foodfair\/eksponendile\/hinnakiri\/","name":"Osalemistasud - Tallinna Toidumess 2026","isPartOf":{"@id":"https:\/\/www.profexpo.ee\/foodfair\/#website"},"primaryImageOfPage":{"@id":"https:\/\/www.profexpo.ee\/foodfair\/eksponendile\/hinnakiri\/#primaryimage"},"image":{"@id":"https:\/\/www.profexpo.ee\/foodfair\/eksponendile\/hinnakiri\/#primaryimage"},"thumbnailUrl":"https:\/\/www.profexpo.ee\/foodfair\/wp-content\/uploads\/2025\/05\/Toidumessi-stendid-450x720-1.jpg","datePublished":"2015-09-16T08:34:29+00:00","dateModified":"2026-02-05T09:53:19+00:00","breadcrumb":{"@id":"https:\/\/www.profexpo.ee\/foodfair\/eksponendile\/hinnakiri\/#breadcrumb"},"inLanguage":"et","potentialAction":[{"@type":"ReadAction","target":["https:\/\/www.profexpo.ee\/foodfair\/eksponendile\/hinnakiri\/"]}]},{"@type":"ImageObject","inLanguage":"et","@id":"https:\/\/www.profexpo.ee\/foodfair\/eksponendile\/hinnakiri\/#primaryimage","url":"https:\/\/www.profexpo.ee\/foodfair\/wp-content\/uploads\/2025\/05\/Toidumessi-stendid-450x720-1.jpg","contentUrl":"https:\/\/www.profexpo.ee\/foodfair\/wp-content\/uploads\/2025\/05\/Toidumessi-stendid-450x720-1.jpg"},{"@type":"BreadcrumbList","@id":"https:\/\/www.profexpo.ee\/foodfair\/eksponendile\/hinnakiri\/#breadcrumb","itemListElement":[{"@type":"ListItem","position":1,"name":"Home","item":"https:\/\/www.profexpo.ee\/foodfair\/"},{"@type":"ListItem","position":2,"name":"Eksponendile","item":"https:\/\/www.profexpo.ee\/foodfair\/eksponendile\/"},{"@type":"ListItem","position":3,"name":"Osalemistasud"}]},{"@type":"WebSite","@id":"https:\/\/www.profexpo.ee\/foodfair\/#website","url":"https:\/\/www.profexpo.ee\/foodfair\/","name":"Tallinn FoodFair","description":"Tallinna Toidumess 2026","alternateName":"sdaf","potentialAction":[{"@type":"SearchAction","target":{"@type":"EntryPoint","urlTemplate":"https:\/\/www.profexpo.ee\/foodfair\/?s={search_term_string}"},"query-input":{"@type":"PropertyValueSpecification","valueRequired":true,"valueName":"search_term_string"}}],"inLanguage":"et"}]}},"_links":{"self":[{"href":"https:\/\/www.profexpo.ee\/foodfair\/wp-json\/wp\/v2\/pages\/52","targetHints":{"allow":["GET"]}}],"collection":[{"href":"https:\/\/www.profexpo.ee\/foodfair\/wp-json\/wp\/v2\/pages"}],"about":[{"href":"https:\/\/www.profexpo.ee\/foodfair\/wp-json\/wp\/v2\/types\/page"}],"author":[{"embeddable":true,"href":"https:\/\/www.profexpo.ee\/foodfair\/wp-json\/wp\/v2\/users\/1"}],"replies":[{"embeddable":true,"href":"https:\/\/www.profexpo.ee\/foodfair\/wp-json\/wp\/v2\/comments?post=52"}],"version-history":[{"count":5,"href":"https:\/\/www.profexpo.ee\/foodfair\/wp-json\/wp\/v2\/pages\/52\/revisions"}],"predecessor-version":[{"id":19271,"href":"https:\/\/www.profexpo.ee\/foodfair\/wp-json\/wp\/v2\/pages\/52\/revisions\/19271"}],"up":[{"embeddable":true,"href":"https:\/\/www.profexpo.ee\/foodfair\/wp-json\/wp\/v2\/pages\/9"}],"wp:attachment":[{"href":"https:\/\/www.profexpo.ee\/foodfair\/wp-json\/wp\/v2\/media?parent=52"}],"curies":[{"name":"wp","href":"https:\/\/api.w.org\/{rel}","templated":true}]}}