{"id":58,"date":"2015-09-16T11:35:26","date_gmt":"2015-09-16T08:35:26","guid":{"rendered":"http:\/\/www.profexpo.ee\/foodfair\/?page_id=58"},"modified":"2025-06-26T15:46:55","modified_gmt":"2025-06-26T12:46:55","slug":"kkk","status":"publish","type":"page","link":"https:\/\/www.profexpo.ee\/foodfair\/eksponendile\/kkk\/","title":{"rendered":"KKK"},"content":{"rendered":"<h1><strong>Korduma kippuvad k\u00fcsimused toidumessi kohta<\/strong><\/h1>\n<p><strong>Mis on t\u00fchja stendi, puhta pinna \u00fc\u00fcri hinnas?<br \/>\n<\/strong>T\u00fchja stendi hinna sisse kuulub ainult messi pinna \u00fc\u00fcr vastavalt tellitud ruutmeetrite arvule. Hinnas ei ole stendi seinu, vaipkatet, valgusteid, elektrit, inventari jms. Puhta pinna rentimine v\u00f5imaldab eksponendil ise sisustada ja kujundada messi stendi vastavalt oma soovidele. Ehitusteenuse v\u00f5ib tellida korraldajalt v\u00f5i oma stendiehitajalt.<\/p>\n<p><strong>Mis kuulub standardstendi hinda?<br \/>\n<\/strong>Standardstendi hinda kuuluvad pinna \u00fc\u00fcr, stendi valged taga- ja k\u00fclgseinad, eksponendi nimega otsalaud, vaipkate (tumehall, hall, tumesinine, helesinine, punane, roheline), kohtvalgustid (1 tk \/ 3m\u00b2 kohta), kinnitatud otsalauale pikemale avatud k\u00fcljele, pistik 4,5A 1kW ja elektritarbimine, \u00fcldvalgustus, stendi avamise-eelne \u00fchekordne koristus, stendidevaheline pinna koristus, stendi montaa\u017e ja demontaa\u017e, messikeskuse \u00fcldvalve.<br \/>\nHinna sisse ei kuulu inventar. V\u00f5imalus on tellida inventari teenuste kataloogist v\u00f5i tuua soovitud vahendid ise kohale.<\/p>\n<p><strong>Kas on v\u00f5imalik rentida konverentsiruume?<br \/>\n<\/strong>Konverentsiruumide rentimine on v\u00f5imalik. Palun anda oma soovist aegsasti m\u00e4rku, kuna ruumidele v\u00f5ivad tulla ka teised broneeringud.<\/p>\n<p><strong>Kas messil v\u00f5ib grillida v\u00f5i lahtist leeki kasutada?<br \/>\n<\/strong>Ei, need tegevused ja \u201eelus\u201c tuli ei ole messistendis lubatud.<\/p>\n","protected":false},"excerpt":{"rendered":"Korduma kippuvad k\u00fcsimused toidumessi kohta Mis on t\u00fchja stendi, puhta pinna \u00fc\u00fcri hinnas? T\u00fchja stendi hinna sisse kuulub ainult messi pinna \u00fc\u00fcr vastavalt tellitud ruutmeetrite arvule. Hinnas ei ole stendi seinu, vaipkatet, valgusteid, elektrit, inventari jms. Puhta pinna rentimine v\u00f5imaldab eksponendil ise sisustada ja kujundada messi stendi vastavalt oma soovidele. Ehitusteenuse v\u00f5ib tellida korraldajalt v\u00f5i&#8230; <a class=\"view-article\" href=\"https:\/\/www.profexpo.ee\/foodfair\/eksponendile\/kkk\/\">Loe edasi<\/a>","protected":false},"author":1,"featured_media":0,"parent":9,"menu_order":8,"comment_status":"closed","ping_status":"closed","template":"","meta":{"footnotes":""},"class_list":["post-58","page","type-page","status-publish","hentry"],"yoast_head":"<!-- This site is optimized with the Yoast SEO plugin v24.7 - https:\/\/yoast.com\/wordpress\/plugins\/seo\/ -->\n<title>KKK - Tallinna Toidumess 2026<\/title>\n<meta name=\"robots\" content=\"index, follow, max-snippet:-1, max-image-preview:large, max-video-preview:-1\" \/>\n<link rel=\"canonical\" href=\"https:\/\/www.profexpo.ee\/foodfair\/eksponendile\/kkk\/\" \/>\n<script type=\"application\/ld+json\" class=\"yoast-schema-graph\">{\"@context\":\"https:\/\/schema.org\",\"@graph\":[{\"@type\":\"WebPage\",\"@id\":\"https:\/\/www.profexpo.ee\/foodfair\/eksponendile\/kkk\/\",\"url\":\"https:\/\/www.profexpo.ee\/foodfair\/eksponendile\/kkk\/\",\"name\":\"KKK - Tallinna Toidumess 2026\",\"isPartOf\":{\"@id\":\"https:\/\/www.profexpo.ee\/foodfair\/#website\"},\"datePublished\":\"2015-09-16T08:35:26+00:00\",\"dateModified\":\"2025-06-26T12:46:55+00:00\",\"breadcrumb\":{\"@id\":\"https:\/\/www.profexpo.ee\/foodfair\/eksponendile\/kkk\/#breadcrumb\"},\"inLanguage\":\"et\",\"potentialAction\":[{\"@type\":\"ReadAction\",\"target\":[\"https:\/\/www.profexpo.ee\/foodfair\/eksponendile\/kkk\/\"]}]},{\"@type\":\"BreadcrumbList\",\"@id\":\"https:\/\/www.profexpo.ee\/foodfair\/eksponendile\/kkk\/#breadcrumb\",\"itemListElement\":[{\"@type\":\"ListItem\",\"position\":1,\"name\":\"Home\",\"item\":\"https:\/\/www.profexpo.ee\/foodfair\/\"},{\"@type\":\"ListItem\",\"position\":2,\"name\":\"Eksponendile\",\"item\":\"https:\/\/www.profexpo.ee\/foodfair\/eksponendile\/\"},{\"@type\":\"ListItem\",\"position\":3,\"name\":\"KKK\"}]},{\"@type\":\"WebSite\",\"@id\":\"https:\/\/www.profexpo.ee\/foodfair\/#website\",\"url\":\"https:\/\/www.profexpo.ee\/foodfair\/\",\"name\":\"Tallinn FoodFair\",\"description\":\"Tallinna Toidumess 2026\",\"alternateName\":\"sdaf\",\"potentialAction\":[{\"@type\":\"SearchAction\",\"target\":{\"@type\":\"EntryPoint\",\"urlTemplate\":\"https:\/\/www.profexpo.ee\/foodfair\/?s={search_term_string}\"},\"query-input\":{\"@type\":\"PropertyValueSpecification\",\"valueRequired\":true,\"valueName\":\"search_term_string\"}}],\"inLanguage\":\"et\"}]}<\/script>\n<!-- \/ Yoast SEO plugin. -->","yoast_head_json":{"title":"KKK - Tallinna Toidumess 2026","robots":{"index":"index","follow":"follow","max-snippet":"max-snippet:-1","max-image-preview":"max-image-preview:large","max-video-preview":"max-video-preview:-1"},"canonical":"https:\/\/www.profexpo.ee\/foodfair\/eksponendile\/kkk\/","schema":{"@context":"https:\/\/schema.org","@graph":[{"@type":"WebPage","@id":"https:\/\/www.profexpo.ee\/foodfair\/eksponendile\/kkk\/","url":"https:\/\/www.profexpo.ee\/foodfair\/eksponendile\/kkk\/","name":"KKK - Tallinna Toidumess 2026","isPartOf":{"@id":"https:\/\/www.profexpo.ee\/foodfair\/#website"},"datePublished":"2015-09-16T08:35:26+00:00","dateModified":"2025-06-26T12:46:55+00:00","breadcrumb":{"@id":"https:\/\/www.profexpo.ee\/foodfair\/eksponendile\/kkk\/#breadcrumb"},"inLanguage":"et","potentialAction":[{"@type":"ReadAction","target":["https:\/\/www.profexpo.ee\/foodfair\/eksponendile\/kkk\/"]}]},{"@type":"BreadcrumbList","@id":"https:\/\/www.profexpo.ee\/foodfair\/eksponendile\/kkk\/#breadcrumb","itemListElement":[{"@type":"ListItem","position":1,"name":"Home","item":"https:\/\/www.profexpo.ee\/foodfair\/"},{"@type":"ListItem","position":2,"name":"Eksponendile","item":"https:\/\/www.profexpo.ee\/foodfair\/eksponendile\/"},{"@type":"ListItem","position":3,"name":"KKK"}]},{"@type":"WebSite","@id":"https:\/\/www.profexpo.ee\/foodfair\/#website","url":"https:\/\/www.profexpo.ee\/foodfair\/","name":"Tallinn FoodFair","description":"Tallinna Toidumess 2026","alternateName":"sdaf","potentialAction":[{"@type":"SearchAction","target":{"@type":"EntryPoint","urlTemplate":"https:\/\/www.profexpo.ee\/foodfair\/?s={search_term_string}"},"query-input":{"@type":"PropertyValueSpecification","valueRequired":true,"valueName":"search_term_string"}}],"inLanguage":"et"}]}},"_links":{"self":[{"href":"https:\/\/www.profexpo.ee\/foodfair\/wp-json\/wp\/v2\/pages\/58","targetHints":{"allow":["GET"]}}],"collection":[{"href":"https:\/\/www.profexpo.ee\/foodfair\/wp-json\/wp\/v2\/pages"}],"about":[{"href":"https:\/\/www.profexpo.ee\/foodfair\/wp-json\/wp\/v2\/types\/page"}],"author":[{"embeddable":true,"href":"https:\/\/www.profexpo.ee\/foodfair\/wp-json\/wp\/v2\/users\/1"}],"replies":[{"embeddable":true,"href":"https:\/\/www.profexpo.ee\/foodfair\/wp-json\/wp\/v2\/comments?post=58"}],"version-history":[{"count":5,"href":"https:\/\/www.profexpo.ee\/foodfair\/wp-json\/wp\/v2\/pages\/58\/revisions"}],"predecessor-version":[{"id":15576,"href":"https:\/\/www.profexpo.ee\/foodfair\/wp-json\/wp\/v2\/pages\/58\/revisions\/15576"}],"up":[{"embeddable":true,"href":"https:\/\/www.profexpo.ee\/foodfair\/wp-json\/wp\/v2\/pages\/9"}],"wp:attachment":[{"href":"https:\/\/www.profexpo.ee\/foodfair\/wp-json\/wp\/v2\/media?parent=58"}],"curies":[{"name":"wp","href":"https:\/\/api.w.org\/{rel}","templated":true}]}}