{"id":14014,"date":"2022-09-14T16:33:23","date_gmt":"2022-09-14T13:33:23","guid":{"rendered":"https:\/\/www.profexpo.ee\/foodfest\/?page_id=14014"},"modified":"2022-09-28T13:37:30","modified_gmt":"2022-09-28T10:37:30","slug":"kooli-ja-lasteaiatoitlustajate-teabepaev-2022","status":"publish","type":"page","link":"https:\/\/www.profexpo.ee\/foodfest\/programm-2\/kooli-ja-lasteaiatoitlustajate-teabepaev-2022\/","title":{"rendered":"Kooli- ja lasteaiatoitlustajate teabep\u00e4ev 2022"},"content":{"rendered":"<h1><strong>Kooli- ja lasteaiatoitlustajate teabep\u00e4ev 2022<\/strong><\/h1>\n<p>Eesti Koolitoidu Liit viib Toidumessil l\u00e4bi teabep\u00e4eva, kus k\u00e4sitletakse valdkonnale olulisi teemasid. Lisaks jagatakse inspiratiooni ja retsepte.<\/p>\n<h2>Programm<\/h2>\n<ul>\n<li>Toitlustuse kvaliteedi hindamine koolides ja lasteaedades \u2013 Agne kivisaar. Tervise Arengu Instituut<\/li>\n<li>Ilma lisatud suhkruta magustoidud koolides ja lasteaedades \u2013Magustoite valmistavad SA Elva Teenused kokad, Eesti Koolitoidu Liidu liikmed ja \u00a0O\u00dc Dussmann Eesti kokad<\/li>\n<li>\u201eKuidas hoida ja v\u00e4\u00e4rtustada koolik\u00f6\u00f6kides olemasolevat personali ning millised on t\u00f6\u00f6tajate vaimsed ning f\u00fc\u00fcsilised (t\u00f6\u00f6)mured\u201c \u00a0&#8211; Vestlusringis osalevad Tiina Saar-Veelmaa. Aaretesaar, Evelyn Esajas. J\u00fcri G\u00fcmnaasium, Inga Valk. Kindluse kool,\u00a0 Krista Loog. SA Elva Teenused, Dussmann O\u00dc esindaja, jt.<\/li>\n<\/ul>\n<h2>Aeg<\/h2>\n<p>Laup\u00e4eval 01.10.2022, kell 11:00-15:00<\/p>\n<h2>Koht<\/h2>\n<p>Eesti N\u00e4ituste messikeskus<\/p>\n<h2>Registreerimine<\/h2>\n<p>Erialak\u00fclastajad saavad eelregistreerida <a href=\"https:\/\/www.profexpo.ee\/foodfest\/kooli-ja-lasteaiatoitlustajate-teabepaev-registreerimisvorm\/\">siin<\/a>.<\/p>\n<table style=\"border-collapse: collapse; width: 100%;\">\n<tbody>\n<tr>\n<td style=\"width: 16.6667%;\"><a href=\"https:\/\/www.profexpo.ee\/foodfest\/wp-content\/uploads\/2022\/09\/EKTL-Logo-scaled.jpg\"><img loading=\"lazy\" decoding=\"async\" width=\"250\" height=\"158\" class=\"size-medium wp-image-14245 aligncenter\" src=\"https:\/\/www.profexpo.ee\/foodfest\/wp-content\/uploads\/2022\/09\/EKTL-Logo-250x158.jpg\" alt=\"\" srcset=\"https:\/\/www.profexpo.ee\/foodfest\/wp-content\/uploads\/2022\/09\/EKTL-Logo-250x158.jpg 250w, https:\/\/www.profexpo.ee\/foodfest\/wp-content\/uploads\/2022\/09\/EKTL-Logo-700x443.jpg 700w, https:\/\/www.profexpo.ee\/foodfest\/wp-content\/uploads\/2022\/09\/EKTL-Logo-768x486.jpg 768w, https:\/\/www.profexpo.ee\/foodfest\/wp-content\/uploads\/2022\/09\/EKTL-Logo-1536x972.jpg 1536w, https:\/\/www.profexpo.ee\/foodfest\/wp-content\/uploads\/2022\/09\/EKTL-Logo-2048x1297.jpg 2048w, https:\/\/www.profexpo.ee\/foodfest\/wp-content\/uploads\/2022\/09\/EKTL-Logo-450x285.jpg 450w, https:\/\/www.profexpo.ee\/foodfest\/wp-content\/uploads\/2022\/09\/EKTL-Logo-900x570.jpg 900w, https:\/\/www.profexpo.ee\/foodfest\/wp-content\/uploads\/2022\/09\/EKTL-Logo-120x76.jpg 120w\" sizes=\"auto, (max-width: 250px) 100vw, 250px\" \/><\/a><\/td>\n<td style=\"width: 16.6667%;\"><img loading=\"lazy\" decoding=\"async\" class=\" wp-image-14247 alignleft\" style=\"color: #0000ee;\" src=\"https:\/\/www.profexpo.ee\/foodfest\/wp-content\/uploads\/2022\/09\/Elva_Teenused_logo-250x101.jpg\" alt=\"\" width=\"319\" height=\"129\" srcset=\"https:\/\/www.profexpo.ee\/foodfest\/wp-content\/uploads\/2022\/09\/Elva_Teenused_logo-250x101.jpg 250w, https:\/\/www.profexpo.ee\/foodfest\/wp-content\/uploads\/2022\/09\/Elva_Teenused_logo-700x282.jpg 700w, https:\/\/www.profexpo.ee\/foodfest\/wp-content\/uploads\/2022\/09\/Elva_Teenused_logo-768x309.jpg 768w, https:\/\/www.profexpo.ee\/foodfest\/wp-content\/uploads\/2022\/09\/Elva_Teenused_logo-450x181.jpg 450w, https:\/\/www.profexpo.ee\/foodfest\/wp-content\/uploads\/2022\/09\/Elva_Teenused_logo-900x363.jpg 900w, https:\/\/www.profexpo.ee\/foodfest\/wp-content\/uploads\/2022\/09\/Elva_Teenused_logo-120x48.jpg 120w, https:\/\/www.profexpo.ee\/foodfest\/wp-content\/uploads\/2022\/09\/Elva_Teenused_logo.jpg 1340w\" sizes=\"auto, (max-width: 319px) 100vw, 319px\" \/><\/td>\n<td style=\"width: 16.6667%;\"><a href=\"https:\/\/www.profexpo.ee\/foodfest\/wp-content\/uploads\/2022\/09\/TAI_logo_eesti_k_RGB_0_0-1.jpg\"><img loading=\"lazy\" decoding=\"async\" width=\"250\" height=\"144\" class=\"size-medium wp-image-14257 aligncenter\" src=\"https:\/\/www.profexpo.ee\/foodfest\/wp-content\/uploads\/2022\/09\/TAI_logo_eesti_k_RGB_0_0-1-250x144.jpg\" alt=\"\" srcset=\"https:\/\/www.profexpo.ee\/foodfest\/wp-content\/uploads\/2022\/09\/TAI_logo_eesti_k_RGB_0_0-1-250x144.jpg 250w, https:\/\/www.profexpo.ee\/foodfest\/wp-content\/uploads\/2022\/09\/TAI_logo_eesti_k_RGB_0_0-1-700x403.jpg 700w, https:\/\/www.profexpo.ee\/foodfest\/wp-content\/uploads\/2022\/09\/TAI_logo_eesti_k_RGB_0_0-1-768x442.jpg 768w, https:\/\/www.profexpo.ee\/foodfest\/wp-content\/uploads\/2022\/09\/TAI_logo_eesti_k_RGB_0_0-1-450x259.jpg 450w, https:\/\/www.profexpo.ee\/foodfest\/wp-content\/uploads\/2022\/09\/TAI_logo_eesti_k_RGB_0_0-1-900x518.jpg 900w, https:\/\/www.profexpo.ee\/foodfest\/wp-content\/uploads\/2022\/09\/TAI_logo_eesti_k_RGB_0_0-1-120x69.jpg 120w, https:\/\/www.profexpo.ee\/foodfest\/wp-content\/uploads\/2022\/09\/TAI_logo_eesti_k_RGB_0_0-1.jpg 1484w\" sizes=\"auto, (max-width: 250px) 100vw, 250px\" \/><\/a><\/td>\n<td style=\"width: 16.6667%;\"><img loading=\"lazy\" decoding=\"async\" class=\" wp-image-14259 aligncenter\" style=\"color: #0000ee;\" src=\"https:\/\/www.profexpo.ee\/foodfest\/wp-content\/uploads\/2022\/09\/Tere-AS-logo-250x183.png\" alt=\"\" width=\"205\" height=\"150\" srcset=\"https:\/\/www.profexpo.ee\/foodfest\/wp-content\/uploads\/2022\/09\/Tere-AS-logo-250x183.png 250w, https:\/\/www.profexpo.ee\/foodfest\/wp-content\/uploads\/2022\/09\/Tere-AS-logo-700x511.png 700w, https:\/\/www.profexpo.ee\/foodfest\/wp-content\/uploads\/2022\/09\/Tere-AS-logo-768x561.png 768w, https:\/\/www.profexpo.ee\/foodfest\/wp-content\/uploads\/2022\/09\/Tere-AS-logo-450x329.png 450w, https:\/\/www.profexpo.ee\/foodfest\/wp-content\/uploads\/2022\/09\/Tere-AS-logo-120x88.png 120w, https:\/\/www.profexpo.ee\/foodfest\/wp-content\/uploads\/2022\/09\/Tere-AS-logo.png 809w\" sizes=\"auto, (max-width: 205px) 100vw, 205px\" \/><\/td>\n<td style=\"width: 16.6667%;\"><a href=\"https:\/\/www.profexpo.ee\/foodfest\/wp-content\/uploads\/2016\/08\/eesti-pagar-logo.png\"><img loading=\"lazy\" decoding=\"async\" class=\"aligncenter wp-image-2469 \" src=\"https:\/\/www.profexpo.ee\/foodfest\/wp-content\/uploads\/2016\/08\/eesti-pagar-logo.png\" alt=\"\" width=\"205\" height=\"135\" srcset=\"https:\/\/www.profexpo.ee\/foodfest\/wp-content\/uploads\/2016\/08\/eesti-pagar-logo.png 182w, https:\/\/www.profexpo.ee\/foodfest\/wp-content\/uploads\/2016\/08\/eesti-pagar-logo-120x79.png 120w\" sizes=\"auto, (max-width: 205px) 100vw, 205px\" \/><\/a><\/td>\n<td style=\"width: 16.6667%;\"><a href=\"https:\/\/www.profexpo.ee\/foodfest\/wp-content\/uploads\/2016\/08\/Kullus-Rongu-Mahl-logo.png\"><img loading=\"lazy\" decoding=\"async\" class=\"wp-image-13761 aligncenter\" src=\"https:\/\/www.profexpo.ee\/foodfest\/wp-content\/uploads\/2016\/08\/Kullus-Rongu-Mahl-logo-250x250.png\" alt=\"\" width=\"203\" height=\"203\" srcset=\"https:\/\/www.profexpo.ee\/foodfest\/wp-content\/uploads\/2016\/08\/Kullus-Rongu-Mahl-logo-250x250.png 250w, https:\/\/www.profexpo.ee\/foodfest\/wp-content\/uploads\/2016\/08\/Kullus-Rongu-Mahl-logo-150x150.png 150w, https:\/\/www.profexpo.ee\/foodfest\/wp-content\/uploads\/2016\/08\/Kullus-Rongu-Mahl-logo-450x450.png 450w, https:\/\/www.profexpo.ee\/foodfest\/wp-content\/uploads\/2016\/08\/Kullus-Rongu-Mahl-logo-120x120.png 120w, https:\/\/www.profexpo.ee\/foodfest\/wp-content\/uploads\/2016\/08\/Kullus-Rongu-Mahl-logo.png 512w\" sizes=\"auto, (max-width: 203px) 100vw, 203px\" \/><\/a><\/td>\n<\/tr>\n<tr>\n<td style=\"width: 16.6667%;\"><img loading=\"lazy\" decoding=\"async\" class=\"wp-image-13759 aligncenter\" style=\"color: #0000ee;\" src=\"https:\/\/www.profexpo.ee\/foodfest\/wp-content\/uploads\/2016\/09\/Noo-Lihatoostus-250x303.png\" alt=\"\" width=\"162\" height=\"196\" srcset=\"https:\/\/www.profexpo.ee\/foodfest\/wp-content\/uploads\/2016\/09\/Noo-Lihatoostus-250x303.png 250w, https:\/\/www.profexpo.ee\/foodfest\/wp-content\/uploads\/2016\/09\/Noo-Lihatoostus-450x545.png 450w, https:\/\/www.profexpo.ee\/foodfest\/wp-content\/uploads\/2016\/09\/Noo-Lihatoostus-120x145.png 120w, https:\/\/www.profexpo.ee\/foodfest\/wp-content\/uploads\/2016\/09\/Noo-Lihatoostus.png 532w\" sizes=\"auto, (max-width: 162px) 100vw, 162px\" \/><\/td>\n<td style=\"width: 16.6667%;\"><img loading=\"lazy\" decoding=\"async\" class=\"wp-image-14300 aligncenter\" style=\"color: #0000ee;\" src=\"https:\/\/www.profexpo.ee\/foodfest\/wp-content\/uploads\/2022\/09\/MesiseM_ymar-250x249.jpg\" alt=\"\" width=\"203\" height=\"202\" srcset=\"https:\/\/www.profexpo.ee\/foodfest\/wp-content\/uploads\/2022\/09\/MesiseM_ymar-250x249.jpg 250w, https:\/\/www.profexpo.ee\/foodfest\/wp-content\/uploads\/2022\/09\/MesiseM_ymar-700x697.jpg 700w, https:\/\/www.profexpo.ee\/foodfest\/wp-content\/uploads\/2022\/09\/MesiseM_ymar-150x150.jpg 150w, https:\/\/www.profexpo.ee\/foodfest\/wp-content\/uploads\/2022\/09\/MesiseM_ymar-768x765.jpg 768w, https:\/\/www.profexpo.ee\/foodfest\/wp-content\/uploads\/2022\/09\/MesiseM_ymar-450x448.jpg 450w, https:\/\/www.profexpo.ee\/foodfest\/wp-content\/uploads\/2022\/09\/MesiseM_ymar-120x120.jpg 120w, https:\/\/www.profexpo.ee\/foodfest\/wp-content\/uploads\/2022\/09\/MesiseM_ymar.jpg 808w\" sizes=\"auto, (max-width: 203px) 100vw, 203px\" \/><\/td>\n<td style=\"width: 16.6667%;\"><img loading=\"lazy\" decoding=\"async\" class=\" wp-image-14249 aligncenter\" style=\"color: #0000ee;\" src=\"https:\/\/www.profexpo.ee\/foodfest\/wp-content\/uploads\/2022\/09\/Horeca-logo-250x145.jpg\" alt=\"\" width=\"219\" height=\"127\" srcset=\"https:\/\/www.profexpo.ee\/foodfest\/wp-content\/uploads\/2022\/09\/Horeca-logo-250x145.jpg 250w, https:\/\/www.profexpo.ee\/foodfest\/wp-content\/uploads\/2022\/09\/Horeca-logo-120x70.jpg 120w, https:\/\/www.profexpo.ee\/foodfest\/wp-content\/uploads\/2022\/09\/Horeca-logo.jpg 393w\" sizes=\"auto, (max-width: 219px) 100vw, 219px\" \/><\/td>\n<td style=\"width: 16.6667%;\"><a href=\"https:\/\/www.profexpo.ee\/foodfest\/wp-content\/uploads\/2021\/09\/LUNDEN.jpg\"><img loading=\"lazy\" decoding=\"async\" class=\"wp-image-12117 size-full aligncenter\" src=\"https:\/\/www.profexpo.ee\/foodfest\/wp-content\/uploads\/2021\/09\/LUNDEN.jpg\" alt=\"\" width=\"170\" height=\"170\" srcset=\"https:\/\/www.profexpo.ee\/foodfest\/wp-content\/uploads\/2021\/09\/LUNDEN.jpg 170w, https:\/\/www.profexpo.ee\/foodfest\/wp-content\/uploads\/2021\/09\/LUNDEN-150x150.jpg 150w, https:\/\/www.profexpo.ee\/foodfest\/wp-content\/uploads\/2021\/09\/LUNDEN-120x120.jpg 120w\" sizes=\"auto, (max-width: 170px) 100vw, 170px\" \/><\/a><\/td>\n<td style=\"width: 16.6667%;\"><a href=\"https:\/\/www.profexpo.ee\/foodfest\/wp-content\/uploads\/2021\/08\/pakendikeskus_logod_logo_1-003.png\"><img loading=\"lazy\" decoding=\"async\" width=\"250\" height=\"40\" class=\"size-medium wp-image-13794 aligncenter\" src=\"https:\/\/www.profexpo.ee\/foodfest\/wp-content\/uploads\/2021\/08\/pakendikeskus_logod_logo_1-003-250x40.png\" alt=\"\" srcset=\"https:\/\/www.profexpo.ee\/foodfest\/wp-content\/uploads\/2021\/08\/pakendikeskus_logod_logo_1-003-250x40.png 250w, https:\/\/www.profexpo.ee\/foodfest\/wp-content\/uploads\/2021\/08\/pakendikeskus_logod_logo_1-003-700x112.png 700w, https:\/\/www.profexpo.ee\/foodfest\/wp-content\/uploads\/2021\/08\/pakendikeskus_logod_logo_1-003-768x123.png 768w, https:\/\/www.profexpo.ee\/foodfest\/wp-content\/uploads\/2021\/08\/pakendikeskus_logod_logo_1-003-1536x246.png 1536w, https:\/\/www.profexpo.ee\/foodfest\/wp-content\/uploads\/2021\/08\/pakendikeskus_logod_logo_1-003-2048x328.png 2048w, https:\/\/www.profexpo.ee\/foodfest\/wp-content\/uploads\/2021\/08\/pakendikeskus_logod_logo_1-003-450x72.png 450w, https:\/\/www.profexpo.ee\/foodfest\/wp-content\/uploads\/2021\/08\/pakendikeskus_logod_logo_1-003-900x144.png 900w, https:\/\/www.profexpo.ee\/foodfest\/wp-content\/uploads\/2021\/08\/pakendikeskus_logod_logo_1-003-120x19.png 120w\" sizes=\"auto, (max-width: 250px) 100vw, 250px\" \/><\/a><\/td>\n<td style=\"width: 16.6667%;\"><img loading=\"lazy\" decoding=\"async\" width=\"250\" height=\"78\" class=\"size-medium wp-image-14279 aligncenter\" style=\"color: #0000ee;\" src=\"https:\/\/www.profexpo.ee\/foodfest\/wp-content\/uploads\/2022\/09\/Dussmann-4c-250x78.jpg\" alt=\"\" srcset=\"https:\/\/www.profexpo.ee\/foodfest\/wp-content\/uploads\/2022\/09\/Dussmann-4c-250x78.jpg 250w, https:\/\/www.profexpo.ee\/foodfest\/wp-content\/uploads\/2022\/09\/Dussmann-4c-700x219.jpg 700w, https:\/\/www.profexpo.ee\/foodfest\/wp-content\/uploads\/2022\/09\/Dussmann-4c-768x240.jpg 768w, https:\/\/www.profexpo.ee\/foodfest\/wp-content\/uploads\/2022\/09\/Dussmann-4c-450x141.jpg 450w, https:\/\/www.profexpo.ee\/foodfest\/wp-content\/uploads\/2022\/09\/Dussmann-4c-120x38.jpg 120w, https:\/\/www.profexpo.ee\/foodfest\/wp-content\/uploads\/2022\/09\/Dussmann-4c.jpg 851w\" sizes=\"auto, (max-width: 250px) 100vw, 250px\" \/><\/td>\n<\/tr>\n<\/tbody>\n<\/table>\n<p>&nbsp;<\/p>\n<p>&nbsp;<\/p>\n<p>&nbsp;<\/p>\n<p>&nbsp;<\/p>\n","protected":false},"excerpt":{"rendered":"Kooli- ja lasteaiatoitlustajate teabep\u00e4ev 2022 Eesti Koolitoidu Liit viib Toidumessil l\u00e4bi teabep\u00e4eva, kus k\u00e4sitletakse valdkonnale olulisi teemasid. Lisaks jagatakse inspiratiooni ja retsepte. Programm Toitlustuse kvaliteedi hindamine koolides ja lasteaedades \u2013 Agne kivisaar. Tervise Arengu Instituut Ilma lisatud suhkruta magustoidud koolides ja lasteaedades \u2013Magustoite valmistavad SA Elva Teenused kokad, Eesti Koolitoidu Liidu liikmed ja \u00a0O\u00dc Dussmann&#8230; <a class=\"view-article\" href=\"https:\/\/www.profexpo.ee\/foodfest\/programm-2\/kooli-ja-lasteaiatoitlustajate-teabepaev-2022\/\">Loe edasi<\/a>","protected":false},"author":3,"featured_media":0,"parent":10872,"menu_order":7,"comment_status":"closed","ping_status":"closed","template":"","meta":{"footnotes":""},"class_list":["post-14014","page","type-page","status-publish","hentry"],"yoast_head":"<!-- This site is optimized with the Yoast SEO plugin v24.7 - https:\/\/yoast.com\/wordpress\/plugins\/seo\/ -->\n<title>Kooli- ja lasteaiatoitlustajate teabep\u00e4ev 2022 - Tallinn FoodFest 2022<\/title>\n<meta name=\"robots\" content=\"index, follow, max-snippet:-1, max-image-preview:large, max-video-preview:-1\" \/>\n<link rel=\"canonical\" href=\"https:\/\/www.profexpo.ee\/foodfest\/programm-2\/kooli-ja-lasteaiatoitlustajate-teabepaev-2022\/\" \/>\n<meta property=\"og:locale\" content=\"et_EE\" \/>\n<meta property=\"og:type\" content=\"article\" \/>\n<meta property=\"og:title\" content=\"Kooli- ja lasteaiatoitlustajate teabep\u00e4ev 2022 - Tallinn FoodFest 2022\" \/>\n<meta property=\"og:description\" content=\"Kooli- ja lasteaiatoitlustajate teabep\u00e4ev 2022 Eesti Koolitoidu Liit viib Toidumessil l\u00e4bi teabep\u00e4eva, kus k\u00e4sitletakse valdkonnale olulisi teemasid. Lisaks jagatakse inspiratiooni ja retsepte. Programm Toitlustuse kvaliteedi hindamine koolides ja lasteaedades \u2013 Agne kivisaar. Tervise Arengu Instituut Ilma lisatud suhkruta magustoidud koolides ja lasteaedades \u2013Magustoite valmistavad SA Elva Teenused kokad, Eesti Koolitoidu Liidu liikmed ja \u00a0O\u00dc Dussmann... Loe edasi\" \/>\n<meta property=\"og:url\" content=\"https:\/\/www.profexpo.ee\/foodfest\/programm-2\/kooli-ja-lasteaiatoitlustajate-teabepaev-2022\/\" \/>\n<meta property=\"og:site_name\" content=\"Tallinn FoodFest 2022\" \/>\n<meta property=\"article:modified_time\" content=\"2022-09-28T10:37:30+00:00\" \/>\n<meta property=\"og:image\" content=\"https:\/\/www.profexpo.ee\/foodfest\/wp-content\/uploads\/2022\/09\/EKTL-Logo-250x158.jpg\" \/>\n<meta name=\"twitter:card\" content=\"summary_large_image\" \/>\n<meta name=\"twitter:label1\" content=\"Est. reading time\" \/>\n\t<meta name=\"twitter:data1\" content=\"3 minutit\" \/>\n<script type=\"application\/ld+json\" class=\"yoast-schema-graph\">{\"@context\":\"https:\/\/schema.org\",\"@graph\":[{\"@type\":\"WebPage\",\"@id\":\"https:\/\/www.profexpo.ee\/foodfest\/programm-2\/kooli-ja-lasteaiatoitlustajate-teabepaev-2022\/\",\"url\":\"https:\/\/www.profexpo.ee\/foodfest\/programm-2\/kooli-ja-lasteaiatoitlustajate-teabepaev-2022\/\",\"name\":\"Kooli- ja lasteaiatoitlustajate teabep\u00e4ev 2022 - Tallinn FoodFest 2022\",\"isPartOf\":{\"@id\":\"https:\/\/www.profexpo.ee\/foodfest\/#website\"},\"primaryImageOfPage\":{\"@id\":\"https:\/\/www.profexpo.ee\/foodfest\/programm-2\/kooli-ja-lasteaiatoitlustajate-teabepaev-2022\/#primaryimage\"},\"image\":{\"@id\":\"https:\/\/www.profexpo.ee\/foodfest\/programm-2\/kooli-ja-lasteaiatoitlustajate-teabepaev-2022\/#primaryimage\"},\"thumbnailUrl\":\"https:\/\/www.profexpo.ee\/foodfest\/wp-content\/uploads\/2022\/09\/EKTL-Logo-250x158.jpg\",\"datePublished\":\"2022-09-14T13:33:23+00:00\",\"dateModified\":\"2022-09-28T10:37:30+00:00\",\"breadcrumb\":{\"@id\":\"https:\/\/www.profexpo.ee\/foodfest\/programm-2\/kooli-ja-lasteaiatoitlustajate-teabepaev-2022\/#breadcrumb\"},\"inLanguage\":\"et\",\"potentialAction\":[{\"@type\":\"ReadAction\",\"target\":[\"https:\/\/www.profexpo.ee\/foodfest\/programm-2\/kooli-ja-lasteaiatoitlustajate-teabepaev-2022\/\"]}]},{\"@type\":\"ImageObject\",\"inLanguage\":\"et\",\"@id\":\"https:\/\/www.profexpo.ee\/foodfest\/programm-2\/kooli-ja-lasteaiatoitlustajate-teabepaev-2022\/#primaryimage\",\"url\":\"https:\/\/www.profexpo.ee\/foodfest\/wp-content\/uploads\/2022\/09\/EKTL-Logo-scaled.jpg\",\"contentUrl\":\"https:\/\/www.profexpo.ee\/foodfest\/wp-content\/uploads\/2022\/09\/EKTL-Logo-scaled.jpg\",\"width\":2560,\"height\":1621},{\"@type\":\"BreadcrumbList\",\"@id\":\"https:\/\/www.profexpo.ee\/foodfest\/programm-2\/kooli-ja-lasteaiatoitlustajate-teabepaev-2022\/#breadcrumb\",\"itemListElement\":[{\"@type\":\"ListItem\",\"position\":1,\"name\":\"Home\",\"item\":\"https:\/\/www.profexpo.ee\/foodfest\/\"},{\"@type\":\"ListItem\",\"position\":2,\"name\":\"Programm\",\"item\":\"https:\/\/www.profexpo.ee\/foodfest\/programm-2\/\"},{\"@type\":\"ListItem\",\"position\":3,\"name\":\"Kooli- ja lasteaiatoitlustajate teabep\u00e4ev 2022\"}]},{\"@type\":\"WebSite\",\"@id\":\"https:\/\/www.profexpo.ee\/foodfest\/#website\",\"url\":\"https:\/\/www.profexpo.ee\/foodfest\/\",\"name\":\"Tallinn FoodFest 2020\",\"description\":\"Tallinn FoodFest 2022\",\"potentialAction\":[{\"@type\":\"SearchAction\",\"target\":{\"@type\":\"EntryPoint\",\"urlTemplate\":\"https:\/\/www.profexpo.ee\/foodfest\/?s={search_term_string}\"},\"query-input\":{\"@type\":\"PropertyValueSpecification\",\"valueRequired\":true,\"valueName\":\"search_term_string\"}}],\"inLanguage\":\"et\"}]}<\/script>\n<!-- \/ Yoast SEO plugin. -->","yoast_head_json":{"title":"Kooli- ja lasteaiatoitlustajate teabep\u00e4ev 2022 - Tallinn FoodFest 2022","robots":{"index":"index","follow":"follow","max-snippet":"max-snippet:-1","max-image-preview":"max-image-preview:large","max-video-preview":"max-video-preview:-1"},"canonical":"https:\/\/www.profexpo.ee\/foodfest\/programm-2\/kooli-ja-lasteaiatoitlustajate-teabepaev-2022\/","og_locale":"et_EE","og_type":"article","og_title":"Kooli- ja lasteaiatoitlustajate teabep\u00e4ev 2022 - Tallinn FoodFest 2022","og_description":"Kooli- ja lasteaiatoitlustajate teabep\u00e4ev 2022 Eesti Koolitoidu Liit viib Toidumessil l\u00e4bi teabep\u00e4eva, kus k\u00e4sitletakse valdkonnale olulisi teemasid. Lisaks jagatakse inspiratiooni ja retsepte. Programm Toitlustuse kvaliteedi hindamine koolides ja lasteaedades \u2013 Agne kivisaar. Tervise Arengu Instituut Ilma lisatud suhkruta magustoidud koolides ja lasteaedades \u2013Magustoite valmistavad SA Elva Teenused kokad, Eesti Koolitoidu Liidu liikmed ja \u00a0O\u00dc Dussmann... Loe edasi","og_url":"https:\/\/www.profexpo.ee\/foodfest\/programm-2\/kooli-ja-lasteaiatoitlustajate-teabepaev-2022\/","og_site_name":"Tallinn FoodFest 2022","article_modified_time":"2022-09-28T10:37:30+00:00","og_image":[{"url":"https:\/\/www.profexpo.ee\/foodfest\/wp-content\/uploads\/2022\/09\/EKTL-Logo-250x158.jpg","type":"","width":"","height":""}],"twitter_card":"summary_large_image","twitter_misc":{"Est. reading time":"3 minutit"},"schema":{"@context":"https:\/\/schema.org","@graph":[{"@type":"WebPage","@id":"https:\/\/www.profexpo.ee\/foodfest\/programm-2\/kooli-ja-lasteaiatoitlustajate-teabepaev-2022\/","url":"https:\/\/www.profexpo.ee\/foodfest\/programm-2\/kooli-ja-lasteaiatoitlustajate-teabepaev-2022\/","name":"Kooli- ja lasteaiatoitlustajate teabep\u00e4ev 2022 - Tallinn FoodFest 2022","isPartOf":{"@id":"https:\/\/www.profexpo.ee\/foodfest\/#website"},"primaryImageOfPage":{"@id":"https:\/\/www.profexpo.ee\/foodfest\/programm-2\/kooli-ja-lasteaiatoitlustajate-teabepaev-2022\/#primaryimage"},"image":{"@id":"https:\/\/www.profexpo.ee\/foodfest\/programm-2\/kooli-ja-lasteaiatoitlustajate-teabepaev-2022\/#primaryimage"},"thumbnailUrl":"https:\/\/www.profexpo.ee\/foodfest\/wp-content\/uploads\/2022\/09\/EKTL-Logo-250x158.jpg","datePublished":"2022-09-14T13:33:23+00:00","dateModified":"2022-09-28T10:37:30+00:00","breadcrumb":{"@id":"https:\/\/www.profexpo.ee\/foodfest\/programm-2\/kooli-ja-lasteaiatoitlustajate-teabepaev-2022\/#breadcrumb"},"inLanguage":"et","potentialAction":[{"@type":"ReadAction","target":["https:\/\/www.profexpo.ee\/foodfest\/programm-2\/kooli-ja-lasteaiatoitlustajate-teabepaev-2022\/"]}]},{"@type":"ImageObject","inLanguage":"et","@id":"https:\/\/www.profexpo.ee\/foodfest\/programm-2\/kooli-ja-lasteaiatoitlustajate-teabepaev-2022\/#primaryimage","url":"https:\/\/www.profexpo.ee\/foodfest\/wp-content\/uploads\/2022\/09\/EKTL-Logo-scaled.jpg","contentUrl":"https:\/\/www.profexpo.ee\/foodfest\/wp-content\/uploads\/2022\/09\/EKTL-Logo-scaled.jpg","width":2560,"height":1621},{"@type":"BreadcrumbList","@id":"https:\/\/www.profexpo.ee\/foodfest\/programm-2\/kooli-ja-lasteaiatoitlustajate-teabepaev-2022\/#breadcrumb","itemListElement":[{"@type":"ListItem","position":1,"name":"Home","item":"https:\/\/www.profexpo.ee\/foodfest\/"},{"@type":"ListItem","position":2,"name":"Programm","item":"https:\/\/www.profexpo.ee\/foodfest\/programm-2\/"},{"@type":"ListItem","position":3,"name":"Kooli- ja lasteaiatoitlustajate teabep\u00e4ev 2022"}]},{"@type":"WebSite","@id":"https:\/\/www.profexpo.ee\/foodfest\/#website","url":"https:\/\/www.profexpo.ee\/foodfest\/","name":"Tallinn FoodFest 2020","description":"Tallinn FoodFest 2022","potentialAction":[{"@type":"SearchAction","target":{"@type":"EntryPoint","urlTemplate":"https:\/\/www.profexpo.ee\/foodfest\/?s={search_term_string}"},"query-input":{"@type":"PropertyValueSpecification","valueRequired":true,"valueName":"search_term_string"}}],"inLanguage":"et"}]}},"_links":{"self":[{"href":"https:\/\/www.profexpo.ee\/foodfest\/wp-json\/wp\/v2\/pages\/14014","targetHints":{"allow":["GET"]}}],"collection":[{"href":"https:\/\/www.profexpo.ee\/foodfest\/wp-json\/wp\/v2\/pages"}],"about":[{"href":"https:\/\/www.profexpo.ee\/foodfest\/wp-json\/wp\/v2\/types\/page"}],"author":[{"embeddable":true,"href":"https:\/\/www.profexpo.ee\/foodfest\/wp-json\/wp\/v2\/users\/3"}],"replies":[{"embeddable":true,"href":"https:\/\/www.profexpo.ee\/foodfest\/wp-json\/wp\/v2\/comments?post=14014"}],"version-history":[{"count":5,"href":"https:\/\/www.profexpo.ee\/foodfest\/wp-json\/wp\/v2\/pages\/14014\/revisions"}],"predecessor-version":[{"id":14321,"href":"https:\/\/www.profexpo.ee\/foodfest\/wp-json\/wp\/v2\/pages\/14014\/revisions\/14321"}],"up":[{"embeddable":true,"href":"https:\/\/www.profexpo.ee\/foodfest\/wp-json\/wp\/v2\/pages\/10872"}],"wp:attachment":[{"href":"https:\/\/www.profexpo.ee\/foodfest\/wp-json\/wp\/v2\/media?parent=14014"}],"curies":[{"name":"wp","href":"https:\/\/api.w.org\/{rel}","templated":true}]}}