{"id":164,"date":"2016-03-15T14:11:33","date_gmt":"2016-03-15T12:11:33","guid":{"rendered":"http:\/\/www.profexpo.ee\/foodfest\/?page_id=164"},"modified":"2022-09-19T13:54:01","modified_gmt":"2022-09-19T10:54:01","slug":"mis-kus-millal","status":"publish","type":"page","link":"https:\/\/www.profexpo.ee\/foodfest\/kulastajale\/mis-kus-millal\/","title":{"rendered":"Mis, kus, millal?!"},"content":{"rendered":"<h1><strong>Mis, kus, millal?! Tallinn FoodFest messi k\u00fclastajainfo<\/strong><\/h1>\n<h3><span style=\"color: #4b2670;\"><strong>Toimumiskoht<\/strong><\/span><\/h3>\n<p>Eesti N\u00e4ituste messikeskus<br \/>\nPirita tee 28, Tallinn<\/p>\n<h3><span style=\"color: #4b2670;\"><strong>Avatud<\/strong><\/span><\/h3>\n<p>Neljap\u00e4eval, 29. septembril kell 10\u201317 (\u00e4rik\u00fclastajad)<br \/>\nReedel, 30. septembril kell 10\u201317 (\u00e4rik\u00fclastajad)<br \/>\nLaup\u00e4eval, 1. oktoobril kell 10\u201317 (k\u00f5ik k\u00fclastajad)<\/p>\n<h3><strong><span style=\"color: #4b2670;\">Sissep\u00e4\u00e4s<\/span><br \/>\n<\/strong><\/h3>\n<p><strong>Tallinn FoodFest on avatud erialak\u00fclastajatele<\/strong><br \/>\nNeljap\u00e4eval, 29. septembril, kell 10\u201317<br \/>\nReedel, 30. septembril, kell 10\u201317<\/p>\n<p>Messile p\u00e4\u00e4seb alates 18. eluaastast.<\/p>\n<p>Sissep\u00e4\u00e4s kutsete, kliendikaartide ja p\u00e4\u00e4smetega.<br \/>\nP\u00e4\u00e4se maksab k\u00f5igile k\u00fclastajatele 20 \u20ac.<br \/>\nKliendikaardiga sissep\u00e4\u00e4s maksab 10 \u20ac.<br \/>\nK\u00fclastuseks kehtivad ka messi kutsed. Juhime t\u00e4helepanu, et messi kutse kehtib alates 18. eluaastast. Messi kutse kehtib \u00fchekordseks k\u00fclastuseks.<\/p>\n<p><strong>Toidumess ootab k\u00f5iki hea toidu s\u00f5pru<\/strong><br \/>\nlaup\u00e4eval, 1. oktoobril, kell 10\u201317<\/p>\n<p>P\u00e4\u00e4se 8 \u20ac<br \/>\nKuni 12-aastased lapsed saavad \u00fcritusele tasuta kui on koos t\u00e4iskasvanuga.<\/p>\n<h3><span style=\"color: #4b2670;\"><strong>Sularaha \/ kaardimakse<\/strong><\/span><\/h3>\n<p>Messi p\u00e4\u00e4slas on kaardimakse v\u00f5imalus.<br \/>\nMessikeskuses ei ole sularaha automaati.<\/p>\n<h3><span style=\"color: #4b2670;\"><strong>Kuidas kohale j\u00f5uda<\/strong><\/span><\/h3>\n<p>Bussid nr 1A, 5, 8, 34A ja 38 peatus &#8220;Lauluv\u00e4ljak&#8221;. Buss s\u00f5idab linnast v\u00f5i linna ligikaudu 10 minutit.<br \/>\nTakso kesklinnast v\u00f5i kesklinna maksab hinnanguliselt 7 \u20ac, sadamast 7 \u20ac, Lennart Meri Tallinna lennujaamast 10 \u20ac.<\/p>\n<h3><span style=\"color: #4b2670;\"><strong>Parkimine<\/strong><\/span><\/h3>\n<p>Parkimine on messikeskuse ida-k\u00fcljel. Parkimise hind on 5 \u20ac p\u00e4ev. Parkla p\u00e4\u00e4se kehtib \u00fchekordseks sisses\u00f5iduks. Parklas on ca 400 parkimiskohta.<\/p>\n<h3><span style=\"color: #4b2670;\"><strong>Messi kataloog<\/strong><\/span><\/h3>\n<p>TFF kataloogi jagatakse messil tasuta.<\/p>\n<h3><span style=\"color: #4b2670;\"><strong>Garderoob<\/strong><\/span><\/h3>\n<p>Teie mugavamaks messik\u00fclastuse nautimiseks on fuajees garderoob. Garderoobi teenuse hind on 0,5 \u20ac, tasumine ainult sularahas.<\/p>\n","protected":false},"excerpt":{"rendered":"Mis, kus, millal?! Tallinn FoodFest messi k\u00fclastajainfo Toimumiskoht Eesti N\u00e4ituste messikeskus Pirita tee 28, Tallinn Avatud Neljap\u00e4eval, 29. septembril kell 10\u201317 (\u00e4rik\u00fclastajad) Reedel, 30. septembril kell 10\u201317 (\u00e4rik\u00fclastajad) Laup\u00e4eval, 1. oktoobril kell 10\u201317 (k\u00f5ik k\u00fclastajad) Sissep\u00e4\u00e4s Tallinn FoodFest on avatud erialak\u00fclastajatele Neljap\u00e4eval, 29. septembril, kell 10\u201317 Reedel, 30. septembril, kell 10\u201317 Messile p\u00e4\u00e4seb alates 18&#8230;. <a class=\"view-article\" href=\"https:\/\/www.profexpo.ee\/foodfest\/kulastajale\/mis-kus-millal\/\">Loe edasi<\/a>","protected":false},"author":3,"featured_media":0,"parent":11,"menu_order":1,"comment_status":"closed","ping_status":"closed","template":"","meta":{"footnotes":""},"class_list":["post-164","page","type-page","status-publish","hentry"],"yoast_head":"<!-- This site is optimized with the Yoast SEO plugin v24.7 - https:\/\/yoast.com\/wordpress\/plugins\/seo\/ -->\n<title>Mis, kus, millal?! - Tallinn FoodFest 2022<\/title>\n<meta name=\"robots\" content=\"index, follow, max-snippet:-1, max-image-preview:large, max-video-preview:-1\" \/>\n<link rel=\"canonical\" href=\"https:\/\/www.profexpo.ee\/foodfest\/kulastajale\/mis-kus-millal\/\" \/>\n<meta property=\"og:locale\" content=\"et_EE\" \/>\n<meta property=\"og:type\" content=\"article\" \/>\n<meta property=\"og:title\" content=\"Mis, kus, millal?! - Tallinn FoodFest 2022\" \/>\n<meta property=\"og:description\" content=\"Mis, kus, millal?! Tallinn FoodFest messi k\u00fclastajainfo Toimumiskoht Eesti N\u00e4ituste messikeskus Pirita tee 28, Tallinn Avatud Neljap\u00e4eval, 29. septembril kell 10\u201317 (\u00e4rik\u00fclastajad) Reedel, 30. septembril kell 10\u201317 (\u00e4rik\u00fclastajad) Laup\u00e4eval, 1. oktoobril kell 10\u201317 (k\u00f5ik k\u00fclastajad) Sissep\u00e4\u00e4s Tallinn FoodFest on avatud erialak\u00fclastajatele Neljap\u00e4eval, 29. septembril, kell 10\u201317 Reedel, 30. septembril, kell 10\u201317 Messile p\u00e4\u00e4seb alates 18.... Loe edasi\" \/>\n<meta property=\"og:url\" content=\"https:\/\/www.profexpo.ee\/foodfest\/kulastajale\/mis-kus-millal\/\" \/>\n<meta property=\"og:site_name\" content=\"Tallinn FoodFest 2022\" \/>\n<meta property=\"article:modified_time\" content=\"2022-09-19T10:54:01+00:00\" \/>\n<meta name=\"twitter:card\" content=\"summary_large_image\" \/>\n<meta name=\"twitter:label1\" content=\"Est. reading time\" \/>\n\t<meta name=\"twitter:data1\" content=\"1 minut\" \/>\n<script type=\"application\/ld+json\" class=\"yoast-schema-graph\">{\"@context\":\"https:\/\/schema.org\",\"@graph\":[{\"@type\":\"WebPage\",\"@id\":\"https:\/\/www.profexpo.ee\/foodfest\/kulastajale\/mis-kus-millal\/\",\"url\":\"https:\/\/www.profexpo.ee\/foodfest\/kulastajale\/mis-kus-millal\/\",\"name\":\"Mis, kus, millal?! - Tallinn FoodFest 2022\",\"isPartOf\":{\"@id\":\"https:\/\/www.profexpo.ee\/foodfest\/#website\"},\"datePublished\":\"2016-03-15T12:11:33+00:00\",\"dateModified\":\"2022-09-19T10:54:01+00:00\",\"breadcrumb\":{\"@id\":\"https:\/\/www.profexpo.ee\/foodfest\/kulastajale\/mis-kus-millal\/#breadcrumb\"},\"inLanguage\":\"et\",\"potentialAction\":[{\"@type\":\"ReadAction\",\"target\":[\"https:\/\/www.profexpo.ee\/foodfest\/kulastajale\/mis-kus-millal\/\"]}]},{\"@type\":\"BreadcrumbList\",\"@id\":\"https:\/\/www.profexpo.ee\/foodfest\/kulastajale\/mis-kus-millal\/#breadcrumb\",\"itemListElement\":[{\"@type\":\"ListItem\",\"position\":1,\"name\":\"Home\",\"item\":\"https:\/\/www.profexpo.ee\/foodfest\/\"},{\"@type\":\"ListItem\",\"position\":2,\"name\":\"K\u00fclastajale\",\"item\":\"https:\/\/www.profexpo.ee\/foodfest\/kulastajale\/\"},{\"@type\":\"ListItem\",\"position\":3,\"name\":\"Mis, kus, millal?!\"}]},{\"@type\":\"WebSite\",\"@id\":\"https:\/\/www.profexpo.ee\/foodfest\/#website\",\"url\":\"https:\/\/www.profexpo.ee\/foodfest\/\",\"name\":\"Tallinn FoodFest 2020\",\"description\":\"Tallinn FoodFest 2022\",\"potentialAction\":[{\"@type\":\"SearchAction\",\"target\":{\"@type\":\"EntryPoint\",\"urlTemplate\":\"https:\/\/www.profexpo.ee\/foodfest\/?s={search_term_string}\"},\"query-input\":{\"@type\":\"PropertyValueSpecification\",\"valueRequired\":true,\"valueName\":\"search_term_string\"}}],\"inLanguage\":\"et\"}]}<\/script>\n<!-- \/ Yoast SEO plugin. -->","yoast_head_json":{"title":"Mis, kus, millal?! - Tallinn FoodFest 2022","robots":{"index":"index","follow":"follow","max-snippet":"max-snippet:-1","max-image-preview":"max-image-preview:large","max-video-preview":"max-video-preview:-1"},"canonical":"https:\/\/www.profexpo.ee\/foodfest\/kulastajale\/mis-kus-millal\/","og_locale":"et_EE","og_type":"article","og_title":"Mis, kus, millal?! - Tallinn FoodFest 2022","og_description":"Mis, kus, millal?! Tallinn FoodFest messi k\u00fclastajainfo Toimumiskoht Eesti N\u00e4ituste messikeskus Pirita tee 28, Tallinn Avatud Neljap\u00e4eval, 29. septembril kell 10\u201317 (\u00e4rik\u00fclastajad) Reedel, 30. septembril kell 10\u201317 (\u00e4rik\u00fclastajad) Laup\u00e4eval, 1. oktoobril kell 10\u201317 (k\u00f5ik k\u00fclastajad) Sissep\u00e4\u00e4s Tallinn FoodFest on avatud erialak\u00fclastajatele Neljap\u00e4eval, 29. septembril, kell 10\u201317 Reedel, 30. septembril, kell 10\u201317 Messile p\u00e4\u00e4seb alates 18.... Loe edasi","og_url":"https:\/\/www.profexpo.ee\/foodfest\/kulastajale\/mis-kus-millal\/","og_site_name":"Tallinn FoodFest 2022","article_modified_time":"2022-09-19T10:54:01+00:00","twitter_card":"summary_large_image","twitter_misc":{"Est. reading time":"1 minut"},"schema":{"@context":"https:\/\/schema.org","@graph":[{"@type":"WebPage","@id":"https:\/\/www.profexpo.ee\/foodfest\/kulastajale\/mis-kus-millal\/","url":"https:\/\/www.profexpo.ee\/foodfest\/kulastajale\/mis-kus-millal\/","name":"Mis, kus, millal?! - Tallinn FoodFest 2022","isPartOf":{"@id":"https:\/\/www.profexpo.ee\/foodfest\/#website"},"datePublished":"2016-03-15T12:11:33+00:00","dateModified":"2022-09-19T10:54:01+00:00","breadcrumb":{"@id":"https:\/\/www.profexpo.ee\/foodfest\/kulastajale\/mis-kus-millal\/#breadcrumb"},"inLanguage":"et","potentialAction":[{"@type":"ReadAction","target":["https:\/\/www.profexpo.ee\/foodfest\/kulastajale\/mis-kus-millal\/"]}]},{"@type":"BreadcrumbList","@id":"https:\/\/www.profexpo.ee\/foodfest\/kulastajale\/mis-kus-millal\/#breadcrumb","itemListElement":[{"@type":"ListItem","position":1,"name":"Home","item":"https:\/\/www.profexpo.ee\/foodfest\/"},{"@type":"ListItem","position":2,"name":"K\u00fclastajale","item":"https:\/\/www.profexpo.ee\/foodfest\/kulastajale\/"},{"@type":"ListItem","position":3,"name":"Mis, kus, millal?!"}]},{"@type":"WebSite","@id":"https:\/\/www.profexpo.ee\/foodfest\/#website","url":"https:\/\/www.profexpo.ee\/foodfest\/","name":"Tallinn FoodFest 2020","description":"Tallinn FoodFest 2022","potentialAction":[{"@type":"SearchAction","target":{"@type":"EntryPoint","urlTemplate":"https:\/\/www.profexpo.ee\/foodfest\/?s={search_term_string}"},"query-input":{"@type":"PropertyValueSpecification","valueRequired":true,"valueName":"search_term_string"}}],"inLanguage":"et"}]}},"_links":{"self":[{"href":"https:\/\/www.profexpo.ee\/foodfest\/wp-json\/wp\/v2\/pages\/164","targetHints":{"allow":["GET"]}}],"collection":[{"href":"https:\/\/www.profexpo.ee\/foodfest\/wp-json\/wp\/v2\/pages"}],"about":[{"href":"https:\/\/www.profexpo.ee\/foodfest\/wp-json\/wp\/v2\/types\/page"}],"author":[{"embeddable":true,"href":"https:\/\/www.profexpo.ee\/foodfest\/wp-json\/wp\/v2\/users\/3"}],"replies":[{"embeddable":true,"href":"https:\/\/www.profexpo.ee\/foodfest\/wp-json\/wp\/v2\/comments?post=164"}],"version-history":[{"count":5,"href":"https:\/\/www.profexpo.ee\/foodfest\/wp-json\/wp\/v2\/pages\/164\/revisions"}],"predecessor-version":[{"id":14128,"href":"https:\/\/www.profexpo.ee\/foodfest\/wp-json\/wp\/v2\/pages\/164\/revisions\/14128"}],"up":[{"embeddable":true,"href":"https:\/\/www.profexpo.ee\/foodfest\/wp-json\/wp\/v2\/pages\/11"}],"wp:attachment":[{"href":"https:\/\/www.profexpo.ee\/foodfest\/wp-json\/wp\/v2\/media?parent=164"}],"curies":[{"name":"wp","href":"https:\/\/api.w.org\/{rel}","templated":true}]}}