{"id":2381,"date":"2016-09-18T19:18:56","date_gmt":"2016-09-18T16:18:56","guid":{"rendered":"http:\/\/www.profexpo.ee\/foodfest\/?page_id=2381"},"modified":"2022-09-28T17:50:33","modified_gmt":"2022-09-28T14:50:33","slug":"aasta-kokk-2022","status":"publish","type":"page","link":"https:\/\/www.profexpo.ee\/foodfest\/programm-2\/aasta-kokk-2022\/","title":{"rendered":"Aasta kokk 2022"},"content":{"rendered":"<h1><strong>28. Eesti kokkade meistriv\u00f5istlused tiitlile Aasta kokk 2022<\/strong><\/h1>\n<p>Eesti aasta koka v\u00f5istlused on pika ja v\u00e4\u00e4rika traditsiooniga toidumessi programmi \u00fcheks nurgakiviks.<br \/>\n\u201eAasta Kokk 2022\u201c on 28. korda toimuv Eesti k\u00f6\u00f6ki, restoranikultuuri ja Eesti toidukultuuri edendav \u00fcritus. V\u00f5istlejad saavad v\u00e4ljendada oma v\u00f5istlust\u00f6\u00f6dega loovat m\u00f5tlemist ja kulinaarset v\u00f5imekust.<\/p>\n<h3><strong>V\u00f5istluste tutvustus<\/strong><\/h3>\n<p>Eelvooru tulemuste p\u00f5hjal nimetatakse kuus v\u00f5istluste finaali edasip\u00e4\u00e4senut. V\u00f5istluste finaalis tuleb osav\u00f5tjatel valmistada seitse portsjonit kuuma eelrooga (kohustuslik tooraine ahven), kuuma pearooga (\u00c4ntsu m\u00f5isa broiler ja nuikapsas) ning vegan magustoit (kaer). V\u00f5istlust\u00f6\u00f6ks on aega 5 tundi ja 30 minutit. T\u00f6id hindab rahvusvaheline kohtunikekogu.<\/p>\n<h3><strong>Autasustamine<\/strong><\/h3>\n<p>V\u00f5istluste v\u00f5itja kuulutatakse tiitli \u201eAasta Kokk 2022\u201c omanikuks ja sellega koos antakse \u00fcle Profexpo r\u00e4ndkarikas.\u00a0 Esikolmikut autasustatakse Eesti Peakokkade \u00dchenduse koost\u00f6\u00f6partnerite auhindade, medali ja diplomiga.<\/p>\n<h3><strong>Osav\u00f5tutingimused ja registreerimine<\/strong><\/h3>\n<p><a href=\"https:\/\/chef.ee\/uritused\/aasta-kokk\/\">Osav\u00f5tutingimused<\/a><\/p>\n<h3>Osalejad<\/h3>\n<table style=\"width: 54.9074%;\" width=\"590\">\n<tbody>\n<tr>\n<td style=\"width: 35.7022%;\" width=\"314\">Alexey Aleksandrov<\/td>\n<td style=\"width: 31.4096%;\" width=\"276\">Bombay Hotels O\u00dc<\/td>\n<\/tr>\n<tr>\n<td style=\"width: 35.7022%;\">Jevgeni Kolikov<\/td>\n<td style=\"width: 31.4096%;\">P\u00f5hjala catering<\/td>\n<\/tr>\n<tr>\n<td style=\"width: 35.7022%;\">Stella Kurik<\/td>\n<td style=\"width: 31.4096%;\">Fotografiska Restoran<\/td>\n<\/tr>\n<tr>\n<td style=\"width: 35.7022%;\">Maksim Ivanu\u0161kin<\/td>\n<td style=\"width: 31.4096%;\">Kogu Resto O\u00dc<\/td>\n<\/tr>\n<tr>\n<td style=\"width: 35.7022%;\">German Macharashvili<\/td>\n<td style=\"width: 31.4096%;\">Grand Rose spa<\/td>\n<\/tr>\n<tr>\n<td style=\"width: 35.7022%;\">Helena Vallim\u00e4e<\/td>\n<td style=\"width: 31.4096%;\">Restoran Wicca<\/td>\n<\/tr>\n<\/tbody>\n<\/table>\n<h3>Kohtunikud<\/h3>\n<p>Peakohtunik: Emmanuel Wille<\/p>\n<p>Kohtunikud: Ivan Derizemlja, Marcus Hallgren (SWE), Tapio Laine (FIN), Jeppe Foldager (DEN), Dominic Moreaud (FRA)<\/p>\n<p>K\u00f6\u00f6gikohtunikud: Juhan Heinsalu, Urpo Reinthal<\/p>\n<h3><strong>L\u00f5ppv\u00f5istluse aeg<\/strong><\/h3>\n<p>Reede, 29. september kell 10:00-15:00<\/p>\n<p>Aasta kokk 2022 auhinna gala kell 19:00<\/p>\n<h3><strong>Koht<\/strong><\/h3>\n<p>Eesti N\u00e4ituste messikeskus<\/p>\n<h3><strong>Korraldajad<\/strong><\/h3>\n<p>Eesti Peakokkade \u00dchendus<img loading=\"lazy\" decoding=\"async\" width=\"100\" height=\"105\" class=\"size-full wp-image-1435 alignright\" src=\"https:\/\/www.profexpo.ee\/foodfest\/wp-content\/uploads\/2016\/03\/EP\u00dc-logo-e1459681191636.jpg\" alt=\"\" \/><br \/>\nProfexpo O\u00dc<img loading=\"lazy\" decoding=\"async\" class=\"wp-image-1325 alignright\" src=\"https:\/\/www.profexpo.ee\/foodfest\/wp-content\/uploads\/2016\/03\/Profexpo-logo-2-e1459442305507.jpg\" alt=\"\" width=\"142\" height=\"65\" \/><\/p>\n<h3><strong>Info ja kontakt<\/strong><\/h3>\n<p>Taigo Lepik, korraldustoimkonna juht, tel 5650 5698,\u00a0<a href=\"mailto:voistlused@chef.ee\">voistlused@chef.ee<\/a>, EP\u00dc, <a href=\"http:\/\/www.chef.ee\">www.chef.ee<\/a><br \/>\nKennet Sarv, tel 52 71 095, <a href=\"http:\/\/kennet.sarv@profexpo.ee\">kennet.sarv@profexpo.ee<\/a>, Profexpo O\u00dc<\/p>\n<h3><strong>Konkursi suurtoetaja<\/strong><\/h3>\n<p><img loading=\"lazy\" decoding=\"async\" class=\"wp-image-8406 alignnone\" src=\"https:\/\/www.profexpo.ee\/foodfest\/wp-content\/uploads\/2016\/08\/Electrolux_Professional_logo_master_blue_RGB_x400px.jpg\" alt=\"\" width=\"265\" height=\"61\" srcset=\"https:\/\/www.profexpo.ee\/foodfest\/wp-content\/uploads\/2016\/08\/Electrolux_Professional_logo_master_blue_RGB_x400px.jpg 400w, https:\/\/www.profexpo.ee\/foodfest\/wp-content\/uploads\/2016\/08\/Electrolux_Professional_logo_master_blue_RGB_x400px-250x58.jpg 250w, https:\/\/www.profexpo.ee\/foodfest\/wp-content\/uploads\/2016\/08\/Electrolux_Professional_logo_master_blue_RGB_x400px-120x28.jpg 120w\" sizes=\"auto, (max-width: 265px) 100vw, 265px\" \/><\/p>\n<p>&nbsp;<\/p>\n<table class=\" aligncenter\">\n<tbody>\n<tr>\n<td>\n<h3><strong>Aasta kokk tiitli v\u00f5itjad l\u00e4bi aegade<\/strong><\/h3>\n<\/td>\n<\/tr>\n<tr>\n<td>2021 Ivan Derizemlija<br \/>\n2020 Noel Moglia<br \/>\n2019 C\u00e4tlyn Priks<br \/>\n2018 Vladislav Borovik<br \/>\n2017 Piret Pusse<br \/>\n2016 Alexander Kolomar<br \/>\n2015 Kert R\u00e4nk<br \/>\n2014 Dmitri Fjodorov<br \/>\n2013 Pavel Gurjanov<br \/>\n2012 Vladimir Upeniek<br \/>\n2011 Vladislav Korpusov<br \/>\n2010 Sander V\u00e4\u00e4rt<br \/>\n2009 Martin Meikas<br \/>\n2008 Peeter Pihel<br \/>\n2007 Oleg S\u00f5tsov<br \/>\n2006 Christen Agu<br \/>\n2005 Inga Paenurm<br \/>\n2004 Dmitri Bannikov<br \/>\n2003 Vladislav Djatshuk<br \/>\n2002 Heidi Pinnak<br \/>\n2001 Oleg Alasi<br \/>\n2000 Hendrik Voolmaa<br \/>\n1999 Edgars Kubetskis<br \/>\n1998 Priit Toomits<br \/>\n1997 Anti Lepik<br \/>\n1996 Eveli Limbach<br \/>\n1995 Tarmo Kebbinau<\/td>\n<\/tr>\n<\/tbody>\n<\/table>\n","protected":false},"excerpt":{"rendered":"28. Eesti kokkade meistriv\u00f5istlused tiitlile Aasta kokk 2022 Eesti aasta koka v\u00f5istlused on pika ja v\u00e4\u00e4rika traditsiooniga toidumessi programmi \u00fcheks nurgakiviks. \u201eAasta Kokk 2022\u201c on 28. korda toimuv Eesti k\u00f6\u00f6ki, restoranikultuuri ja Eesti toidukultuuri edendav \u00fcritus. V\u00f5istlejad saavad v\u00e4ljendada oma v\u00f5istlust\u00f6\u00f6dega loovat m\u00f5tlemist ja kulinaarset v\u00f5imekust. V\u00f5istluste tutvustus Eelvooru tulemuste p\u00f5hjal nimetatakse kuus v\u00f5istluste finaali&#8230; <a class=\"view-article\" href=\"https:\/\/www.profexpo.ee\/foodfest\/programm-2\/aasta-kokk-2022\/\">Loe edasi<\/a>","protected":false},"author":3,"featured_media":0,"parent":10872,"menu_order":9,"comment_status":"closed","ping_status":"closed","template":"","meta":{"footnotes":""},"class_list":["post-2381","page","type-page","status-publish","hentry"],"yoast_head":"<!-- This site is optimized with the Yoast SEO plugin v24.7 - https:\/\/yoast.com\/wordpress\/plugins\/seo\/ -->\n<title>Aasta kokk 2022 - Tallinn FoodFest 2022<\/title>\n<meta name=\"robots\" content=\"index, follow, max-snippet:-1, max-image-preview:large, max-video-preview:-1\" \/>\n<link rel=\"canonical\" href=\"https:\/\/www.profexpo.ee\/foodfest\/programm-2\/aasta-kokk-2022\/\" \/>\n<meta property=\"og:locale\" content=\"et_EE\" \/>\n<meta property=\"og:type\" content=\"article\" \/>\n<meta property=\"og:title\" content=\"Aasta kokk 2022 - Tallinn FoodFest 2022\" \/>\n<meta property=\"og:description\" content=\"28. Eesti kokkade meistriv\u00f5istlused tiitlile Aasta kokk 2022 Eesti aasta koka v\u00f5istlused on pika ja v\u00e4\u00e4rika traditsiooniga toidumessi programmi \u00fcheks nurgakiviks. \u201eAasta Kokk 2022\u201c on 28. korda toimuv Eesti k\u00f6\u00f6ki, restoranikultuuri ja Eesti toidukultuuri edendav \u00fcritus. V\u00f5istlejad saavad v\u00e4ljendada oma v\u00f5istlust\u00f6\u00f6dega loovat m\u00f5tlemist ja kulinaarset v\u00f5imekust. V\u00f5istluste tutvustus Eelvooru tulemuste p\u00f5hjal nimetatakse kuus v\u00f5istluste finaali... Loe edasi\" \/>\n<meta property=\"og:url\" content=\"https:\/\/www.profexpo.ee\/foodfest\/programm-2\/aasta-kokk-2022\/\" \/>\n<meta property=\"og:site_name\" content=\"Tallinn FoodFest 2022\" \/>\n<meta property=\"article:modified_time\" content=\"2022-09-28T14:50:33+00:00\" \/>\n<meta property=\"og:image\" content=\"http:\/\/www.profexpo.ee\/foodfest\/wp-content\/uploads\/2016\/03\/Profexpo-logo-2-e1459442305507.jpg\" \/>\n<meta name=\"twitter:card\" content=\"summary_large_image\" \/>\n<meta name=\"twitter:label1\" content=\"Est. reading time\" \/>\n\t<meta name=\"twitter:data1\" content=\"2 minutit\" \/>\n<script type=\"application\/ld+json\" class=\"yoast-schema-graph\">{\"@context\":\"https:\/\/schema.org\",\"@graph\":[{\"@type\":\"WebPage\",\"@id\":\"https:\/\/www.profexpo.ee\/foodfest\/programm-2\/aasta-kokk-2022\/\",\"url\":\"https:\/\/www.profexpo.ee\/foodfest\/programm-2\/aasta-kokk-2022\/\",\"name\":\"Aasta kokk 2022 - Tallinn FoodFest 2022\",\"isPartOf\":{\"@id\":\"https:\/\/www.profexpo.ee\/foodfest\/#website\"},\"primaryImageOfPage\":{\"@id\":\"https:\/\/www.profexpo.ee\/foodfest\/programm-2\/aasta-kokk-2022\/#primaryimage\"},\"image\":{\"@id\":\"https:\/\/www.profexpo.ee\/foodfest\/programm-2\/aasta-kokk-2022\/#primaryimage\"},\"thumbnailUrl\":\"http:\/\/www.profexpo.ee\/foodfest\/wp-content\/uploads\/2016\/03\/Profexpo-logo-2-e1459442305507.jpg\",\"datePublished\":\"2016-09-18T16:18:56+00:00\",\"dateModified\":\"2022-09-28T14:50:33+00:00\",\"breadcrumb\":{\"@id\":\"https:\/\/www.profexpo.ee\/foodfest\/programm-2\/aasta-kokk-2022\/#breadcrumb\"},\"inLanguage\":\"et\",\"potentialAction\":[{\"@type\":\"ReadAction\",\"target\":[\"https:\/\/www.profexpo.ee\/foodfest\/programm-2\/aasta-kokk-2022\/\"]}]},{\"@type\":\"ImageObject\",\"inLanguage\":\"et\",\"@id\":\"https:\/\/www.profexpo.ee\/foodfest\/programm-2\/aasta-kokk-2022\/#primaryimage\",\"url\":\"http:\/\/www.profexpo.ee\/foodfest\/wp-content\/uploads\/2016\/03\/Profexpo-logo-2-e1459442305507.jpg\",\"contentUrl\":\"http:\/\/www.profexpo.ee\/foodfest\/wp-content\/uploads\/2016\/03\/Profexpo-logo-2-e1459442305507.jpg\"},{\"@type\":\"BreadcrumbList\",\"@id\":\"https:\/\/www.profexpo.ee\/foodfest\/programm-2\/aasta-kokk-2022\/#breadcrumb\",\"itemListElement\":[{\"@type\":\"ListItem\",\"position\":1,\"name\":\"Home\",\"item\":\"https:\/\/www.profexpo.ee\/foodfest\/\"},{\"@type\":\"ListItem\",\"position\":2,\"name\":\"Programm\",\"item\":\"https:\/\/www.profexpo.ee\/foodfest\/programm-2\/\"},{\"@type\":\"ListItem\",\"position\":3,\"name\":\"Aasta kokk 2022\"}]},{\"@type\":\"WebSite\",\"@id\":\"https:\/\/www.profexpo.ee\/foodfest\/#website\",\"url\":\"https:\/\/www.profexpo.ee\/foodfest\/\",\"name\":\"Tallinn FoodFest 2020\",\"description\":\"Tallinn FoodFest 2022\",\"potentialAction\":[{\"@type\":\"SearchAction\",\"target\":{\"@type\":\"EntryPoint\",\"urlTemplate\":\"https:\/\/www.profexpo.ee\/foodfest\/?s={search_term_string}\"},\"query-input\":{\"@type\":\"PropertyValueSpecification\",\"valueRequired\":true,\"valueName\":\"search_term_string\"}}],\"inLanguage\":\"et\"}]}<\/script>\n<!-- \/ Yoast SEO plugin. -->","yoast_head_json":{"title":"Aasta kokk 2022 - Tallinn FoodFest 2022","robots":{"index":"index","follow":"follow","max-snippet":"max-snippet:-1","max-image-preview":"max-image-preview:large","max-video-preview":"max-video-preview:-1"},"canonical":"https:\/\/www.profexpo.ee\/foodfest\/programm-2\/aasta-kokk-2022\/","og_locale":"et_EE","og_type":"article","og_title":"Aasta kokk 2022 - Tallinn FoodFest 2022","og_description":"28. Eesti kokkade meistriv\u00f5istlused tiitlile Aasta kokk 2022 Eesti aasta koka v\u00f5istlused on pika ja v\u00e4\u00e4rika traditsiooniga toidumessi programmi \u00fcheks nurgakiviks. \u201eAasta Kokk 2022\u201c on 28. korda toimuv Eesti k\u00f6\u00f6ki, restoranikultuuri ja Eesti toidukultuuri edendav \u00fcritus. V\u00f5istlejad saavad v\u00e4ljendada oma v\u00f5istlust\u00f6\u00f6dega loovat m\u00f5tlemist ja kulinaarset v\u00f5imekust. V\u00f5istluste tutvustus Eelvooru tulemuste p\u00f5hjal nimetatakse kuus v\u00f5istluste finaali... Loe edasi","og_url":"https:\/\/www.profexpo.ee\/foodfest\/programm-2\/aasta-kokk-2022\/","og_site_name":"Tallinn FoodFest 2022","article_modified_time":"2022-09-28T14:50:33+00:00","og_image":[{"url":"http:\/\/www.profexpo.ee\/foodfest\/wp-content\/uploads\/2016\/03\/Profexpo-logo-2-e1459442305507.jpg","type":"","width":"","height":""}],"twitter_card":"summary_large_image","twitter_misc":{"Est. reading time":"2 minutit"},"schema":{"@context":"https:\/\/schema.org","@graph":[{"@type":"WebPage","@id":"https:\/\/www.profexpo.ee\/foodfest\/programm-2\/aasta-kokk-2022\/","url":"https:\/\/www.profexpo.ee\/foodfest\/programm-2\/aasta-kokk-2022\/","name":"Aasta kokk 2022 - Tallinn FoodFest 2022","isPartOf":{"@id":"https:\/\/www.profexpo.ee\/foodfest\/#website"},"primaryImageOfPage":{"@id":"https:\/\/www.profexpo.ee\/foodfest\/programm-2\/aasta-kokk-2022\/#primaryimage"},"image":{"@id":"https:\/\/www.profexpo.ee\/foodfest\/programm-2\/aasta-kokk-2022\/#primaryimage"},"thumbnailUrl":"http:\/\/www.profexpo.ee\/foodfest\/wp-content\/uploads\/2016\/03\/Profexpo-logo-2-e1459442305507.jpg","datePublished":"2016-09-18T16:18:56+00:00","dateModified":"2022-09-28T14:50:33+00:00","breadcrumb":{"@id":"https:\/\/www.profexpo.ee\/foodfest\/programm-2\/aasta-kokk-2022\/#breadcrumb"},"inLanguage":"et","potentialAction":[{"@type":"ReadAction","target":["https:\/\/www.profexpo.ee\/foodfest\/programm-2\/aasta-kokk-2022\/"]}]},{"@type":"ImageObject","inLanguage":"et","@id":"https:\/\/www.profexpo.ee\/foodfest\/programm-2\/aasta-kokk-2022\/#primaryimage","url":"http:\/\/www.profexpo.ee\/foodfest\/wp-content\/uploads\/2016\/03\/Profexpo-logo-2-e1459442305507.jpg","contentUrl":"http:\/\/www.profexpo.ee\/foodfest\/wp-content\/uploads\/2016\/03\/Profexpo-logo-2-e1459442305507.jpg"},{"@type":"BreadcrumbList","@id":"https:\/\/www.profexpo.ee\/foodfest\/programm-2\/aasta-kokk-2022\/#breadcrumb","itemListElement":[{"@type":"ListItem","position":1,"name":"Home","item":"https:\/\/www.profexpo.ee\/foodfest\/"},{"@type":"ListItem","position":2,"name":"Programm","item":"https:\/\/www.profexpo.ee\/foodfest\/programm-2\/"},{"@type":"ListItem","position":3,"name":"Aasta kokk 2022"}]},{"@type":"WebSite","@id":"https:\/\/www.profexpo.ee\/foodfest\/#website","url":"https:\/\/www.profexpo.ee\/foodfest\/","name":"Tallinn FoodFest 2020","description":"Tallinn FoodFest 2022","potentialAction":[{"@type":"SearchAction","target":{"@type":"EntryPoint","urlTemplate":"https:\/\/www.profexpo.ee\/foodfest\/?s={search_term_string}"},"query-input":{"@type":"PropertyValueSpecification","valueRequired":true,"valueName":"search_term_string"}}],"inLanguage":"et"}]}},"_links":{"self":[{"href":"https:\/\/www.profexpo.ee\/foodfest\/wp-json\/wp\/v2\/pages\/2381","targetHints":{"allow":["GET"]}}],"collection":[{"href":"https:\/\/www.profexpo.ee\/foodfest\/wp-json\/wp\/v2\/pages"}],"about":[{"href":"https:\/\/www.profexpo.ee\/foodfest\/wp-json\/wp\/v2\/types\/page"}],"author":[{"embeddable":true,"href":"https:\/\/www.profexpo.ee\/foodfest\/wp-json\/wp\/v2\/users\/3"}],"replies":[{"embeddable":true,"href":"https:\/\/www.profexpo.ee\/foodfest\/wp-json\/wp\/v2\/comments?post=2381"}],"version-history":[{"count":5,"href":"https:\/\/www.profexpo.ee\/foodfest\/wp-json\/wp\/v2\/pages\/2381\/revisions"}],"predecessor-version":[{"id":14324,"href":"https:\/\/www.profexpo.ee\/foodfest\/wp-json\/wp\/v2\/pages\/2381\/revisions\/14324"}],"up":[{"embeddable":true,"href":"https:\/\/www.profexpo.ee\/foodfest\/wp-json\/wp\/v2\/pages\/10872"}],"wp:attachment":[{"href":"https:\/\/www.profexpo.ee\/foodfest\/wp-json\/wp\/v2\/media?parent=2381"}],"curies":[{"name":"wp","href":"https:\/\/api.w.org\/{rel}","templated":true}]}}