{"id":2577,"date":"2016-09-24T13:50:25","date_gmt":"2016-09-24T10:50:25","guid":{"rendered":"http:\/\/www.profexpo.ee\/foodfest\/?page_id=2577"},"modified":"2022-09-06T13:01:43","modified_gmt":"2022-09-06T10:01:43","slug":"aasta-kokaraamat-2022","status":"publish","type":"page","link":"https:\/\/www.profexpo.ee\/foodfest\/programm-2\/aasta-kokaraamat-2022\/","title":{"rendered":"Aasta kokaraamat 2022"},"content":{"rendered":"<h1><strong>Raamatukonkurss \u201eAasta kokaraamat 2022\u201d<\/strong><\/h1>\n<p>Profexpo O\u00dc koos Eesti Kirjastuste Liiduga kutsub taas osalema Toidumessi Tallinn FoodFest raames toimuval konkursil \u201eAasta kokaraamat 2022\u201d.<\/p>\n<h3><strong>Aasta kokaraamat 2022 v\u00f5istluse eesm\u00e4rgid on:<a href=\"https:\/\/www.profexpo.ee\/foodfest\/wp-content\/uploads\/2022\/09\/Kokaraamat_logo_2022-01.png\"><img loading=\"lazy\" decoding=\"async\" class=\"alignright wp-image-13861 size-thumbnail\" src=\"https:\/\/www.profexpo.ee\/foodfest\/wp-content\/uploads\/2022\/09\/Kokaraamat_logo_2022-01-150x150.png\" alt=\"\" width=\"150\" height=\"150\" srcset=\"https:\/\/www.profexpo.ee\/foodfest\/wp-content\/uploads\/2022\/09\/Kokaraamat_logo_2022-01-150x150.png 150w, https:\/\/www.profexpo.ee\/foodfest\/wp-content\/uploads\/2022\/09\/Kokaraamat_logo_2022-01-250x249.png 250w, https:\/\/www.profexpo.ee\/foodfest\/wp-content\/uploads\/2022\/09\/Kokaraamat_logo_2022-01-700x696.png 700w, https:\/\/www.profexpo.ee\/foodfest\/wp-content\/uploads\/2022\/09\/Kokaraamat_logo_2022-01-768x764.png 768w, https:\/\/www.profexpo.ee\/foodfest\/wp-content\/uploads\/2022\/09\/Kokaraamat_logo_2022-01-450x447.png 450w, https:\/\/www.profexpo.ee\/foodfest\/wp-content\/uploads\/2022\/09\/Kokaraamat_logo_2022-01-900x895.png 900w, https:\/\/www.profexpo.ee\/foodfest\/wp-content\/uploads\/2022\/09\/Kokaraamat_logo_2022-01-120x119.png 120w, https:\/\/www.profexpo.ee\/foodfest\/wp-content\/uploads\/2022\/09\/Kokaraamat_logo_2022-01.png 1258w\" sizes=\"auto, (max-width: 150px) 100vw, 150px\" \/><\/a><\/strong><\/h3>\n<ul>\n<li>tutvustada aasta jooksul ilmunud kokandusteemalist kirjandust tava- ja ametialasele tarbijale;<\/li>\n<li>toetada eestikeelse kokandusalase kirjanduse ilmumist, arengut ning traditsiooni;<\/li>\n<li>tunnustada parimate v\u00e4ljaannete autoreid ning kirjastusi;<\/li>\n<li>luua v\u00f5imalus vahetuks kontaktiks raamatu loojatele, v\u00e4ljaandjatele ning tarbijatele temaatilises keskkonnas \u2013 toidumessil.<\/li>\n<\/ul>\n<h3><strong>V\u00f5istluse tutvustus<\/strong><\/h3>\n<p>Osalema on oodatud k\u00f5ik Eesti kirjastused ning autorid kokaraamatutega, mis on ilmunud ajavahemikul 1. oktoober 2021 kuni 10. september 2022. V\u00f5istlus jaguneb kahte kategooriasse: kodu- ning v\u00e4lismaine (t\u00f5lke-) kokaraamat.<\/p>\n<p>Aasta kokaraamatu tiitel antakse Eesti algup\u00e4randile. Parimat t\u00f5lkeraamatut tunnustatakse diplomiga. Lisaks on \u017e\u00fcriil v\u00f5imalus anda v\u00e4lja ka teisi eripreemiaid.<em>\u00a0<\/em>Konkursil tunnustatud raamatud saavad konkursi kujundusega m\u00e4rgise ja v\u00e4ljapaneku Apollo ja Rahva Raamatu poodides.<\/p>\n<p><strong>Registreerimist\u00e4htaeg<br \/>\n<\/strong><\/p>\n<p>16. september 2022<\/p>\n<h3>Osav\u00f5tutingimused ja registreerimine<\/h3>\n<p><a href=\"https:\/\/www.profexpo.ee\/foodfest\/wp-content\/uploads\/2022\/09\/Aasta-kokaraamat-2022-osavotutingimused.pdf\">Osav\u00f5tutingimused<\/a><br \/>\n<a href=\"https:\/\/www.profexpo.ee\/foodfest\/aasta-kokaraamat\/\" target=\"_blank\" rel=\"noopener noreferrer\">Registreerimisvorm<\/a><\/p>\n<h3><b>Korraldajad\u00a0\u00a0<a href=\"https:\/\/www.profexpo.ee\/foodfest\/wp-content\/uploads\/2018\/09\/Profexpo-logo-2-250x115.jpg\"><br \/>\n<\/a><\/b><\/h3>\n<p><img loading=\"lazy\" decoding=\"async\" class=\"wp-image-4504\" src=\"https:\/\/www.profexpo.ee\/foodfest\/wp-content\/uploads\/2018\/09\/Profexpo-logo-2-250x115.jpg\" alt=\"Profexpo O\u00dc\" width=\"180\" height=\"83\" srcset=\"https:\/\/www.profexpo.ee\/foodfest\/wp-content\/uploads\/2018\/09\/Profexpo-logo-2-250x115.jpg 250w, https:\/\/www.profexpo.ee\/foodfest\/wp-content\/uploads\/2018\/09\/Profexpo-logo-2-250x115-120x55.jpg 120w\" sizes=\"auto, (max-width: 180px) 100vw, 180px\" \/>\u00a0 \u00a0 \u00a0 \u00a0 \u00a0 \u00a0<img loading=\"lazy\" decoding=\"async\" class=\"wp-image-4502\" src=\"https:\/\/www.profexpo.ee\/foodfest\/wp-content\/uploads\/2018\/09\/eesti-kirjastusteliit-logo-1-250x124.jpg\" alt=\"Eesti Kirjastuste Liit\" width=\"161\" height=\"80\" srcset=\"https:\/\/www.profexpo.ee\/foodfest\/wp-content\/uploads\/2018\/09\/eesti-kirjastusteliit-logo-1-250x124.jpg 250w, https:\/\/www.profexpo.ee\/foodfest\/wp-content\/uploads\/2018\/09\/eesti-kirjastusteliit-logo-1-250x124-120x60.jpg 120w\" sizes=\"auto, (max-width: 161px) 100vw, 161px\" \/><\/p>\n<p>&nbsp;<\/p>\n<h3><b>Koost\u00f6\u00f6partnerid<\/b><\/h3>\n<p><img loading=\"lazy\" decoding=\"async\" class=\"alignleft wp-image-10691\" src=\"https:\/\/www.profexpo.ee\/foodfest\/wp-content\/uploads\/2020\/09\/RahvaRaamat-logo_1.png\" alt=\"\" width=\"255\" height=\"65\" srcset=\"https:\/\/www.profexpo.ee\/foodfest\/wp-content\/uploads\/2020\/09\/RahvaRaamat-logo_1.png 506w, https:\/\/www.profexpo.ee\/foodfest\/wp-content\/uploads\/2020\/09\/RahvaRaamat-logo_1-250x64.png 250w, https:\/\/www.profexpo.ee\/foodfest\/wp-content\/uploads\/2020\/09\/RahvaRaamat-logo_1-450x115.png 450w, https:\/\/www.profexpo.ee\/foodfest\/wp-content\/uploads\/2020\/09\/RahvaRaamat-logo_1-120x31.png 120w\" sizes=\"auto, (max-width: 255px) 100vw, 255px\" \/>\u00a0 \u00a0 \u00a0 \u00a0 \u00a0 \u00a0 \u00a0<img loading=\"lazy\" decoding=\"async\" class=\"wp-image-4496\" src=\"https:\/\/www.profexpo.ee\/foodfest\/wp-content\/uploads\/2018\/09\/Teko-logo.jpg\" alt=\"Tallinna Teeninduskool\" width=\"107\" height=\"71\" srcset=\"https:\/\/www.profexpo.ee\/foodfest\/wp-content\/uploads\/2018\/09\/Teko-logo.jpg 188w, https:\/\/www.profexpo.ee\/foodfest\/wp-content\/uploads\/2018\/09\/Teko-logo-120x80.jpg 120w\" sizes=\"auto, (max-width: 107px) 100vw, 107px\" \/>\u00a0 \u00a0 \u00a0 \u00a0 \u00a0 \u00a0 \u00a0 \u00a0<img loading=\"lazy\" decoding=\"async\" class=\"wp-image-4498 alignnone\" src=\"https:\/\/www.profexpo.ee\/foodfest\/wp-content\/uploads\/2018\/09\/Apollo-logo-250x106-1.png\" alt=\"\" width=\"127\" height=\"54\" srcset=\"https:\/\/www.profexpo.ee\/foodfest\/wp-content\/uploads\/2018\/09\/Apollo-logo-250x106-1.png 250w, https:\/\/www.profexpo.ee\/foodfest\/wp-content\/uploads\/2018\/09\/Apollo-logo-250x106-1-120x51.png 120w\" sizes=\"auto, (max-width: 127px) 100vw, 127px\" \/><\/p>\n<h3><strong>Info ja kontakt<\/strong><\/h3>\n<p>Kaidi Urmet, tel 50 67 423,\u00a0<a href=\"mailto:info@estbook.com\">info@estbook.com<\/a>, Eesti Kirjastuste Liit<br \/>\nKennet Sarv, tel 52 71 095,\u00a0<a href=\"http:\/\/kennet.sarv@profexpo.ee\/\">kennet.sarv@profexpo.ee<\/a>, Profexpo O\u00dc<\/p>\n<h3><strong>Eelmiste aastate v\u00f5itjad<\/strong><\/h3>\n<p><strong>Aasta kokaraamat 2021<br \/>\n<\/strong>\u201eMinu uus k\u00f6\u00f6k. Koogid &#8211; lihtsad ja k\u00fcpsetamata\u201d autor on Ragne V\u00e4rk, kirjastus Food Digital O\u00dc<strong><br \/>\nAasta kokaraamat 2020<br \/>\n<\/strong>\u201eMinu prantsuse kullakesed\u201d autor on Marika Sinkkonen, kirjastus Tordikool O\u00dc<br \/>\n<strong>Aasta kokaraamat 2019<br \/>\n<\/strong>\u201eEesti Naise kokaraamat\u201d autor on Lia Virkus, kirjastus Hea Lugu<br \/>\n<strong>Aasta kokaraamat 2018<br \/>\n<\/strong>\u201eSupp. K\u00fclm. Soe. Soolane. Magus\u201d autor on Kristina Efert, kirjastus Varrak<strong><br \/>\n<\/strong><strong>Aasta kokaraamat 2017<br \/>\n<\/strong>\u201eNostalgilised tordid ja koogid\u201d autor on Eva P\u00e4rtel, Ajakirjade Kirjastus AS<strong><br \/>\nAasta kokaraamat 2016<br \/>\n<\/strong>\u201eSuhkruingli magusad lauad\u201d autorid on Kertu Lukas, Kristi Jalakas, Katrin Press, Ajakirjade Kirjastus AS<strong><br \/>\nAasta kokaraamat 2015<br \/>\n<\/strong>\u201eArmastusega Kihnust, uut ja vana saarek\u00f6\u00f6gist&#8221; autorid Jana Ruubel ja Hele-Mai Alamaa, Ajakirjade Kirjastus AS<br \/>\n<strong>Aasta kokaraamat 2014<\/strong><br \/>\n\u201eV\u00e4rvid toidus&#8221; autor Maia Sm\u00f5slova, Ajakirjade Kirjastus AS<br \/>\n<strong>Aasta kokaraamat 2013<\/strong><br \/>\n\u201eLia k\u00f6\u00f6k &#8211; pere ja s\u00f5prade lemmikud&#8221; autor Lia Virkus, Ajakirjade Kirjastus AS<br \/>\n<strong>Aasta kokaraamat 2012<\/strong><br \/>\n\u201eSetost Saarteni. Eesti perede lemmikretseptid&#8221; autor Heidi Vihma, Menu Kirjastus<br \/>\n<strong>Aasta kokaraamat 2011<\/strong><br \/>\n\u201eItaalias, Pelgulinnas ja Sepamaal&#8221; Autor Anni Arro, Menu Kirjastus<br \/>\n<strong>Aasta kokaraamat 2010<\/strong><br \/>\n\u201eHoidised&#8221; Autor Aive Luigele, Varrak AS<br \/>\n<strong>Aasta kokaraamat 2009<\/strong><br \/>\n\u201eSepamaa talu k\u00f6\u00f6k. Osa 2.&#8221; Autor Anni Arro, Ajakirjade Kirjastus AS<br \/>\n<strong>Aasta kokaraamat 2008<\/strong><br \/>\n\u201ePidulikud p\u00fchap\u00e4eval\u00f5unad&#8221; Autor Indrek Kivisalu, Ajakirjade Kirjastus AS<br \/>\n<strong>Aasta kokaraamat 2007<\/strong><br \/>\n\u201eSepamaa talu k\u00f6\u00f6k&#8221; Autor Anni Arro, Ajakirjade Kirjastus AS<br \/>\n<strong>Aasta kokaraamat 2006<\/strong><br \/>\n\u201eMarjaraamat&#8221; Autorid Maire Suitsu ja Lia Virkus, Ajakirjade Kirjastus AS<br \/>\n<strong>Aasta kokaraamat 2005<br \/>\n<\/strong>\u201e\u0160okolaadiraamat&#8221; Autor Angeelika Kang, Ajakirjade Kirjastus AS<\/p>\n","protected":false},"excerpt":{"rendered":"Raamatukonkurss \u201eAasta kokaraamat 2022\u201d Profexpo O\u00dc koos Eesti Kirjastuste Liiduga kutsub taas osalema Toidumessi Tallinn FoodFest raames toimuval konkursil \u201eAasta kokaraamat 2022\u201d. Aasta kokaraamat 2022 v\u00f5istluse eesm\u00e4rgid on: tutvustada aasta jooksul ilmunud kokandusteemalist kirjandust tava- ja ametialasele tarbijale; toetada eestikeelse kokandusalase kirjanduse ilmumist, arengut ning traditsiooni; tunnustada parimate v\u00e4ljaannete autoreid ning kirjastusi; luua v\u00f5imalus vahetuks&#8230; <a class=\"view-article\" href=\"https:\/\/www.profexpo.ee\/foodfest\/programm-2\/aasta-kokaraamat-2022\/\">Loe edasi<\/a>","protected":false},"author":3,"featured_media":0,"parent":10872,"menu_order":8,"comment_status":"closed","ping_status":"closed","template":"","meta":{"footnotes":""},"class_list":["post-2577","page","type-page","status-publish","hentry"],"yoast_head":"<!-- This site is optimized with the Yoast SEO plugin v24.7 - https:\/\/yoast.com\/wordpress\/plugins\/seo\/ -->\n<title>Aasta kokaraamat 2022 - Tallinn FoodFest 2022<\/title>\n<meta name=\"robots\" content=\"index, follow, max-snippet:-1, max-image-preview:large, max-video-preview:-1\" \/>\n<link rel=\"canonical\" href=\"https:\/\/www.profexpo.ee\/foodfest\/programm-2\/aasta-kokaraamat-2022\/\" \/>\n<meta property=\"og:locale\" content=\"et_EE\" \/>\n<meta property=\"og:type\" content=\"article\" \/>\n<meta property=\"og:title\" content=\"Aasta kokaraamat 2022 - Tallinn FoodFest 2022\" \/>\n<meta property=\"og:description\" content=\"Raamatukonkurss \u201eAasta kokaraamat 2022\u201d Profexpo O\u00dc koos Eesti Kirjastuste Liiduga kutsub taas osalema Toidumessi Tallinn FoodFest raames toimuval konkursil \u201eAasta kokaraamat 2022\u201d. Aasta kokaraamat 2022 v\u00f5istluse eesm\u00e4rgid on: tutvustada aasta jooksul ilmunud kokandusteemalist kirjandust tava- ja ametialasele tarbijale; toetada eestikeelse kokandusalase kirjanduse ilmumist, arengut ning traditsiooni; tunnustada parimate v\u00e4ljaannete autoreid ning kirjastusi; luua v\u00f5imalus vahetuks... Loe edasi\" \/>\n<meta property=\"og:url\" content=\"https:\/\/www.profexpo.ee\/foodfest\/programm-2\/aasta-kokaraamat-2022\/\" \/>\n<meta property=\"og:site_name\" content=\"Tallinn FoodFest 2022\" \/>\n<meta property=\"article:modified_time\" content=\"2022-09-06T10:01:43+00:00\" \/>\n<meta property=\"og:image\" content=\"https:\/\/www.profexpo.ee\/foodfest\/wp-content\/uploads\/2022\/09\/Kokaraamat_logo_2022-01-150x150.png\" \/>\n<meta name=\"twitter:card\" content=\"summary_large_image\" \/>\n<meta name=\"twitter:label1\" content=\"Est. reading time\" \/>\n\t<meta name=\"twitter:data1\" content=\"3 minutit\" \/>\n<script type=\"application\/ld+json\" class=\"yoast-schema-graph\">{\"@context\":\"https:\/\/schema.org\",\"@graph\":[{\"@type\":\"WebPage\",\"@id\":\"https:\/\/www.profexpo.ee\/foodfest\/programm-2\/aasta-kokaraamat-2022\/\",\"url\":\"https:\/\/www.profexpo.ee\/foodfest\/programm-2\/aasta-kokaraamat-2022\/\",\"name\":\"Aasta kokaraamat 2022 - Tallinn FoodFest 2022\",\"isPartOf\":{\"@id\":\"https:\/\/www.profexpo.ee\/foodfest\/#website\"},\"primaryImageOfPage\":{\"@id\":\"https:\/\/www.profexpo.ee\/foodfest\/programm-2\/aasta-kokaraamat-2022\/#primaryimage\"},\"image\":{\"@id\":\"https:\/\/www.profexpo.ee\/foodfest\/programm-2\/aasta-kokaraamat-2022\/#primaryimage\"},\"thumbnailUrl\":\"https:\/\/www.profexpo.ee\/foodfest\/wp-content\/uploads\/2022\/09\/Kokaraamat_logo_2022-01-150x150.png\",\"datePublished\":\"2016-09-24T10:50:25+00:00\",\"dateModified\":\"2022-09-06T10:01:43+00:00\",\"breadcrumb\":{\"@id\":\"https:\/\/www.profexpo.ee\/foodfest\/programm-2\/aasta-kokaraamat-2022\/#breadcrumb\"},\"inLanguage\":\"et\",\"potentialAction\":[{\"@type\":\"ReadAction\",\"target\":[\"https:\/\/www.profexpo.ee\/foodfest\/programm-2\/aasta-kokaraamat-2022\/\"]}]},{\"@type\":\"ImageObject\",\"inLanguage\":\"et\",\"@id\":\"https:\/\/www.profexpo.ee\/foodfest\/programm-2\/aasta-kokaraamat-2022\/#primaryimage\",\"url\":\"https:\/\/www.profexpo.ee\/foodfest\/wp-content\/uploads\/2022\/09\/Kokaraamat_logo_2022-01.png\",\"contentUrl\":\"https:\/\/www.profexpo.ee\/foodfest\/wp-content\/uploads\/2022\/09\/Kokaraamat_logo_2022-01.png\",\"width\":1258,\"height\":1251},{\"@type\":\"BreadcrumbList\",\"@id\":\"https:\/\/www.profexpo.ee\/foodfest\/programm-2\/aasta-kokaraamat-2022\/#breadcrumb\",\"itemListElement\":[{\"@type\":\"ListItem\",\"position\":1,\"name\":\"Home\",\"item\":\"https:\/\/www.profexpo.ee\/foodfest\/\"},{\"@type\":\"ListItem\",\"position\":2,\"name\":\"Programm\",\"item\":\"https:\/\/www.profexpo.ee\/foodfest\/programm-2\/\"},{\"@type\":\"ListItem\",\"position\":3,\"name\":\"Aasta kokaraamat 2022\"}]},{\"@type\":\"WebSite\",\"@id\":\"https:\/\/www.profexpo.ee\/foodfest\/#website\",\"url\":\"https:\/\/www.profexpo.ee\/foodfest\/\",\"name\":\"Tallinn FoodFest 2020\",\"description\":\"Tallinn FoodFest 2022\",\"potentialAction\":[{\"@type\":\"SearchAction\",\"target\":{\"@type\":\"EntryPoint\",\"urlTemplate\":\"https:\/\/www.profexpo.ee\/foodfest\/?s={search_term_string}\"},\"query-input\":{\"@type\":\"PropertyValueSpecification\",\"valueRequired\":true,\"valueName\":\"search_term_string\"}}],\"inLanguage\":\"et\"}]}<\/script>\n<!-- \/ Yoast SEO plugin. -->","yoast_head_json":{"title":"Aasta kokaraamat 2022 - Tallinn FoodFest 2022","robots":{"index":"index","follow":"follow","max-snippet":"max-snippet:-1","max-image-preview":"max-image-preview:large","max-video-preview":"max-video-preview:-1"},"canonical":"https:\/\/www.profexpo.ee\/foodfest\/programm-2\/aasta-kokaraamat-2022\/","og_locale":"et_EE","og_type":"article","og_title":"Aasta kokaraamat 2022 - Tallinn FoodFest 2022","og_description":"Raamatukonkurss \u201eAasta kokaraamat 2022\u201d Profexpo O\u00dc koos Eesti Kirjastuste Liiduga kutsub taas osalema Toidumessi Tallinn FoodFest raames toimuval konkursil \u201eAasta kokaraamat 2022\u201d. Aasta kokaraamat 2022 v\u00f5istluse eesm\u00e4rgid on: tutvustada aasta jooksul ilmunud kokandusteemalist kirjandust tava- ja ametialasele tarbijale; toetada eestikeelse kokandusalase kirjanduse ilmumist, arengut ning traditsiooni; tunnustada parimate v\u00e4ljaannete autoreid ning kirjastusi; luua v\u00f5imalus vahetuks... Loe edasi","og_url":"https:\/\/www.profexpo.ee\/foodfest\/programm-2\/aasta-kokaraamat-2022\/","og_site_name":"Tallinn FoodFest 2022","article_modified_time":"2022-09-06T10:01:43+00:00","og_image":[{"url":"https:\/\/www.profexpo.ee\/foodfest\/wp-content\/uploads\/2022\/09\/Kokaraamat_logo_2022-01-150x150.png","type":"","width":"","height":""}],"twitter_card":"summary_large_image","twitter_misc":{"Est. reading time":"3 minutit"},"schema":{"@context":"https:\/\/schema.org","@graph":[{"@type":"WebPage","@id":"https:\/\/www.profexpo.ee\/foodfest\/programm-2\/aasta-kokaraamat-2022\/","url":"https:\/\/www.profexpo.ee\/foodfest\/programm-2\/aasta-kokaraamat-2022\/","name":"Aasta kokaraamat 2022 - Tallinn FoodFest 2022","isPartOf":{"@id":"https:\/\/www.profexpo.ee\/foodfest\/#website"},"primaryImageOfPage":{"@id":"https:\/\/www.profexpo.ee\/foodfest\/programm-2\/aasta-kokaraamat-2022\/#primaryimage"},"image":{"@id":"https:\/\/www.profexpo.ee\/foodfest\/programm-2\/aasta-kokaraamat-2022\/#primaryimage"},"thumbnailUrl":"https:\/\/www.profexpo.ee\/foodfest\/wp-content\/uploads\/2022\/09\/Kokaraamat_logo_2022-01-150x150.png","datePublished":"2016-09-24T10:50:25+00:00","dateModified":"2022-09-06T10:01:43+00:00","breadcrumb":{"@id":"https:\/\/www.profexpo.ee\/foodfest\/programm-2\/aasta-kokaraamat-2022\/#breadcrumb"},"inLanguage":"et","potentialAction":[{"@type":"ReadAction","target":["https:\/\/www.profexpo.ee\/foodfest\/programm-2\/aasta-kokaraamat-2022\/"]}]},{"@type":"ImageObject","inLanguage":"et","@id":"https:\/\/www.profexpo.ee\/foodfest\/programm-2\/aasta-kokaraamat-2022\/#primaryimage","url":"https:\/\/www.profexpo.ee\/foodfest\/wp-content\/uploads\/2022\/09\/Kokaraamat_logo_2022-01.png","contentUrl":"https:\/\/www.profexpo.ee\/foodfest\/wp-content\/uploads\/2022\/09\/Kokaraamat_logo_2022-01.png","width":1258,"height":1251},{"@type":"BreadcrumbList","@id":"https:\/\/www.profexpo.ee\/foodfest\/programm-2\/aasta-kokaraamat-2022\/#breadcrumb","itemListElement":[{"@type":"ListItem","position":1,"name":"Home","item":"https:\/\/www.profexpo.ee\/foodfest\/"},{"@type":"ListItem","position":2,"name":"Programm","item":"https:\/\/www.profexpo.ee\/foodfest\/programm-2\/"},{"@type":"ListItem","position":3,"name":"Aasta kokaraamat 2022"}]},{"@type":"WebSite","@id":"https:\/\/www.profexpo.ee\/foodfest\/#website","url":"https:\/\/www.profexpo.ee\/foodfest\/","name":"Tallinn FoodFest 2020","description":"Tallinn FoodFest 2022","potentialAction":[{"@type":"SearchAction","target":{"@type":"EntryPoint","urlTemplate":"https:\/\/www.profexpo.ee\/foodfest\/?s={search_term_string}"},"query-input":{"@type":"PropertyValueSpecification","valueRequired":true,"valueName":"search_term_string"}}],"inLanguage":"et"}]}},"_links":{"self":[{"href":"https:\/\/www.profexpo.ee\/foodfest\/wp-json\/wp\/v2\/pages\/2577","targetHints":{"allow":["GET"]}}],"collection":[{"href":"https:\/\/www.profexpo.ee\/foodfest\/wp-json\/wp\/v2\/pages"}],"about":[{"href":"https:\/\/www.profexpo.ee\/foodfest\/wp-json\/wp\/v2\/types\/page"}],"author":[{"embeddable":true,"href":"https:\/\/www.profexpo.ee\/foodfest\/wp-json\/wp\/v2\/users\/3"}],"replies":[{"embeddable":true,"href":"https:\/\/www.profexpo.ee\/foodfest\/wp-json\/wp\/v2\/comments?post=2577"}],"version-history":[{"count":5,"href":"https:\/\/www.profexpo.ee\/foodfest\/wp-json\/wp\/v2\/pages\/2577\/revisions"}],"predecessor-version":[{"id":13884,"href":"https:\/\/www.profexpo.ee\/foodfest\/wp-json\/wp\/v2\/pages\/2577\/revisions\/13884"}],"up":[{"embeddable":true,"href":"https:\/\/www.profexpo.ee\/foodfest\/wp-json\/wp\/v2\/pages\/10872"}],"wp:attachment":[{"href":"https:\/\/www.profexpo.ee\/foodfest\/wp-json\/wp\/v2\/media?parent=2577"}],"curies":[{"name":"wp","href":"https:\/\/api.w.org\/{rel}","templated":true}]}}