{"id":2655,"date":"2016-09-26T15:44:14","date_gmt":"2016-09-26T12:44:14","guid":{"rendered":"http:\/\/www.profexpo.ee\/foodfest\/?page_id=2655"},"modified":"2022-09-28T17:50:55","modified_gmt":"2022-09-28T14:50:55","slug":"noorkokk-2022","status":"publish","type":"page","link":"https:\/\/www.profexpo.ee\/foodfest\/programm-2\/noorkokk-2022\/","title":{"rendered":"Noorkokk 2022"},"content":{"rendered":"<h1><strong>Noorkokk 2022<\/strong><\/h1>\n<p>Eesti noorkoka meistriv\u00f5istlused on v\u00e4\u00e4rika ja pika traditsiooniga toidumessi programmi \u00fcheks lahutamatuks osaks.<br \/>\n\u201eNoorkokk 2022\u201c v\u00f5istlus toimub Eesti kokkade meistriv\u00f5istluste raames. V\u00f5istluse peaeesm\u00e4rk on propageerida koka eriala ja teadvustada \u00f5pilastele t\u00e4isv\u00e4\u00e4rtusliku toidu t\u00e4htsust nii enda kui oma kaaskodanike ehk tulevaste klientide toidulaual. V\u00f5istlus v\u00f5imaldab kutse\u00f5ppeasutuste \u00f5ppuritel n\u00e4idata oma erialaseid oskusi ja t\u00f5sta toitlustusvaldkonna kutsehariduse taset ning mainet.<\/p>\n<h3><strong>Autasustamine<\/strong><\/h3>\n<p>V\u00f5istluse v\u00f5itjale omistatakse tiitel \u201eNoorkokk 2022\u201c. Esikolmiku v\u00f5istkonnad saavad autasud Eesti Peakokkade \u00dchenduse auhindade ja diplomitega, lisaks on eriauhinnad v\u00f5istluse sponsoritelt ja toetajatelt.<\/p>\n<h3><strong>Osav\u00f5tutingimused ja registreerumine<\/strong><\/h3>\n<p><a href=\"https:\/\/chef.ee\/uritused\/noorkokk\/\">Osav\u00f5tutingimused<\/a><\/p>\n<h3>Osalejad<\/h3>\n<table style=\"width: 68.4317%;\" width=\"590\">\n<tbody>\n<tr>\n<td style=\"width: 36.5482%;\" width=\"314\">Kert M\u00e4esaar<\/td>\n<td style=\"width: 47.4269%;\" width=\"276\">Viljandi Kutse\u00f5ppekeskus<\/td>\n<\/tr>\n<tr>\n<td style=\"width: 36.5482%;\">Hedi Haugas<\/td>\n<td style=\"width: 47.4269%;\">Tartu Rakenduslik kolledz<\/td>\n<\/tr>\n<tr>\n<td style=\"width: 36.5482%;\">Jelizaveta Shalova<\/td>\n<td style=\"width: 47.4269%;\">Tallinna teeninduskool<\/td>\n<\/tr>\n<tr>\n<td style=\"width: 36.5482%;\">Daniil Pahalin<\/td>\n<td style=\"width: 47.4269%;\">Haapsalu Kutsehariduskeskus<\/td>\n<\/tr>\n<tr>\n<td style=\"width: 36.5482%;\">Sass Keskk\u00fcla<\/td>\n<td style=\"width: 47.4269%;\">Kuressaare Ametikool<\/td>\n<\/tr>\n<tr>\n<td style=\"width: 36.5482%;\">Sander-Aleks T\u0161istotin<\/td>\n<td style=\"width: 47.4269%;\">Rakvere Ametikool<\/td>\n<\/tr>\n<\/tbody>\n<\/table>\n<h3>Kohtunikud<\/h3>\n<p>Peakohtunik: Emmanuel Wille<\/p>\n<p>Kohtunikud: Ivan Derizemlja, Marcus Hallgren (SWE), Tapio Laine (FIN), Jeppe Foldager (DEN), Dominic Moreaud (FRA)<\/p>\n<p>K\u00f6\u00f6gikohtunikud: Juhan Heinsalu, Urpo Reinthal<\/p>\n<h3><strong>V\u00f5istluse aeg<\/strong><\/h3>\n<p>Neljap\u00e4ev, 28. september kell 10:00-14:30<\/p>\n<p>Autasustamine kell 16:00<\/p>\n<h3><strong>Koht<\/strong><\/h3>\n<p>Eesti N\u00e4ituste messikeskus<\/p>\n<h3><strong>Korraldajad<\/strong><\/h3>\n<p>Eesti Peakokkade \u00dchendus<img loading=\"lazy\" decoding=\"async\" width=\"100\" height=\"105\" class=\"size-full wp-image-1435 alignright\" src=\"https:\/\/www.profexpo.ee\/foodfest\/wp-content\/uploads\/2016\/03\/EP\u00dc-logo-e1459681191636.jpg\" alt=\"\" \/><br \/>\nProfexpo O\u00dc<img loading=\"lazy\" decoding=\"async\" class=\"wp-image-1325 alignright\" src=\"https:\/\/www.profexpo.ee\/foodfest\/wp-content\/uploads\/2016\/03\/Profexpo-logo-2-e1459442305507.jpg\" alt=\"\" width=\"142\" height=\"65\" \/><\/p>\n<h3><strong>Info ja kontakt<\/strong><\/h3>\n<p>Taigo Lepik, korraldustoimkonna juht, tel 56 50 5698, voistlused@chef.ee, EP\u00dc, <a href=\"http:\/\/www.chef.eerudolf\/\">www.chef.ee<\/a><br \/>\nKennet Sarv, tel 52 71 095, <a href=\"http:\/\/kennet.sarv@profexpo.ee\">kennet.sarv@profexpo.ee<\/a>, Profexpo O\u00dc<\/p>\n<h3><strong>Konkursi suurtoetaja<\/strong><\/h3>\n<p><img loading=\"lazy\" decoding=\"async\" class=\"wp-image-8406 alignnone\" src=\"https:\/\/www.profexpo.ee\/foodfest\/wp-content\/uploads\/2016\/08\/Electrolux_Professional_logo_master_blue_RGB_x400px.jpg\" alt=\"\" width=\"265\" height=\"61\" srcset=\"https:\/\/www.profexpo.ee\/foodfest\/wp-content\/uploads\/2016\/08\/Electrolux_Professional_logo_master_blue_RGB_x400px.jpg 400w, https:\/\/www.profexpo.ee\/foodfest\/wp-content\/uploads\/2016\/08\/Electrolux_Professional_logo_master_blue_RGB_x400px-250x58.jpg 250w, https:\/\/www.profexpo.ee\/foodfest\/wp-content\/uploads\/2016\/08\/Electrolux_Professional_logo_master_blue_RGB_x400px-120x28.jpg 120w\" sizes=\"auto, (max-width: 265px) 100vw, 265px\" \/><\/p>\n<h3 style=\"text-align: left;\" align=\"center\"><strong>Noorkokk tiitli v\u00f5itjad l\u00e4bi aegade<\/strong><\/h3>\n<p>2021 Joosepr J\u00e4rvmaa, P\u00e4rnumaa Kutsehariduskeskus<br \/>\n2020 Carina-Elisabeth Hade, Tartu Kutsehariduskeskus<br \/>\n2019 Noel Moglia, Tallinna Teeninduskool<br \/>\n2018 Roland Visnapuu, Tallinna Teeninduskool<br \/>\n2017 Andra Holland, P\u00e4rnumaa Kutsehariduskeskus<br \/>\n2016\u00a0Kristiina Sireli, P\u00e4rnumaa Kutsehariduskeskus<br \/>\n2015 Taavi Tali, Olustvere Teenindus- ja Maamajanduskool<br \/>\n2014 Maksim \u017dolobov, Tallinna T\u00f5nism\u00e4e Reaalkool<br \/>\n2013 Margo Paluoja, P\u00e4rnumaa Kutsehariduskeskus<br \/>\n2012\u00a0Mihkel Manglus, Tartu Kutsehariduskeskus<br \/>\n2011\u00a0Johannes H\u00f5imoja, Tallinna Teeninduskool<br \/>\n2010\u00a0Krestina \u00d5un, Haapsalu Kutsehariduskeskus<br \/>\n2009 Ailen Ojamaa, Kehtna Majandus- ja Tehnoloogiakool<\/p>\n","protected":false},"excerpt":{"rendered":"Noorkokk 2022 Eesti noorkoka meistriv\u00f5istlused on v\u00e4\u00e4rika ja pika traditsiooniga toidumessi programmi \u00fcheks lahutamatuks osaks. \u201eNoorkokk 2022\u201c v\u00f5istlus toimub Eesti kokkade meistriv\u00f5istluste raames. V\u00f5istluse peaeesm\u00e4rk on propageerida koka eriala ja teadvustada \u00f5pilastele t\u00e4isv\u00e4\u00e4rtusliku toidu t\u00e4htsust nii enda kui oma kaaskodanike ehk tulevaste klientide toidulaual. V\u00f5istlus v\u00f5imaldab kutse\u00f5ppeasutuste \u00f5ppuritel n\u00e4idata oma erialaseid oskusi ja t\u00f5sta toitlustusvaldkonna&#8230; <a class=\"view-article\" href=\"https:\/\/www.profexpo.ee\/foodfest\/programm-2\/noorkokk-2022\/\">Loe edasi<\/a>","protected":false},"author":3,"featured_media":0,"parent":10872,"menu_order":13,"comment_status":"closed","ping_status":"closed","template":"","meta":{"footnotes":""},"class_list":["post-2655","page","type-page","status-publish","hentry"],"yoast_head":"<!-- This site is optimized with the Yoast SEO plugin v24.7 - https:\/\/yoast.com\/wordpress\/plugins\/seo\/ -->\n<title>Noorkokk 2022 - Tallinn FoodFest 2022<\/title>\n<meta name=\"robots\" content=\"index, follow, max-snippet:-1, max-image-preview:large, max-video-preview:-1\" \/>\n<link rel=\"canonical\" href=\"https:\/\/www.profexpo.ee\/foodfest\/programm-2\/noorkokk-2022\/\" \/>\n<meta property=\"og:locale\" content=\"et_EE\" \/>\n<meta property=\"og:type\" content=\"article\" \/>\n<meta property=\"og:title\" content=\"Noorkokk 2022 - Tallinn FoodFest 2022\" \/>\n<meta property=\"og:description\" content=\"Noorkokk 2022 Eesti noorkoka meistriv\u00f5istlused on v\u00e4\u00e4rika ja pika traditsiooniga toidumessi programmi \u00fcheks lahutamatuks osaks. \u201eNoorkokk 2022\u201c v\u00f5istlus toimub Eesti kokkade meistriv\u00f5istluste raames. V\u00f5istluse peaeesm\u00e4rk on propageerida koka eriala ja teadvustada \u00f5pilastele t\u00e4isv\u00e4\u00e4rtusliku toidu t\u00e4htsust nii enda kui oma kaaskodanike ehk tulevaste klientide toidulaual. V\u00f5istlus v\u00f5imaldab kutse\u00f5ppeasutuste \u00f5ppuritel n\u00e4idata oma erialaseid oskusi ja t\u00f5sta toitlustusvaldkonna... Loe edasi\" \/>\n<meta property=\"og:url\" content=\"https:\/\/www.profexpo.ee\/foodfest\/programm-2\/noorkokk-2022\/\" \/>\n<meta property=\"og:site_name\" content=\"Tallinn FoodFest 2022\" \/>\n<meta property=\"article:modified_time\" content=\"2022-09-28T14:50:55+00:00\" \/>\n<meta property=\"og:image\" content=\"http:\/\/www.profexpo.ee\/foodfest\/wp-content\/uploads\/2016\/03\/Profexpo-logo-2-e1459442305507.jpg\" \/>\n<meta name=\"twitter:card\" content=\"summary_large_image\" \/>\n<meta name=\"twitter:label1\" content=\"Est. reading time\" \/>\n\t<meta name=\"twitter:data1\" content=\"2 minutit\" \/>\n<script type=\"application\/ld+json\" class=\"yoast-schema-graph\">{\"@context\":\"https:\/\/schema.org\",\"@graph\":[{\"@type\":\"WebPage\",\"@id\":\"https:\/\/www.profexpo.ee\/foodfest\/programm-2\/noorkokk-2022\/\",\"url\":\"https:\/\/www.profexpo.ee\/foodfest\/programm-2\/noorkokk-2022\/\",\"name\":\"Noorkokk 2022 - Tallinn FoodFest 2022\",\"isPartOf\":{\"@id\":\"https:\/\/www.profexpo.ee\/foodfest\/#website\"},\"primaryImageOfPage\":{\"@id\":\"https:\/\/www.profexpo.ee\/foodfest\/programm-2\/noorkokk-2022\/#primaryimage\"},\"image\":{\"@id\":\"https:\/\/www.profexpo.ee\/foodfest\/programm-2\/noorkokk-2022\/#primaryimage\"},\"thumbnailUrl\":\"http:\/\/www.profexpo.ee\/foodfest\/wp-content\/uploads\/2016\/03\/Profexpo-logo-2-e1459442305507.jpg\",\"datePublished\":\"2016-09-26T12:44:14+00:00\",\"dateModified\":\"2022-09-28T14:50:55+00:00\",\"breadcrumb\":{\"@id\":\"https:\/\/www.profexpo.ee\/foodfest\/programm-2\/noorkokk-2022\/#breadcrumb\"},\"inLanguage\":\"et\",\"potentialAction\":[{\"@type\":\"ReadAction\",\"target\":[\"https:\/\/www.profexpo.ee\/foodfest\/programm-2\/noorkokk-2022\/\"]}]},{\"@type\":\"ImageObject\",\"inLanguage\":\"et\",\"@id\":\"https:\/\/www.profexpo.ee\/foodfest\/programm-2\/noorkokk-2022\/#primaryimage\",\"url\":\"http:\/\/www.profexpo.ee\/foodfest\/wp-content\/uploads\/2016\/03\/Profexpo-logo-2-e1459442305507.jpg\",\"contentUrl\":\"http:\/\/www.profexpo.ee\/foodfest\/wp-content\/uploads\/2016\/03\/Profexpo-logo-2-e1459442305507.jpg\"},{\"@type\":\"BreadcrumbList\",\"@id\":\"https:\/\/www.profexpo.ee\/foodfest\/programm-2\/noorkokk-2022\/#breadcrumb\",\"itemListElement\":[{\"@type\":\"ListItem\",\"position\":1,\"name\":\"Home\",\"item\":\"https:\/\/www.profexpo.ee\/foodfest\/\"},{\"@type\":\"ListItem\",\"position\":2,\"name\":\"Programm\",\"item\":\"https:\/\/www.profexpo.ee\/foodfest\/programm-2\/\"},{\"@type\":\"ListItem\",\"position\":3,\"name\":\"Noorkokk 2022\"}]},{\"@type\":\"WebSite\",\"@id\":\"https:\/\/www.profexpo.ee\/foodfest\/#website\",\"url\":\"https:\/\/www.profexpo.ee\/foodfest\/\",\"name\":\"Tallinn FoodFest 2020\",\"description\":\"Tallinn FoodFest 2022\",\"potentialAction\":[{\"@type\":\"SearchAction\",\"target\":{\"@type\":\"EntryPoint\",\"urlTemplate\":\"https:\/\/www.profexpo.ee\/foodfest\/?s={search_term_string}\"},\"query-input\":{\"@type\":\"PropertyValueSpecification\",\"valueRequired\":true,\"valueName\":\"search_term_string\"}}],\"inLanguage\":\"et\"}]}<\/script>\n<!-- \/ Yoast SEO plugin. -->","yoast_head_json":{"title":"Noorkokk 2022 - Tallinn FoodFest 2022","robots":{"index":"index","follow":"follow","max-snippet":"max-snippet:-1","max-image-preview":"max-image-preview:large","max-video-preview":"max-video-preview:-1"},"canonical":"https:\/\/www.profexpo.ee\/foodfest\/programm-2\/noorkokk-2022\/","og_locale":"et_EE","og_type":"article","og_title":"Noorkokk 2022 - Tallinn FoodFest 2022","og_description":"Noorkokk 2022 Eesti noorkoka meistriv\u00f5istlused on v\u00e4\u00e4rika ja pika traditsiooniga toidumessi programmi \u00fcheks lahutamatuks osaks. \u201eNoorkokk 2022\u201c v\u00f5istlus toimub Eesti kokkade meistriv\u00f5istluste raames. V\u00f5istluse peaeesm\u00e4rk on propageerida koka eriala ja teadvustada \u00f5pilastele t\u00e4isv\u00e4\u00e4rtusliku toidu t\u00e4htsust nii enda kui oma kaaskodanike ehk tulevaste klientide toidulaual. V\u00f5istlus v\u00f5imaldab kutse\u00f5ppeasutuste \u00f5ppuritel n\u00e4idata oma erialaseid oskusi ja t\u00f5sta toitlustusvaldkonna... Loe edasi","og_url":"https:\/\/www.profexpo.ee\/foodfest\/programm-2\/noorkokk-2022\/","og_site_name":"Tallinn FoodFest 2022","article_modified_time":"2022-09-28T14:50:55+00:00","og_image":[{"url":"http:\/\/www.profexpo.ee\/foodfest\/wp-content\/uploads\/2016\/03\/Profexpo-logo-2-e1459442305507.jpg","type":"","width":"","height":""}],"twitter_card":"summary_large_image","twitter_misc":{"Est. reading time":"2 minutit"},"schema":{"@context":"https:\/\/schema.org","@graph":[{"@type":"WebPage","@id":"https:\/\/www.profexpo.ee\/foodfest\/programm-2\/noorkokk-2022\/","url":"https:\/\/www.profexpo.ee\/foodfest\/programm-2\/noorkokk-2022\/","name":"Noorkokk 2022 - Tallinn FoodFest 2022","isPartOf":{"@id":"https:\/\/www.profexpo.ee\/foodfest\/#website"},"primaryImageOfPage":{"@id":"https:\/\/www.profexpo.ee\/foodfest\/programm-2\/noorkokk-2022\/#primaryimage"},"image":{"@id":"https:\/\/www.profexpo.ee\/foodfest\/programm-2\/noorkokk-2022\/#primaryimage"},"thumbnailUrl":"http:\/\/www.profexpo.ee\/foodfest\/wp-content\/uploads\/2016\/03\/Profexpo-logo-2-e1459442305507.jpg","datePublished":"2016-09-26T12:44:14+00:00","dateModified":"2022-09-28T14:50:55+00:00","breadcrumb":{"@id":"https:\/\/www.profexpo.ee\/foodfest\/programm-2\/noorkokk-2022\/#breadcrumb"},"inLanguage":"et","potentialAction":[{"@type":"ReadAction","target":["https:\/\/www.profexpo.ee\/foodfest\/programm-2\/noorkokk-2022\/"]}]},{"@type":"ImageObject","inLanguage":"et","@id":"https:\/\/www.profexpo.ee\/foodfest\/programm-2\/noorkokk-2022\/#primaryimage","url":"http:\/\/www.profexpo.ee\/foodfest\/wp-content\/uploads\/2016\/03\/Profexpo-logo-2-e1459442305507.jpg","contentUrl":"http:\/\/www.profexpo.ee\/foodfest\/wp-content\/uploads\/2016\/03\/Profexpo-logo-2-e1459442305507.jpg"},{"@type":"BreadcrumbList","@id":"https:\/\/www.profexpo.ee\/foodfest\/programm-2\/noorkokk-2022\/#breadcrumb","itemListElement":[{"@type":"ListItem","position":1,"name":"Home","item":"https:\/\/www.profexpo.ee\/foodfest\/"},{"@type":"ListItem","position":2,"name":"Programm","item":"https:\/\/www.profexpo.ee\/foodfest\/programm-2\/"},{"@type":"ListItem","position":3,"name":"Noorkokk 2022"}]},{"@type":"WebSite","@id":"https:\/\/www.profexpo.ee\/foodfest\/#website","url":"https:\/\/www.profexpo.ee\/foodfest\/","name":"Tallinn FoodFest 2020","description":"Tallinn FoodFest 2022","potentialAction":[{"@type":"SearchAction","target":{"@type":"EntryPoint","urlTemplate":"https:\/\/www.profexpo.ee\/foodfest\/?s={search_term_string}"},"query-input":{"@type":"PropertyValueSpecification","valueRequired":true,"valueName":"search_term_string"}}],"inLanguage":"et"}]}},"_links":{"self":[{"href":"https:\/\/www.profexpo.ee\/foodfest\/wp-json\/wp\/v2\/pages\/2655","targetHints":{"allow":["GET"]}}],"collection":[{"href":"https:\/\/www.profexpo.ee\/foodfest\/wp-json\/wp\/v2\/pages"}],"about":[{"href":"https:\/\/www.profexpo.ee\/foodfest\/wp-json\/wp\/v2\/types\/page"}],"author":[{"embeddable":true,"href":"https:\/\/www.profexpo.ee\/foodfest\/wp-json\/wp\/v2\/users\/3"}],"replies":[{"embeddable":true,"href":"https:\/\/www.profexpo.ee\/foodfest\/wp-json\/wp\/v2\/comments?post=2655"}],"version-history":[{"count":5,"href":"https:\/\/www.profexpo.ee\/foodfest\/wp-json\/wp\/v2\/pages\/2655\/revisions"}],"predecessor-version":[{"id":14325,"href":"https:\/\/www.profexpo.ee\/foodfest\/wp-json\/wp\/v2\/pages\/2655\/revisions\/14325"}],"up":[{"embeddable":true,"href":"https:\/\/www.profexpo.ee\/foodfest\/wp-json\/wp\/v2\/pages\/10872"}],"wp:attachment":[{"href":"https:\/\/www.profexpo.ee\/foodfest\/wp-json\/wp\/v2\/media?parent=2655"}],"curies":[{"name":"wp","href":"https:\/\/api.w.org\/{rel}","templated":true}]}}