{"id":2826,"date":"2016-10-04T13:02:00","date_gmt":"2016-10-04T10:02:00","guid":{"rendered":"http:\/\/www.profexpo.ee\/foodfest\/?page_id=2826"},"modified":"2022-09-22T17:17:31","modified_gmt":"2022-09-22T14:17:31","slug":"8-koostoo-konverents","status":"publish","type":"page","link":"https:\/\/www.profexpo.ee\/foodfest\/programm-2\/8-koostoo-konverents\/","title":{"rendered":"8. Koost\u00f6\u00f6 konverents"},"content":{"rendered":"<h1>8. Koost\u00f6\u00f6 konverents \u201eTuulte p\u00f6\u00f6rises\u201c<\/h1>\n<p>Toiduliit korraldab taas Toidumessi Tallinn FoodFest raames Koost\u00f6\u00f6 konverentsi.<\/p>\n<p>Konverents toimub reedel, 30.09<\/p>\n<p><strong>Kava<\/strong><\/p>\n<p>Moderaator: Sirje Potisepp<\/p>\n<p>11.00 \u2013 11.15 \u00dclevaade toidusektorist &#8211; Sirje Potisepp Toiduliidu juhataja<\/p>\n<p>11.15 \u2013 11.45 Majandus\u00fclevaade ja ettev\u00f5tete toimetulek &#8211; Liis Elmik Swedbanki makroanal\u00fc\u00fctik<\/p>\n<p>11.45 \u2013 12.15 Kuidas me teeme koost\u00f6\u00f6d &#8211; Lidl ostustrateegia ja kvaliteedin\u00f5uded &#8211; Daiga Hel\u0113na \u017dide\u013c\u016bne Lidl Eesti ja Lidl L\u00e4ti ostuosakonnast. Oksana Danjuk Lidl Eesti kvaliteediosakonnast<\/p>\n<p>12.15 \u2013 12.45 Kas toit on odav v\u00f5i kallis? &#8211; Aivar Voog Kantar \u2013 Emori \u00e4risuuna juht<\/p>\n<p>12.45 \u2013 13.15 Kellel tooteinfost rohkem kasu on &#8211; tootjal v\u00f5i kaupmehel? &#8211; Hele Hammer Telema tegevjuht<\/p>\n<p>13.15 \u2013 13.20 Konverentsip\u00e4eva kokkuv\u00f5te<\/p>\n<p>*Korraldajatel on \u00f5igus teha kavas muudatusi, j\u00e4lgige ka toiduliidu kodulehek\u00fclge <a href=\"http:\/\/www.toiduliit.ee\">www.toiduliit.ee<\/a><\/p>\n<h3><strong>Osalustasu<\/strong><\/h3>\n<p>35 \u20ac + km<\/p>\n<h3><strong>Registreerimine<\/strong><\/h3>\n<p>Konverentsile registreerumine kuni 27. september<\/p>\n<p><a href=\"https:\/\/docs.google.com\/forms\/d\/1Nv8M_REtA0Vlws4_6IRPDZSsaOGL6Jh-A6pO838gSMU\/viewform?edit_requested=true\">REGISTREERIMINE<\/a><\/p>\n<h3><strong>K\u00fcsimuste puhul palun p\u00f6\u00f6rduda<\/strong><\/h3>\n<p>Liina Laineveer<br \/>\n<a style=\"font-size: 16px;\" href=\"mailto:liina@toiduliit.ee\">liina@toiduliit.ee<\/a><\/p>\n<p><img loading=\"lazy\" decoding=\"async\" width=\"250\" height=\"71\" class=\"alignleft size-medium wp-image-12240\" src=\"https:\/\/www.profexpo.ee\/foodfest\/wp-content\/uploads\/2021\/09\/Eesti_Toiduainetoostuse_Liit-250x71.jpg\" alt=\"\" srcset=\"https:\/\/www.profexpo.ee\/foodfest\/wp-content\/uploads\/2021\/09\/Eesti_Toiduainetoostuse_Liit-250x71.jpg 250w, https:\/\/www.profexpo.ee\/foodfest\/wp-content\/uploads\/2021\/09\/Eesti_Toiduainetoostuse_Liit-450x128.jpg 450w, https:\/\/www.profexpo.ee\/foodfest\/wp-content\/uploads\/2021\/09\/Eesti_Toiduainetoostuse_Liit-120x34.jpg 120w, https:\/\/www.profexpo.ee\/foodfest\/wp-content\/uploads\/2021\/09\/Eesti_Toiduainetoostuse_Liit.jpg 543w\" sizes=\"auto, (max-width: 250px) 100vw, 250px\" \/><\/p>\n","protected":false},"excerpt":{"rendered":"8. Koost\u00f6\u00f6 konverents \u201eTuulte p\u00f6\u00f6rises\u201c Toiduliit korraldab taas Toidumessi Tallinn FoodFest raames Koost\u00f6\u00f6 konverentsi. Konverents toimub reedel, 30.09 Kava Moderaator: Sirje Potisepp 11.00 \u2013 11.15 \u00dclevaade toidusektorist &#8211; Sirje Potisepp Toiduliidu juhataja 11.15 \u2013 11.45 Majandus\u00fclevaade ja ettev\u00f5tete toimetulek &#8211; Liis Elmik Swedbanki makroanal\u00fc\u00fctik 11.45 \u2013 12.15 Kuidas me teeme koost\u00f6\u00f6d &#8211; Lidl ostustrateegia ja&#8230; <a class=\"view-article\" href=\"https:\/\/www.profexpo.ee\/foodfest\/programm-2\/8-koostoo-konverents\/\">Loe edasi<\/a>","protected":false},"author":3,"featured_media":0,"parent":10872,"menu_order":6,"comment_status":"closed","ping_status":"closed","template":"","meta":{"footnotes":""},"class_list":["post-2826","page","type-page","status-publish","hentry"],"yoast_head":"<!-- This site is optimized with the Yoast SEO plugin v24.7 - https:\/\/yoast.com\/wordpress\/plugins\/seo\/ -->\n<title>8. Koost\u00f6\u00f6 konverents - Tallinn FoodFest 2022<\/title>\n<meta name=\"robots\" content=\"index, follow, max-snippet:-1, max-image-preview:large, max-video-preview:-1\" \/>\n<link rel=\"canonical\" href=\"https:\/\/www.profexpo.ee\/foodfest\/programm-2\/8-koostoo-konverents\/\" \/>\n<meta property=\"og:locale\" content=\"et_EE\" \/>\n<meta property=\"og:type\" content=\"article\" \/>\n<meta property=\"og:title\" content=\"8. Koost\u00f6\u00f6 konverents - Tallinn FoodFest 2022\" \/>\n<meta property=\"og:description\" content=\"8. Koost\u00f6\u00f6 konverents \u201eTuulte p\u00f6\u00f6rises\u201c Toiduliit korraldab taas Toidumessi Tallinn FoodFest raames Koost\u00f6\u00f6 konverentsi. Konverents toimub reedel, 30.09 Kava Moderaator: Sirje Potisepp 11.00 \u2013 11.15 \u00dclevaade toidusektorist &#8211; Sirje Potisepp Toiduliidu juhataja 11.15 \u2013 11.45 Majandus\u00fclevaade ja ettev\u00f5tete toimetulek &#8211; Liis Elmik Swedbanki makroanal\u00fc\u00fctik 11.45 \u2013 12.15 Kuidas me teeme koost\u00f6\u00f6d &#8211; Lidl ostustrateegia ja... Loe edasi\" \/>\n<meta property=\"og:url\" content=\"https:\/\/www.profexpo.ee\/foodfest\/programm-2\/8-koostoo-konverents\/\" \/>\n<meta property=\"og:site_name\" content=\"Tallinn FoodFest 2022\" \/>\n<meta property=\"article:modified_time\" content=\"2022-09-22T14:17:31+00:00\" \/>\n<meta property=\"og:image\" content=\"https:\/\/www.profexpo.ee\/foodfest\/wp-content\/uploads\/2021\/09\/Eesti_Toiduainetoostuse_Liit-250x71.jpg\" \/>\n<meta name=\"twitter:card\" content=\"summary_large_image\" \/>\n<meta name=\"twitter:label1\" content=\"Est. reading time\" \/>\n\t<meta name=\"twitter:data1\" content=\"1 minut\" \/>\n<script type=\"application\/ld+json\" class=\"yoast-schema-graph\">{\"@context\":\"https:\/\/schema.org\",\"@graph\":[{\"@type\":\"WebPage\",\"@id\":\"https:\/\/www.profexpo.ee\/foodfest\/programm-2\/8-koostoo-konverents\/\",\"url\":\"https:\/\/www.profexpo.ee\/foodfest\/programm-2\/8-koostoo-konverents\/\",\"name\":\"8. Koost\u00f6\u00f6 konverents - Tallinn FoodFest 2022\",\"isPartOf\":{\"@id\":\"https:\/\/www.profexpo.ee\/foodfest\/#website\"},\"primaryImageOfPage\":{\"@id\":\"https:\/\/www.profexpo.ee\/foodfest\/programm-2\/8-koostoo-konverents\/#primaryimage\"},\"image\":{\"@id\":\"https:\/\/www.profexpo.ee\/foodfest\/programm-2\/8-koostoo-konverents\/#primaryimage\"},\"thumbnailUrl\":\"https:\/\/www.profexpo.ee\/foodfest\/wp-content\/uploads\/2021\/09\/Eesti_Toiduainetoostuse_Liit-250x71.jpg\",\"datePublished\":\"2016-10-04T10:02:00+00:00\",\"dateModified\":\"2022-09-22T14:17:31+00:00\",\"breadcrumb\":{\"@id\":\"https:\/\/www.profexpo.ee\/foodfest\/programm-2\/8-koostoo-konverents\/#breadcrumb\"},\"inLanguage\":\"et\",\"potentialAction\":[{\"@type\":\"ReadAction\",\"target\":[\"https:\/\/www.profexpo.ee\/foodfest\/programm-2\/8-koostoo-konverents\/\"]}]},{\"@type\":\"ImageObject\",\"inLanguage\":\"et\",\"@id\":\"https:\/\/www.profexpo.ee\/foodfest\/programm-2\/8-koostoo-konverents\/#primaryimage\",\"url\":\"https:\/\/www.profexpo.ee\/foodfest\/wp-content\/uploads\/2021\/09\/Eesti_Toiduainetoostuse_Liit.jpg\",\"contentUrl\":\"https:\/\/www.profexpo.ee\/foodfest\/wp-content\/uploads\/2021\/09\/Eesti_Toiduainetoostuse_Liit.jpg\",\"width\":543,\"height\":154},{\"@type\":\"BreadcrumbList\",\"@id\":\"https:\/\/www.profexpo.ee\/foodfest\/programm-2\/8-koostoo-konverents\/#breadcrumb\",\"itemListElement\":[{\"@type\":\"ListItem\",\"position\":1,\"name\":\"Home\",\"item\":\"https:\/\/www.profexpo.ee\/foodfest\/\"},{\"@type\":\"ListItem\",\"position\":2,\"name\":\"Programm\",\"item\":\"https:\/\/www.profexpo.ee\/foodfest\/programm-2\/\"},{\"@type\":\"ListItem\",\"position\":3,\"name\":\"8. Koost\u00f6\u00f6 konverents\"}]},{\"@type\":\"WebSite\",\"@id\":\"https:\/\/www.profexpo.ee\/foodfest\/#website\",\"url\":\"https:\/\/www.profexpo.ee\/foodfest\/\",\"name\":\"Tallinn FoodFest 2020\",\"description\":\"Tallinn FoodFest 2022\",\"potentialAction\":[{\"@type\":\"SearchAction\",\"target\":{\"@type\":\"EntryPoint\",\"urlTemplate\":\"https:\/\/www.profexpo.ee\/foodfest\/?s={search_term_string}\"},\"query-input\":{\"@type\":\"PropertyValueSpecification\",\"valueRequired\":true,\"valueName\":\"search_term_string\"}}],\"inLanguage\":\"et\"}]}<\/script>\n<!-- \/ Yoast SEO plugin. -->","yoast_head_json":{"title":"8. Koost\u00f6\u00f6 konverents - Tallinn FoodFest 2022","robots":{"index":"index","follow":"follow","max-snippet":"max-snippet:-1","max-image-preview":"max-image-preview:large","max-video-preview":"max-video-preview:-1"},"canonical":"https:\/\/www.profexpo.ee\/foodfest\/programm-2\/8-koostoo-konverents\/","og_locale":"et_EE","og_type":"article","og_title":"8. Koost\u00f6\u00f6 konverents - Tallinn FoodFest 2022","og_description":"8. Koost\u00f6\u00f6 konverents \u201eTuulte p\u00f6\u00f6rises\u201c Toiduliit korraldab taas Toidumessi Tallinn FoodFest raames Koost\u00f6\u00f6 konverentsi. Konverents toimub reedel, 30.09 Kava Moderaator: Sirje Potisepp 11.00 \u2013 11.15 \u00dclevaade toidusektorist &#8211; Sirje Potisepp Toiduliidu juhataja 11.15 \u2013 11.45 Majandus\u00fclevaade ja ettev\u00f5tete toimetulek &#8211; Liis Elmik Swedbanki makroanal\u00fc\u00fctik 11.45 \u2013 12.15 Kuidas me teeme koost\u00f6\u00f6d &#8211; Lidl ostustrateegia ja... Loe edasi","og_url":"https:\/\/www.profexpo.ee\/foodfest\/programm-2\/8-koostoo-konverents\/","og_site_name":"Tallinn FoodFest 2022","article_modified_time":"2022-09-22T14:17:31+00:00","og_image":[{"url":"https:\/\/www.profexpo.ee\/foodfest\/wp-content\/uploads\/2021\/09\/Eesti_Toiduainetoostuse_Liit-250x71.jpg","type":"","width":"","height":""}],"twitter_card":"summary_large_image","twitter_misc":{"Est. reading time":"1 minut"},"schema":{"@context":"https:\/\/schema.org","@graph":[{"@type":"WebPage","@id":"https:\/\/www.profexpo.ee\/foodfest\/programm-2\/8-koostoo-konverents\/","url":"https:\/\/www.profexpo.ee\/foodfest\/programm-2\/8-koostoo-konverents\/","name":"8. Koost\u00f6\u00f6 konverents - Tallinn FoodFest 2022","isPartOf":{"@id":"https:\/\/www.profexpo.ee\/foodfest\/#website"},"primaryImageOfPage":{"@id":"https:\/\/www.profexpo.ee\/foodfest\/programm-2\/8-koostoo-konverents\/#primaryimage"},"image":{"@id":"https:\/\/www.profexpo.ee\/foodfest\/programm-2\/8-koostoo-konverents\/#primaryimage"},"thumbnailUrl":"https:\/\/www.profexpo.ee\/foodfest\/wp-content\/uploads\/2021\/09\/Eesti_Toiduainetoostuse_Liit-250x71.jpg","datePublished":"2016-10-04T10:02:00+00:00","dateModified":"2022-09-22T14:17:31+00:00","breadcrumb":{"@id":"https:\/\/www.profexpo.ee\/foodfest\/programm-2\/8-koostoo-konverents\/#breadcrumb"},"inLanguage":"et","potentialAction":[{"@type":"ReadAction","target":["https:\/\/www.profexpo.ee\/foodfest\/programm-2\/8-koostoo-konverents\/"]}]},{"@type":"ImageObject","inLanguage":"et","@id":"https:\/\/www.profexpo.ee\/foodfest\/programm-2\/8-koostoo-konverents\/#primaryimage","url":"https:\/\/www.profexpo.ee\/foodfest\/wp-content\/uploads\/2021\/09\/Eesti_Toiduainetoostuse_Liit.jpg","contentUrl":"https:\/\/www.profexpo.ee\/foodfest\/wp-content\/uploads\/2021\/09\/Eesti_Toiduainetoostuse_Liit.jpg","width":543,"height":154},{"@type":"BreadcrumbList","@id":"https:\/\/www.profexpo.ee\/foodfest\/programm-2\/8-koostoo-konverents\/#breadcrumb","itemListElement":[{"@type":"ListItem","position":1,"name":"Home","item":"https:\/\/www.profexpo.ee\/foodfest\/"},{"@type":"ListItem","position":2,"name":"Programm","item":"https:\/\/www.profexpo.ee\/foodfest\/programm-2\/"},{"@type":"ListItem","position":3,"name":"8. Koost\u00f6\u00f6 konverents"}]},{"@type":"WebSite","@id":"https:\/\/www.profexpo.ee\/foodfest\/#website","url":"https:\/\/www.profexpo.ee\/foodfest\/","name":"Tallinn FoodFest 2020","description":"Tallinn FoodFest 2022","potentialAction":[{"@type":"SearchAction","target":{"@type":"EntryPoint","urlTemplate":"https:\/\/www.profexpo.ee\/foodfest\/?s={search_term_string}"},"query-input":{"@type":"PropertyValueSpecification","valueRequired":true,"valueName":"search_term_string"}}],"inLanguage":"et"}]}},"_links":{"self":[{"href":"https:\/\/www.profexpo.ee\/foodfest\/wp-json\/wp\/v2\/pages\/2826","targetHints":{"allow":["GET"]}}],"collection":[{"href":"https:\/\/www.profexpo.ee\/foodfest\/wp-json\/wp\/v2\/pages"}],"about":[{"href":"https:\/\/www.profexpo.ee\/foodfest\/wp-json\/wp\/v2\/types\/page"}],"author":[{"embeddable":true,"href":"https:\/\/www.profexpo.ee\/foodfest\/wp-json\/wp\/v2\/users\/3"}],"replies":[{"embeddable":true,"href":"https:\/\/www.profexpo.ee\/foodfest\/wp-json\/wp\/v2\/comments?post=2826"}],"version-history":[{"count":5,"href":"https:\/\/www.profexpo.ee\/foodfest\/wp-json\/wp\/v2\/pages\/2826\/revisions"}],"predecessor-version":[{"id":14178,"href":"https:\/\/www.profexpo.ee\/foodfest\/wp-json\/wp\/v2\/pages\/2826\/revisions\/14178"}],"up":[{"embeddable":true,"href":"https:\/\/www.profexpo.ee\/foodfest\/wp-json\/wp\/v2\/pages\/10872"}],"wp:attachment":[{"href":"https:\/\/www.profexpo.ee\/foodfest\/wp-json\/wp\/v2\/media?parent=2826"}],"curies":[{"name":"wp","href":"https:\/\/api.w.org\/{rel}","templated":true}]}}