{"id":2906,"date":"2016-10-10T10:20:48","date_gmt":"2016-10-10T07:20:48","guid":{"rendered":"http:\/\/www.profexpo.ee\/foodfest\/?page_id=2906"},"modified":"2024-09-03T21:02:29","modified_gmt":"2024-09-03T18:02:29","slug":"koolitoitlustajate-teabepaev","status":"publish","type":"page","link":"https:\/\/www.profexpo.ee\/foodfest\/programm-2\/koolitoitlustajate-teabepaev\/","title":{"rendered":"Kooli- ja lasteaiatoitlustajate teabep\u00e4ev"},"content":{"rendered":"<h1><strong>Kooli- ja lasteaiatoitlustajate teabep\u00e4ev 2021 &#8211; \u00a0\u201eTasakaalustatud toit\u201c<\/strong><\/h1>\n<p><strong>Programmi eestvedaja Eesti Koolitoidu Liit<\/strong> (EKTL)<\/p>\n<h3><strong>Reedel 01.10.2021, Eesti N\u00e4ituste Messikeskuses Hall C-600, algusega 13:30-16:00<\/strong><\/h3>\n<p><strong>13:30-13:40 \u2013 Evelyn Esajas<\/strong>. Evelyn on laste toidu kokk ja- eestvedaja. T\u00f6\u00f6tab J\u00fcri G\u00fcmnaasiumi s\u00f6\u00f6klajuhina ning -kokaringide ja valikaine\u00a0 \u00f5petajana. Eesti Koolitoidu Liidu asutaja ja esinaine. Evelyn avab kooli- ja lasteaiatoitlustajate teabep\u00e4eva &#8211; Tasakaalustatud toit koolidele ja lasteaedadele.<\/p>\n<p><strong>13:40-14:10\u00a0 \u2013 Maru Metspalu<\/strong>. Maru on \u00f6elnud enda kohta: \u201eolen toitu hingav, n\u00e4oga metsa poole olev kokk\u201c ning peab lugu k\u00f5igest s\u00f6\u00f6davast, mis kasvab ise ja- on \u00f6koloogiliselt puhas. Maru p\u00fc\u00fcab inspireerida, tuua n\u00e4iteid, jagada kogemusi, anda julgustust ja tuge kooli- ja lasteaia kokkadele k\u00f5iges, mis puudutab t\u00e4istaimset toitu. Avab kokkadele p\u00f5neva taimsete toitude ja -tooraine maailma, et laste toidulaud oleks rohkem toitaine puhtam ja tervislikum.<\/p>\n<p><strong>14:10-14.40 \u2013 Karin Kanam\u00e4e.<\/strong> Karin on Eestis Taimse Teisip\u00e4eva kooliprogrammi eestvedaja. Kui Maru avab p\u00f5nevuse, siis Karin toob laste toitlustusse juba ka praktilised k\u00e4egakatsutavad taimetoitude retseptid ja julgustab lapsi avastama taimetoidu maailma. Karin r\u00e4\u00e4gib messil Taimsest Teisip\u00e4evast ja selle rohketest v\u00f5imalustest, et tasakaalustada paremini laste toidulauda.<\/p>\n<table style=\"border-collapse: collapse; width: 100%;\">\n<tbody>\n<tr>\n<td style=\"width: 100%;\"><img loading=\"lazy\" decoding=\"async\" width=\"250\" height=\"99\" class=\"alignleft size-medium wp-image-12601\" src=\"https:\/\/www.profexpo.ee\/foodfest\/wp-content\/uploads\/2021\/09\/taimne-tp-250x99.png\" alt=\"\" srcset=\"https:\/\/www.profexpo.ee\/foodfest\/wp-content\/uploads\/2021\/09\/taimne-tp-250x99.png 250w, https:\/\/www.profexpo.ee\/foodfest\/wp-content\/uploads\/2021\/09\/taimne-tp-450x179.png 450w, https:\/\/www.profexpo.ee\/foodfest\/wp-content\/uploads\/2021\/09\/taimne-tp-120x48.png 120w, https:\/\/www.profexpo.ee\/foodfest\/wp-content\/uploads\/2021\/09\/taimne-tp.png 458w\" sizes=\"auto, (max-width: 250px) 100vw, 250px\" \/><\/td>\n<\/tr>\n<\/tbody>\n<\/table>\n<p><strong>14:40-15:20 \u2013 Lunden Food, , Eesti Pagar ja N\u00f5o lihat\u00f6\u00f6stus N\u00f5o lihat\u00f6\u00f6stus jt. <\/strong>\u00a0on tootjad, kes on tootjad ja pakuvad t\u00e4isv\u00e4\u00e4rtuslikke, maitsvaid ja kvaliteetseid (valmis)tooteid \u00f5pilaste toidupakkidesse distants\u00f5ppe perioodil. Tootjad panevad ka ise kohapeal kokku kahe n\u00e4dala n\u00e4idistoidupaki ning r\u00e4\u00e4givad toidupakkide teemal.<\/p>\n<p><strong>15:20- 16:00 -*\/ Eesti Koolitoidu Liit (EKTL)<\/strong> -asutajad\u00a0 <strong>Evelyn Esajas<\/strong> ja <strong>Veronika Eesmann<\/strong> r\u00e4\u00e4givad ellu kutsutud Liidu eesm\u00e4rkidest ning teevad esimese avaliku \u00fcleskutse lasteaedadele ja koolidele \u00fchinema, et laste toidulaud oleks veelgi Tervislikum, t\u00e4isv\u00e4\u00e4rtuslikum ja tasakaalustatum.<\/p>\n<p>\u00dcritust aitavad korda seada- ja on abistavaks j\u00f5uks J\u00fcri G\u00fcmnaasiumi \u00f5pilased.<\/p>\n<p><strong>*<\/strong>Esinejate info veel t\u00e4ieneb<\/p>\n<h3>Registreerimine<\/h3>\n<p><a href=\"https:\/\/www.profexpo.ee\/foodfest\/kooli-ja-lasteaiatoitlustajate-teabepaev-registreerimisvorm\/\">REGISTREERIMISVORM<\/a><\/p>\n<h3>Toetajad<\/h3>\n<table style=\"border-collapse: collapse; width: 95.4288%;\">\n<tbody>\n<tr>\n<td style=\"width: 33.3333%;\"><img loading=\"lazy\" decoding=\"async\" width=\"150\" height=\"150\" class=\"alignleft size-full wp-image-12113\" src=\"https:\/\/www.profexpo.ee\/foodfest\/wp-content\/uploads\/2021\/09\/NOO.png\" alt=\"\" srcset=\"https:\/\/www.profexpo.ee\/foodfest\/wp-content\/uploads\/2021\/09\/NOO.png 150w, https:\/\/www.profexpo.ee\/foodfest\/wp-content\/uploads\/2021\/09\/NOO-120x120.png 120w\" sizes=\"auto, (max-width: 150px) 100vw, 150px\" \/><\/td>\n<td style=\"width: 33.3333%;\"><img loading=\"lazy\" decoding=\"async\" class=\"wp-image-12117 size-full aligncenter\" src=\"https:\/\/www.profexpo.ee\/foodfest\/wp-content\/uploads\/2021\/09\/LUNDEN.jpg\" alt=\"\" width=\"170\" height=\"170\" srcset=\"https:\/\/www.profexpo.ee\/foodfest\/wp-content\/uploads\/2021\/09\/LUNDEN.jpg 170w, https:\/\/www.profexpo.ee\/foodfest\/wp-content\/uploads\/2021\/09\/LUNDEN-150x150.jpg 150w, https:\/\/www.profexpo.ee\/foodfest\/wp-content\/uploads\/2021\/09\/LUNDEN-120x120.jpg 120w\" sizes=\"auto, (max-width: 170px) 100vw, 170px\" \/><\/td>\n<td style=\"width: 44.3833%;\"><img loading=\"lazy\" decoding=\"async\" width=\"250\" height=\"136\" class=\"size-medium wp-image-8327 aligncenter\" src=\"https:\/\/www.profexpo.ee\/foodfest\/wp-content\/uploads\/2016\/08\/Eesti-Pagar_Logo_x300px-250x136.jpg\" alt=\"\" srcset=\"https:\/\/www.profexpo.ee\/foodfest\/wp-content\/uploads\/2016\/08\/Eesti-Pagar_Logo_x300px-250x136.jpg 250w, https:\/\/www.profexpo.ee\/foodfest\/wp-content\/uploads\/2016\/08\/Eesti-Pagar_Logo_x300px-120x65.jpg 120w, https:\/\/www.profexpo.ee\/foodfest\/wp-content\/uploads\/2016\/08\/Eesti-Pagar_Logo_x300px.jpg 300w\" sizes=\"auto, (max-width: 250px) 100vw, 250px\" \/><\/td>\n<\/tr>\n<\/tbody>\n<\/table>\n<h3>Korraldajad<\/h3>\n<p>&nbsp;<\/p>\n<table style=\"border-collapse: collapse; width: 100%;\">\n<tbody>\n<tr>\n<td style=\"width: 50%;\"><img loading=\"lazy\" decoding=\"async\" width=\"250\" height=\"115\" class=\"alignleft size-full wp-image-4504\" src=\"https:\/\/www.profexpo.ee\/foodfest\/wp-content\/uploads\/2018\/09\/Profexpo-logo-2-250x115.jpg\" alt=\"\" srcset=\"https:\/\/www.profexpo.ee\/foodfest\/wp-content\/uploads\/2018\/09\/Profexpo-logo-2-250x115.jpg 250w, https:\/\/www.profexpo.ee\/foodfest\/wp-content\/uploads\/2018\/09\/Profexpo-logo-2-250x115-120x55.jpg 120w\" sizes=\"auto, (max-width: 250px) 100vw, 250px\" \/><\/td>\n<td style=\"width: 50%;\"><img loading=\"lazy\" decoding=\"async\" width=\"250\" height=\"158\" class=\"alignleft size-medium wp-image-12110\" src=\"https:\/\/www.profexpo.ee\/foodfest\/wp-content\/uploads\/2021\/09\/koolitoiduliit-3-250x158.jpg\" alt=\"\" srcset=\"https:\/\/www.profexpo.ee\/foodfest\/wp-content\/uploads\/2021\/09\/koolitoiduliit-3-250x158.jpg 250w, https:\/\/www.profexpo.ee\/foodfest\/wp-content\/uploads\/2021\/09\/koolitoiduliit-3-700x443.jpg 700w, https:\/\/www.profexpo.ee\/foodfest\/wp-content\/uploads\/2021\/09\/koolitoiduliit-3-768x486.jpg 768w, https:\/\/www.profexpo.ee\/foodfest\/wp-content\/uploads\/2021\/09\/koolitoiduliit-3-1536x972.jpg 1536w, https:\/\/www.profexpo.ee\/foodfest\/wp-content\/uploads\/2021\/09\/koolitoiduliit-3-2048x1297.jpg 2048w, https:\/\/www.profexpo.ee\/foodfest\/wp-content\/uploads\/2021\/09\/koolitoiduliit-3-450x285.jpg 450w, https:\/\/www.profexpo.ee\/foodfest\/wp-content\/uploads\/2021\/09\/koolitoiduliit-3-900x570.jpg 900w, https:\/\/www.profexpo.ee\/foodfest\/wp-content\/uploads\/2021\/09\/koolitoiduliit-3-120x76.jpg 120w\" sizes=\"auto, (max-width: 250px) 100vw, 250px\" \/><\/td>\n<\/tr>\n<\/tbody>\n<\/table>\n<p>&nbsp;<\/p>\n<p>&nbsp;<\/p>\n<h3>K\u00fcsimuste puhul palun p\u00f6\u00f6rduda<\/h3>\n<p>Profexpo O\u00dc<br \/>\n<a href=\"mailto:kennet.sarv@profexpo.ee\">info@profexpo.ee<br \/>\n<\/a>telefon: 62 61\u00a0347<\/p>\n","protected":false},"excerpt":{"rendered":"Kooli- ja lasteaiatoitlustajate teabep\u00e4ev 2021 &#8211; \u00a0\u201eTasakaalustatud toit\u201c Programmi eestvedaja Eesti Koolitoidu Liit (EKTL) Reedel 01.10.2021, Eesti N\u00e4ituste Messikeskuses Hall C-600, algusega 13:30-16:00 13:30-13:40 \u2013 Evelyn Esajas. Evelyn on laste toidu kokk ja- eestvedaja. T\u00f6\u00f6tab J\u00fcri G\u00fcmnaasiumi s\u00f6\u00f6klajuhina ning -kokaringide ja valikaine\u00a0 \u00f5petajana. Eesti Koolitoidu Liidu asutaja ja esinaine. Evelyn avab kooli- ja lasteaiatoitlustajate teabep\u00e4eva&#8230; <a class=\"view-article\" href=\"https:\/\/www.profexpo.ee\/foodfest\/programm-2\/koolitoitlustajate-teabepaev\/\">Loe edasi<\/a>","protected":false},"author":3,"featured_media":0,"parent":10872,"menu_order":4,"comment_status":"closed","ping_status":"closed","template":"","meta":{"footnotes":""},"class_list":["post-2906","page","type-page","status-publish","hentry"],"yoast_head":"<!-- This site is optimized with the Yoast SEO plugin v24.7 - https:\/\/yoast.com\/wordpress\/plugins\/seo\/ -->\n<title>Kooli- ja lasteaiatoitlustajate teabep\u00e4ev - Tallinn FoodFest 2022<\/title>\n<meta name=\"robots\" content=\"index, follow, max-snippet:-1, max-image-preview:large, max-video-preview:-1\" \/>\n<link rel=\"canonical\" href=\"https:\/\/www.profexpo.ee\/foodfest\/programm-2\/koolitoitlustajate-teabepaev\/\" \/>\n<meta property=\"og:locale\" content=\"et_EE\" \/>\n<meta property=\"og:type\" content=\"article\" \/>\n<meta property=\"og:title\" content=\"Kooli- ja lasteaiatoitlustajate teabep\u00e4ev - Tallinn FoodFest 2022\" \/>\n<meta property=\"og:description\" content=\"Kooli- ja lasteaiatoitlustajate teabep\u00e4ev 2021 &#8211; \u00a0\u201eTasakaalustatud toit\u201c Programmi eestvedaja Eesti Koolitoidu Liit (EKTL) Reedel 01.10.2021, Eesti N\u00e4ituste Messikeskuses Hall C-600, algusega 13:30-16:00 13:30-13:40 \u2013 Evelyn Esajas. Evelyn on laste toidu kokk ja- eestvedaja. T\u00f6\u00f6tab J\u00fcri G\u00fcmnaasiumi s\u00f6\u00f6klajuhina ning -kokaringide ja valikaine\u00a0 \u00f5petajana. Eesti Koolitoidu Liidu asutaja ja esinaine. Evelyn avab kooli- ja lasteaiatoitlustajate teabep\u00e4eva... Loe edasi\" \/>\n<meta property=\"og:url\" content=\"https:\/\/www.profexpo.ee\/foodfest\/programm-2\/koolitoitlustajate-teabepaev\/\" \/>\n<meta property=\"og:site_name\" content=\"Tallinn FoodFest 2022\" \/>\n<meta property=\"article:modified_time\" content=\"2024-09-03T18:02:29+00:00\" \/>\n<meta property=\"og:image\" content=\"https:\/\/www.profexpo.ee\/foodfest\/wp-content\/uploads\/2021\/09\/taimne-tp-250x99.png\" \/>\n<meta name=\"twitter:card\" content=\"summary_large_image\" \/>\n<meta name=\"twitter:label1\" content=\"Est. reading time\" \/>\n\t<meta name=\"twitter:data1\" content=\"3 minutit\" \/>\n<script type=\"application\/ld+json\" class=\"yoast-schema-graph\">{\"@context\":\"https:\/\/schema.org\",\"@graph\":[{\"@type\":\"WebPage\",\"@id\":\"https:\/\/www.profexpo.ee\/foodfest\/programm-2\/koolitoitlustajate-teabepaev\/\",\"url\":\"https:\/\/www.profexpo.ee\/foodfest\/programm-2\/koolitoitlustajate-teabepaev\/\",\"name\":\"Kooli- ja lasteaiatoitlustajate teabep\u00e4ev - Tallinn FoodFest 2022\",\"isPartOf\":{\"@id\":\"https:\/\/www.profexpo.ee\/foodfest\/#website\"},\"primaryImageOfPage\":{\"@id\":\"https:\/\/www.profexpo.ee\/foodfest\/programm-2\/koolitoitlustajate-teabepaev\/#primaryimage\"},\"image\":{\"@id\":\"https:\/\/www.profexpo.ee\/foodfest\/programm-2\/koolitoitlustajate-teabepaev\/#primaryimage\"},\"thumbnailUrl\":\"https:\/\/www.profexpo.ee\/foodfest\/wp-content\/uploads\/2021\/09\/taimne-tp-250x99.png\",\"datePublished\":\"2016-10-10T07:20:48+00:00\",\"dateModified\":\"2024-09-03T18:02:29+00:00\",\"breadcrumb\":{\"@id\":\"https:\/\/www.profexpo.ee\/foodfest\/programm-2\/koolitoitlustajate-teabepaev\/#breadcrumb\"},\"inLanguage\":\"et\",\"potentialAction\":[{\"@type\":\"ReadAction\",\"target\":[\"https:\/\/www.profexpo.ee\/foodfest\/programm-2\/koolitoitlustajate-teabepaev\/\"]}]},{\"@type\":\"ImageObject\",\"inLanguage\":\"et\",\"@id\":\"https:\/\/www.profexpo.ee\/foodfest\/programm-2\/koolitoitlustajate-teabepaev\/#primaryimage\",\"url\":\"https:\/\/www.profexpo.ee\/foodfest\/wp-content\/uploads\/2021\/09\/taimne-tp.png\",\"contentUrl\":\"https:\/\/www.profexpo.ee\/foodfest\/wp-content\/uploads\/2021\/09\/taimne-tp.png\",\"width\":458,\"height\":182},{\"@type\":\"BreadcrumbList\",\"@id\":\"https:\/\/www.profexpo.ee\/foodfest\/programm-2\/koolitoitlustajate-teabepaev\/#breadcrumb\",\"itemListElement\":[{\"@type\":\"ListItem\",\"position\":1,\"name\":\"Home\",\"item\":\"https:\/\/www.profexpo.ee\/foodfest\/\"},{\"@type\":\"ListItem\",\"position\":2,\"name\":\"Programm\",\"item\":\"https:\/\/www.profexpo.ee\/foodfest\/programm-2\/\"},{\"@type\":\"ListItem\",\"position\":3,\"name\":\"Kooli- ja lasteaiatoitlustajate teabep\u00e4ev\"}]},{\"@type\":\"WebSite\",\"@id\":\"https:\/\/www.profexpo.ee\/foodfest\/#website\",\"url\":\"https:\/\/www.profexpo.ee\/foodfest\/\",\"name\":\"Tallinn FoodFest 2020\",\"description\":\"Tallinn FoodFest 2022\",\"potentialAction\":[{\"@type\":\"SearchAction\",\"target\":{\"@type\":\"EntryPoint\",\"urlTemplate\":\"https:\/\/www.profexpo.ee\/foodfest\/?s={search_term_string}\"},\"query-input\":{\"@type\":\"PropertyValueSpecification\",\"valueRequired\":true,\"valueName\":\"search_term_string\"}}],\"inLanguage\":\"et\"}]}<\/script>\n<!-- \/ Yoast SEO plugin. -->","yoast_head_json":{"title":"Kooli- ja lasteaiatoitlustajate teabep\u00e4ev - Tallinn FoodFest 2022","robots":{"index":"index","follow":"follow","max-snippet":"max-snippet:-1","max-image-preview":"max-image-preview:large","max-video-preview":"max-video-preview:-1"},"canonical":"https:\/\/www.profexpo.ee\/foodfest\/programm-2\/koolitoitlustajate-teabepaev\/","og_locale":"et_EE","og_type":"article","og_title":"Kooli- ja lasteaiatoitlustajate teabep\u00e4ev - Tallinn FoodFest 2022","og_description":"Kooli- ja lasteaiatoitlustajate teabep\u00e4ev 2021 &#8211; \u00a0\u201eTasakaalustatud toit\u201c Programmi eestvedaja Eesti Koolitoidu Liit (EKTL) Reedel 01.10.2021, Eesti N\u00e4ituste Messikeskuses Hall C-600, algusega 13:30-16:00 13:30-13:40 \u2013 Evelyn Esajas. Evelyn on laste toidu kokk ja- eestvedaja. T\u00f6\u00f6tab J\u00fcri G\u00fcmnaasiumi s\u00f6\u00f6klajuhina ning -kokaringide ja valikaine\u00a0 \u00f5petajana. Eesti Koolitoidu Liidu asutaja ja esinaine. Evelyn avab kooli- ja lasteaiatoitlustajate teabep\u00e4eva... Loe edasi","og_url":"https:\/\/www.profexpo.ee\/foodfest\/programm-2\/koolitoitlustajate-teabepaev\/","og_site_name":"Tallinn FoodFest 2022","article_modified_time":"2024-09-03T18:02:29+00:00","og_image":[{"url":"https:\/\/www.profexpo.ee\/foodfest\/wp-content\/uploads\/2021\/09\/taimne-tp-250x99.png","type":"","width":"","height":""}],"twitter_card":"summary_large_image","twitter_misc":{"Est. reading time":"3 minutit"},"schema":{"@context":"https:\/\/schema.org","@graph":[{"@type":"WebPage","@id":"https:\/\/www.profexpo.ee\/foodfest\/programm-2\/koolitoitlustajate-teabepaev\/","url":"https:\/\/www.profexpo.ee\/foodfest\/programm-2\/koolitoitlustajate-teabepaev\/","name":"Kooli- ja lasteaiatoitlustajate teabep\u00e4ev - Tallinn FoodFest 2022","isPartOf":{"@id":"https:\/\/www.profexpo.ee\/foodfest\/#website"},"primaryImageOfPage":{"@id":"https:\/\/www.profexpo.ee\/foodfest\/programm-2\/koolitoitlustajate-teabepaev\/#primaryimage"},"image":{"@id":"https:\/\/www.profexpo.ee\/foodfest\/programm-2\/koolitoitlustajate-teabepaev\/#primaryimage"},"thumbnailUrl":"https:\/\/www.profexpo.ee\/foodfest\/wp-content\/uploads\/2021\/09\/taimne-tp-250x99.png","datePublished":"2016-10-10T07:20:48+00:00","dateModified":"2024-09-03T18:02:29+00:00","breadcrumb":{"@id":"https:\/\/www.profexpo.ee\/foodfest\/programm-2\/koolitoitlustajate-teabepaev\/#breadcrumb"},"inLanguage":"et","potentialAction":[{"@type":"ReadAction","target":["https:\/\/www.profexpo.ee\/foodfest\/programm-2\/koolitoitlustajate-teabepaev\/"]}]},{"@type":"ImageObject","inLanguage":"et","@id":"https:\/\/www.profexpo.ee\/foodfest\/programm-2\/koolitoitlustajate-teabepaev\/#primaryimage","url":"https:\/\/www.profexpo.ee\/foodfest\/wp-content\/uploads\/2021\/09\/taimne-tp.png","contentUrl":"https:\/\/www.profexpo.ee\/foodfest\/wp-content\/uploads\/2021\/09\/taimne-tp.png","width":458,"height":182},{"@type":"BreadcrumbList","@id":"https:\/\/www.profexpo.ee\/foodfest\/programm-2\/koolitoitlustajate-teabepaev\/#breadcrumb","itemListElement":[{"@type":"ListItem","position":1,"name":"Home","item":"https:\/\/www.profexpo.ee\/foodfest\/"},{"@type":"ListItem","position":2,"name":"Programm","item":"https:\/\/www.profexpo.ee\/foodfest\/programm-2\/"},{"@type":"ListItem","position":3,"name":"Kooli- ja lasteaiatoitlustajate teabep\u00e4ev"}]},{"@type":"WebSite","@id":"https:\/\/www.profexpo.ee\/foodfest\/#website","url":"https:\/\/www.profexpo.ee\/foodfest\/","name":"Tallinn FoodFest 2020","description":"Tallinn FoodFest 2022","potentialAction":[{"@type":"SearchAction","target":{"@type":"EntryPoint","urlTemplate":"https:\/\/www.profexpo.ee\/foodfest\/?s={search_term_string}"},"query-input":{"@type":"PropertyValueSpecification","valueRequired":true,"valueName":"search_term_string"}}],"inLanguage":"et"}]}},"_links":{"self":[{"href":"https:\/\/www.profexpo.ee\/foodfest\/wp-json\/wp\/v2\/pages\/2906","targetHints":{"allow":["GET"]}}],"collection":[{"href":"https:\/\/www.profexpo.ee\/foodfest\/wp-json\/wp\/v2\/pages"}],"about":[{"href":"https:\/\/www.profexpo.ee\/foodfest\/wp-json\/wp\/v2\/types\/page"}],"author":[{"embeddable":true,"href":"https:\/\/www.profexpo.ee\/foodfest\/wp-json\/wp\/v2\/users\/3"}],"replies":[{"embeddable":true,"href":"https:\/\/www.profexpo.ee\/foodfest\/wp-json\/wp\/v2\/comments?post=2906"}],"version-history":[{"count":5,"href":"https:\/\/www.profexpo.ee\/foodfest\/wp-json\/wp\/v2\/pages\/2906\/revisions"}],"predecessor-version":[{"id":12762,"href":"https:\/\/www.profexpo.ee\/foodfest\/wp-json\/wp\/v2\/pages\/2906\/revisions\/12762"}],"up":[{"embeddable":true,"href":"https:\/\/www.profexpo.ee\/foodfest\/wp-json\/wp\/v2\/pages\/10872"}],"wp:attachment":[{"href":"https:\/\/www.profexpo.ee\/foodfest\/wp-json\/wp\/v2\/media?parent=2906"}],"curies":[{"name":"wp","href":"https:\/\/api.w.org\/{rel}","templated":true}]}}