{"id":44,"date":"2015-09-16T11:33:00","date_gmt":"2015-09-16T08:33:00","guid":{"rendered":"http:\/\/www.profexpo.ee\/foodfest\/?page_id=44"},"modified":"2022-03-28T17:57:16","modified_gmt":"2022-03-28T14:57:16","slug":"miks-osaleda","status":"publish","type":"page","link":"https:\/\/www.profexpo.ee\/foodfest\/eksponendile\/miks-osaleda\/","title":{"rendered":"Miks osaleda?"},"content":{"rendered":"<h1><strong>Miks osaleda messil Tallinn FoodFest?<\/strong><\/h1>\n<h2><strong>Toidumessi eksponenti ootab:<\/strong><\/h2>\n<ul>\n<li>enam kui 5000 profik\u00fclastajat \u00fcle kogu Eesti horeca, jae- ja hulgikaubanduse, toidut\u00f6\u00f6stuse ning sidusaladelt<\/li>\n<li>toidus\u00f5prade p\u00e4eval \u00fcle paari tuhande k\u00fclastaja<\/li>\n<li>vahetud kohtumised, otsekontaktid praeguste ja uute \u00e4riklientidega<\/li>\n<li>kliendibaasi kasvatamise ja oma sihtr\u00fchma laiendamise v\u00f5imalus<\/li>\n<li>Eesti oluliste meediakanalite t\u00e4helepanu<\/li>\n<li>v\u00f5imalus oma tooteid esitleda ja m\u00fc\u00fca<\/li>\n<li>v\u00f5rdne v\u00f5imalus nii v\u00e4ikestel kui ka suurtel ettev\u00f5tetel otsustajatega kohtuda<\/li>\n<li>ettev\u00f5tte, toote, teenuse tuntuse kasv partnerite ning tarbijate seas<\/li>\n<li>usaldusv\u00e4\u00e4rne ja kogemustega korraldusmeeskond<\/li>\n<\/ul>\n<h2><strong>Tallinn FoodFest on teie t\u00f5hus meedia ja ainulaadne turunduskanal!<\/strong><\/h2>\n<ul>\n<li>Mess on reaalajas toimiv meedia, kus kliendiga kohtutakse silmast-silma.<\/li>\n<li>Mess on ainus meedia, mis k\u00f5iki viit meelt kasutades s\u00f5numi kliendini viib.<\/li>\n<li>Messik\u00fclastaja kui potentsiaalne ja teadlik klient teab t\u00e4pselt, kuhu ja milleks ta on tulnud: tutvuma uudistega, hankima uusi kontakte ja laiendama silmaringi. Messil kohtud ka konkurentide klientidega.<\/li>\n<li>Messil on v\u00f5imalik samaaegselt ellu viia k\u00f5iki turunduse eesm\u00e4rke.<\/li>\n<li>Mess on suurep\u00e4raselt toimiv j\u00e4tk v\u00f5i laiendus k\u00e4imasolevale m\u00fc\u00fcgikampaaniale, mille k\u00e4igus jagatakse messi v\u00f5i kampaaniapakkumisi.<\/li>\n<li>Meeldej\u00e4\u00e4v esinemine ning v\u00e4ljapanek on s\u00f5num, mille kannavad edasi nii meedia kui tuhanded messik\u00fclastajad \u2013 mess toetab teie firma v\u00f5i toote imago kujundamist kogu sihtr\u00fchmale.<\/li>\n<li>Kohalolek messil loob kindlustunnet klientides ja toetab k\u00fcpsevaid ostukavatsusi.<\/li>\n<\/ul>\n<h2 style=\"text-align: left;\"><strong>100 ideed\u00a0messil osalemiseks<\/strong><\/h2>\n<p style=\"text-align: left;\">Messil osalemist ette valmistades tuleks alustada eesm\u00e4rkidest. <a href=\"https:\/\/www.profexpo.ee\/foodfest\/wp-content\/uploads\/2016\/03\/100_pohjust_eksponeerimiseks_Profexpo_2013.pdf\" target=\"_blank\" rel=\"noopener noreferrer\">Lisame siia 100 eesm\u00e4rki<\/a>, mille on oma raamatus &#8220;Powerful Exhibit Marketing&#8221; v\u00e4lja toonud Barry Saskind. Kui paljud neist puudutavad teid ja teie ettev\u00f5tet?<\/p>\n<h1 style=\"text-align: left;\"><strong>Tee \u00fcks hea investeering ja registreeru Tallinn FoodFestile! Teie kliendid on kohal, kas ka teie ise?<\/strong><\/h1>\n","protected":false},"excerpt":{"rendered":"Miks osaleda messil Tallinn FoodFest? Toidumessi eksponenti ootab: enam kui 5000 profik\u00fclastajat \u00fcle kogu Eesti horeca, jae- ja hulgikaubanduse, toidut\u00f6\u00f6stuse ning sidusaladelt toidus\u00f5prade p\u00e4eval \u00fcle paari tuhande k\u00fclastaja vahetud kohtumised, otsekontaktid praeguste ja uute \u00e4riklientidega kliendibaasi kasvatamise ja oma sihtr\u00fchma laiendamise v\u00f5imalus Eesti oluliste meediakanalite t\u00e4helepanu v\u00f5imalus oma tooteid esitleda ja m\u00fc\u00fca v\u00f5rdne v\u00f5imalus nii&#8230; <a class=\"view-article\" href=\"https:\/\/www.profexpo.ee\/foodfest\/eksponendile\/miks-osaleda\/\">Loe edasi<\/a>","protected":false},"author":1,"featured_media":0,"parent":9,"menu_order":1,"comment_status":"closed","ping_status":"closed","template":"","meta":{"footnotes":""},"class_list":["post-44","page","type-page","status-publish","hentry"],"yoast_head":"<!-- This site is optimized with the Yoast SEO plugin v24.7 - https:\/\/yoast.com\/wordpress\/plugins\/seo\/ -->\n<title>Miks osaleda? - Tallinn FoodFest 2022<\/title>\n<meta name=\"robots\" content=\"index, follow, max-snippet:-1, max-image-preview:large, max-video-preview:-1\" \/>\n<link rel=\"canonical\" href=\"https:\/\/www.profexpo.ee\/foodfest\/eksponendile\/miks-osaleda\/\" \/>\n<meta property=\"og:locale\" content=\"et_EE\" \/>\n<meta property=\"og:type\" content=\"article\" \/>\n<meta property=\"og:title\" content=\"Miks osaleda? - Tallinn FoodFest 2022\" \/>\n<meta property=\"og:description\" content=\"Miks osaleda messil Tallinn FoodFest? Toidumessi eksponenti ootab: enam kui 5000 profik\u00fclastajat \u00fcle kogu Eesti horeca, jae- ja hulgikaubanduse, toidut\u00f6\u00f6stuse ning sidusaladelt toidus\u00f5prade p\u00e4eval \u00fcle paari tuhande k\u00fclastaja vahetud kohtumised, otsekontaktid praeguste ja uute \u00e4riklientidega kliendibaasi kasvatamise ja oma sihtr\u00fchma laiendamise v\u00f5imalus Eesti oluliste meediakanalite t\u00e4helepanu v\u00f5imalus oma tooteid esitleda ja m\u00fc\u00fca v\u00f5rdne v\u00f5imalus nii... Loe edasi\" \/>\n<meta property=\"og:url\" content=\"https:\/\/www.profexpo.ee\/foodfest\/eksponendile\/miks-osaleda\/\" \/>\n<meta property=\"og:site_name\" content=\"Tallinn FoodFest 2022\" \/>\n<meta property=\"article:modified_time\" content=\"2022-03-28T14:57:16+00:00\" \/>\n<meta name=\"twitter:card\" content=\"summary_large_image\" \/>\n<meta name=\"twitter:label1\" content=\"Est. reading time\" \/>\n\t<meta name=\"twitter:data1\" content=\"2 minutit\" \/>\n<script type=\"application\/ld+json\" class=\"yoast-schema-graph\">{\"@context\":\"https:\/\/schema.org\",\"@graph\":[{\"@type\":\"WebPage\",\"@id\":\"https:\/\/www.profexpo.ee\/foodfest\/eksponendile\/miks-osaleda\/\",\"url\":\"https:\/\/www.profexpo.ee\/foodfest\/eksponendile\/miks-osaleda\/\",\"name\":\"Miks osaleda? - Tallinn FoodFest 2022\",\"isPartOf\":{\"@id\":\"https:\/\/www.profexpo.ee\/foodfest\/#website\"},\"datePublished\":\"2015-09-16T08:33:00+00:00\",\"dateModified\":\"2022-03-28T14:57:16+00:00\",\"breadcrumb\":{\"@id\":\"https:\/\/www.profexpo.ee\/foodfest\/eksponendile\/miks-osaleda\/#breadcrumb\"},\"inLanguage\":\"et\",\"potentialAction\":[{\"@type\":\"ReadAction\",\"target\":[\"https:\/\/www.profexpo.ee\/foodfest\/eksponendile\/miks-osaleda\/\"]}]},{\"@type\":\"BreadcrumbList\",\"@id\":\"https:\/\/www.profexpo.ee\/foodfest\/eksponendile\/miks-osaleda\/#breadcrumb\",\"itemListElement\":[{\"@type\":\"ListItem\",\"position\":1,\"name\":\"Home\",\"item\":\"https:\/\/www.profexpo.ee\/foodfest\/\"},{\"@type\":\"ListItem\",\"position\":2,\"name\":\"Eksponendile\",\"item\":\"https:\/\/www.profexpo.ee\/foodfest\/eksponendile\/\"},{\"@type\":\"ListItem\",\"position\":3,\"name\":\"Miks osaleda?\"}]},{\"@type\":\"WebSite\",\"@id\":\"https:\/\/www.profexpo.ee\/foodfest\/#website\",\"url\":\"https:\/\/www.profexpo.ee\/foodfest\/\",\"name\":\"Tallinn FoodFest 2020\",\"description\":\"Tallinn FoodFest 2022\",\"potentialAction\":[{\"@type\":\"SearchAction\",\"target\":{\"@type\":\"EntryPoint\",\"urlTemplate\":\"https:\/\/www.profexpo.ee\/foodfest\/?s={search_term_string}\"},\"query-input\":{\"@type\":\"PropertyValueSpecification\",\"valueRequired\":true,\"valueName\":\"search_term_string\"}}],\"inLanguage\":\"et\"}]}<\/script>\n<!-- \/ Yoast SEO plugin. -->","yoast_head_json":{"title":"Miks osaleda? - Tallinn FoodFest 2022","robots":{"index":"index","follow":"follow","max-snippet":"max-snippet:-1","max-image-preview":"max-image-preview:large","max-video-preview":"max-video-preview:-1"},"canonical":"https:\/\/www.profexpo.ee\/foodfest\/eksponendile\/miks-osaleda\/","og_locale":"et_EE","og_type":"article","og_title":"Miks osaleda? - Tallinn FoodFest 2022","og_description":"Miks osaleda messil Tallinn FoodFest? Toidumessi eksponenti ootab: enam kui 5000 profik\u00fclastajat \u00fcle kogu Eesti horeca, jae- ja hulgikaubanduse, toidut\u00f6\u00f6stuse ning sidusaladelt toidus\u00f5prade p\u00e4eval \u00fcle paari tuhande k\u00fclastaja vahetud kohtumised, otsekontaktid praeguste ja uute \u00e4riklientidega kliendibaasi kasvatamise ja oma sihtr\u00fchma laiendamise v\u00f5imalus Eesti oluliste meediakanalite t\u00e4helepanu v\u00f5imalus oma tooteid esitleda ja m\u00fc\u00fca v\u00f5rdne v\u00f5imalus nii... Loe edasi","og_url":"https:\/\/www.profexpo.ee\/foodfest\/eksponendile\/miks-osaleda\/","og_site_name":"Tallinn FoodFest 2022","article_modified_time":"2022-03-28T14:57:16+00:00","twitter_card":"summary_large_image","twitter_misc":{"Est. reading time":"2 minutit"},"schema":{"@context":"https:\/\/schema.org","@graph":[{"@type":"WebPage","@id":"https:\/\/www.profexpo.ee\/foodfest\/eksponendile\/miks-osaleda\/","url":"https:\/\/www.profexpo.ee\/foodfest\/eksponendile\/miks-osaleda\/","name":"Miks osaleda? - Tallinn FoodFest 2022","isPartOf":{"@id":"https:\/\/www.profexpo.ee\/foodfest\/#website"},"datePublished":"2015-09-16T08:33:00+00:00","dateModified":"2022-03-28T14:57:16+00:00","breadcrumb":{"@id":"https:\/\/www.profexpo.ee\/foodfest\/eksponendile\/miks-osaleda\/#breadcrumb"},"inLanguage":"et","potentialAction":[{"@type":"ReadAction","target":["https:\/\/www.profexpo.ee\/foodfest\/eksponendile\/miks-osaleda\/"]}]},{"@type":"BreadcrumbList","@id":"https:\/\/www.profexpo.ee\/foodfest\/eksponendile\/miks-osaleda\/#breadcrumb","itemListElement":[{"@type":"ListItem","position":1,"name":"Home","item":"https:\/\/www.profexpo.ee\/foodfest\/"},{"@type":"ListItem","position":2,"name":"Eksponendile","item":"https:\/\/www.profexpo.ee\/foodfest\/eksponendile\/"},{"@type":"ListItem","position":3,"name":"Miks osaleda?"}]},{"@type":"WebSite","@id":"https:\/\/www.profexpo.ee\/foodfest\/#website","url":"https:\/\/www.profexpo.ee\/foodfest\/","name":"Tallinn FoodFest 2020","description":"Tallinn FoodFest 2022","potentialAction":[{"@type":"SearchAction","target":{"@type":"EntryPoint","urlTemplate":"https:\/\/www.profexpo.ee\/foodfest\/?s={search_term_string}"},"query-input":{"@type":"PropertyValueSpecification","valueRequired":true,"valueName":"search_term_string"}}],"inLanguage":"et"}]}},"_links":{"self":[{"href":"https:\/\/www.profexpo.ee\/foodfest\/wp-json\/wp\/v2\/pages\/44","targetHints":{"allow":["GET"]}}],"collection":[{"href":"https:\/\/www.profexpo.ee\/foodfest\/wp-json\/wp\/v2\/pages"}],"about":[{"href":"https:\/\/www.profexpo.ee\/foodfest\/wp-json\/wp\/v2\/types\/page"}],"author":[{"embeddable":true,"href":"https:\/\/www.profexpo.ee\/foodfest\/wp-json\/wp\/v2\/users\/1"}],"replies":[{"embeddable":true,"href":"https:\/\/www.profexpo.ee\/foodfest\/wp-json\/wp\/v2\/comments?post=44"}],"version-history":[{"count":5,"href":"https:\/\/www.profexpo.ee\/foodfest\/wp-json\/wp\/v2\/pages\/44\/revisions"}],"predecessor-version":[{"id":13091,"href":"https:\/\/www.profexpo.ee\/foodfest\/wp-json\/wp\/v2\/pages\/44\/revisions\/13091"}],"up":[{"embeddable":true,"href":"https:\/\/www.profexpo.ee\/foodfest\/wp-json\/wp\/v2\/pages\/9"}],"wp:attachment":[{"href":"https:\/\/www.profexpo.ee\/foodfest\/wp-json\/wp\/v2\/media?parent=44"}],"curies":[{"name":"wp","href":"https:\/\/api.w.org\/{rel}","templated":true}]}}