{"id":48,"date":"2015-09-16T11:33:53","date_gmt":"2015-09-16T08:33:53","guid":{"rendered":"http:\/\/www.profexpo.ee\/foodfest\/?page_id=48"},"modified":"2022-03-31T23:08:02","modified_gmt":"2022-03-31T20:08:02","slug":"kliendid-messist","status":"publish","type":"page","link":"https:\/\/www.profexpo.ee\/foodfest\/eksponendile\/kliendid-messist\/","title":{"rendered":"Eksponendid messist"},"content":{"rendered":"<h1><strong>Osalejate arvamused\u00a0<\/strong><\/h1>\n<p>Saaremaa Delifoodi messil osalemise eesm\u00e4rk oli eelk\u00f5ige turunduslik \u2013 soovisime tutvustada uusi tooteid ja saada tagasisidet \u00e4rik\u00fclastajatelt. FoodFest andis v\u00f5imaluse suhelda sektori ettev\u00f5tete ja koost\u00f6\u00f6partneritega. Messil kohtusime enamiku Eesti jaekaubanduse ostujuhtidega. Meie v\u00e4ljapanek oli planeeritud silmapaistvana ja ka stendi k\u00fclastajaid oli v\u00e4ga palju.<br \/>\n<span style=\"color: #184421;\"><strong>Siiri Visnapuu, Saaremaa Delfifood O\u00dc juhatuse liige<\/strong><\/span><\/p>\n<p>AS Tartu Mill osales messil, et tutvustada klientidele uusi tooteid ning koguda tagasisidet pakutava kohta. Kohtusime paljude ostujuhtidega ning meile oli positiivseks \u00fcllatuseks, et messi k\u00fclastas nii suurel hulgal ostujuhte. Meie v\u00e4ljapanekusse suhtuti positiivselt ja uudistajaid oli paljudest erinevatest valdkondadest.<br \/>\n<span style=\"color: #184421;\"><strong>Aili Adamson, Tartu Mill m<\/strong><strong>\u00fc\u00fcgijuht<\/strong><\/span><\/p>\n<p>Tulime messile, et tutvustada uusi tooteid \u2013 pakendeid, pakkeseadmeid. Mess andis v\u00f5imaluse saada tagasisidet toodete kohta otse kliendilt. Tulemus oli ootusp\u00e4rane, erilisi \u00fcllatusi ei olnud. Meie stendi k\u00fclastasidki peaasjalikult need, kes olid meie toodetest huvitatud. Stendi k\u00fclastajaid oli \u00fcle Eesti ning paljud leidsid endale uusi ja huvitavaid lahendusi pakendamise alalt.<strong><br \/>\n<span style=\"color: #184421;\">Mario Reinfelt, Pakkemeister Hillman O\u00dc juhataja<\/span><\/strong><\/p>\n<p>Tulla ja olla pildis \u2013 see oli meie peamine eesm\u00e4rk. Messil tutvustasime Illy ja Dammann Freres tootemarki ja maitseid. Mess oli edukas, saime juurde palju era- ja ka \u00e4rikliente. \u00c4rikliente oli palju HoReCa sektorist, keda me just messilt otsima tulimegi. Eesm\u00e4rgid said kindlasti t\u00e4idetud ja enamgi veel! Meie v\u00e4ljapanek oli tagasihoidlik, kuid see ei takistanud toodete edukat tutvustamist ja kontaktide loomist.<br \/>\n<span style=\"color: #184421;\"><strong>Regle K\u00f5rvel, Da Vinci Food O\u00dc\u00a0<\/strong><strong>HoReCa m\u00fc\u00fcgijuht<\/strong><\/span><\/p>\n<p>Sanitex tuli messile, et tutvustada uusi tooteid ja teenuseid, kohtuda juba olemasolevate ning ka v\u00f5imelike uute heade partnerite ja klientidega.\u00a0Tutvustasime Promo Cash&amp;Carry kaubam\u00e4rki ja meie maaletoodavaid erinevaid tooteid. Osalemine oli ootusp\u00e4rane ja t\u00e4itis eesm\u00e4rki \u2013 huvi oli meie vastu oli suur ning nii mitmegi uue partneriga sai koost\u00f6\u00f6 alguse just sellelt messilt.<br \/>\nMessik\u00fclastajad tundsid huvi meie stendi vastu. Toodete tutvustamiseks olime ette valmistanud eraldi v\u00e4ikse programmi. Meie koka imemaitsvad suupisted, baarmeni v\u00f5lukokteilid ning barista kohvikunst j\u00f5udsid k\u00fclastajate s\u00fcdamesse. V\u00e4ga meeldiv \u00fcllatus oli n\u00e4ha palju huvilisi ka v\u00e4ljastpoolt Tallinna.<br \/>\n<span style=\"color: #184421;\"><strong>Hanna-Triin Sibrits, Sanitex Eesti O\u00dc turundusjuht<\/strong><\/span><\/p>\n<p>Messile tulime eesm\u00e4rgiga tutvustada oma tooteid, Andre Farm juustusid, ning loomaks kontakte v\u00f5imalike tulevaste koost\u00f6\u00f6partneritega. Oleme osalenud toidumessil kahel aastal. Esimesel aastal saime kontaktid k\u00f5igi partneritega, keda v\u00f5imaliku koost\u00f6\u00f6 osas silmas olime pidanud. Teisel aastal oli \u00fcllatuseks, et paljud inimesed olid meist juba kuulnud. Kuigi uusi kontakte otseselt ei tekkinud, oli teisel aastal taas endast r\u00e4\u00e4kimine ja oma toodete tutvustamine kindlasti oluline. N\u00e4itasime, et oleme ellu j\u00e4\u00e4nud, tootevalikut laiendanud ning v\u00f5imelised pakkuma stabiilselt k\u00f5rget kvaliteeti. Stendi k\u00fclastasid erinevad inimesed. Esimesel aastal olime v\u00e4ljas oma stendiga ning teisel aastal olime Ehtsa Talutoidu \u00fchispinnal. Huvi toote vastu oli m\u00f5lemal korral suur. Rohkem uusi kontakt oleksime oodanud\u00a0 kaubanduse v\u00f5i ekspordiga tegelejatega.<br \/>\n<span style=\"color: #184421;\"><strong>Erika P\u00e4\u00e4bus, Andre Farm O\u00dc juhatuse esimees<\/strong><\/span><\/p>\n<p>Peamine eesm\u00e4rk oli nii olemasolevatele kui ka uutele klientidele tutvustada meie profiseadmeid. Kohapeal n\u00e4itas meie kokk-koolitaja, kuidas seadmed t\u00f6\u00f6tavad. Nii oli klientidel v\u00f5imalus ka n\u00e4ha ja maitsta seadmete abil valmistatud roogasid. Huvilistele pakkusime v\u00e4ga h\u00e4id messihindu. K\u00fclastajate seas oli nii neid, kes soovisid uusi kohvikuid avada kui ka inimesi, kes tahtsid oma k\u00f6\u00f6kidesse midagi uut soetada. Messil osalemine andis palju otsest positiivset tagasisidet!<br \/>\n<span style=\"color: #184421;\"><strong>Aneta Savason, Metos AS m\u00fc\u00fcgiosakonna spetsialist<\/strong><\/span><\/p>\n<p>T\u00e4nu suurep\u00e4rasele \u00fcrituse korraldusele j\u00e4ime toidumessiga t\u00e4ielikult rahule! Meie ettev\u00f5tte peamine eesm\u00e4rk oli tutvustada Lindstr\u00f6m ja Comforta tekstiilteenuste lahendusi HoReCa sektoris. Toidumess andis meile v\u00f5imaluse kohtumiseks vanade koost\u00f6\u00f6partneritega ning leida t\u00f5siseid uusi kontakte, kellel v\u00f5iks olla huvi Lindstr\u00f6mi pakutud lahenduste vastu. Messik\u00fclastajad olid avatud ning valmis vastu v\u00f5tma pakutavat infot. Saime palju positiivset tagasisidet, uue kogemuse ning palju motivatsiooni!<br \/>\n<span style=\"color: #184421;\"><strong>Anastasija Aksjonova, Lindstr\u00f6m O\u00dc m\u00fc\u00fcgijuht<\/strong><\/span><\/p>\n<p>Osalesime toidumessil, et tutvustada ning n\u00e4idata uusi tooteid, tuua ennast l\u00e4hemale HoReCa sektori klientidele ning loomaks uusi kontakte. Osav\u00f5tt andis meile v\u00f5imaluse saada tagasisidet olemasolevatelt klientidelt ning \u00fcldist informatsiooni k\u00fclastajate margiteadlikkusest KitchenAid kaubam\u00e4rgi kohta. V\u00e4ljapanek sai kiitust paljudelt k\u00fclastajatelt, sest toodete valik oli v\u00e4rvikas ja mitmekesine. Positiivne oli mitmete m\u00fc\u00fcgitehingute s\u00f5lmimine messil. Kohtasime olemasolevaid koost\u00f6\u00f6partnerid, mis andis v\u00f5imaluse v\u00e4rskendada oma suhteid ning luua ka uusi kontakte. Messik\u00fclastajad olid asjalikud ja professionaalsed. Positiivselt \u00fcllatasid mitmete ametikoolide asjatundlikud \u00f5pilased.<br \/>\n<span style=\"color: #184421;\"><strong>Erkki Vaiksaar, Home Decor O\u00dc, Kitchenaid Baltics juhatuse liige<\/strong><\/span><\/p>\n<p>Meiesugusel v\u00e4ikeettev\u00f5ttel on oluline anda lihtsalt m\u00e4rku, et oleme j\u00e4tkuvalt olemas ja pildil. Lisaks soovisime tutvustada meie uut s\u00fcmboolikat ning tooteid, kohtuda kauaaegsete koost\u00f6\u00f6partneritega ning potentsiaalsete uutega. Messil l\u00e4ks h\u00e4sti, k\u00f5ik eesm\u00e4rgid said t\u00e4idetud ning huvi meie vastu oli suur! Meie uue toote, Evelini leiva esmaesitlus oli messil v\u00e4ga menukas ja \u00fcletas meie ootused.<br \/>\n<span style=\"color: #184421;\"><strong>Aivo Kanem\u00e4gi, Karja pagari\u00e4ri O\u00dc juhataja<\/strong><\/span><\/p>\n<p>As a company operating in both Retail and HoReCa segments we found the fair to be a good means of showing our products. Our main goal was to present our novelties and assortment to the existing and potential clients. There were many different people both from the HoReCa and Retail sectors interested in our products (consumers, retail chain and shop managers, cooks, restaurant owner). The fair definitely met our expectations.<br \/>\n<span style=\"color: #184421;\"><strong>Andrejs Ste\u013cma\u010donoks, FARM FRITES Area Manager Baltic States<\/strong><\/span><\/p>\n<p>We aimed to find a distributor of frozen bakery products in Estonia as well as promote our products. Not only did we find a distributor at the fair but we also established contacts with several potential customers from Scandinavia and Finland. We got real customers from the fair!<br \/>\n<span style=\"color: #184421;\"><strong>Gunta Zepa, Cannelle Bakery Export Manager<\/strong><\/span><\/p>\n<p>Our goal was to enter the Estonian market, introduce our products, and attract new customers. We were able to fulfil all of the three goals! We got noticed by several distributors and companies. At the end of the fair we were able to sign a cooperation agreement with a distributor that has a strong position in our product range (biscuits) in the Estonian market.<br \/>\n<span style=\"color: #184421;\"><strong>Toms Malmeisters, Maris &amp; CO Export Manager<\/strong><\/span><\/p>\n<p>Our main idea was to introduce PACKLAB to the Estonian foodstuff industry. At the Packaging Seminar our CEO, Ian Rooney, talked about new ideas, ways of packaging and what a crucial role the packaging plays when consumers judge the brand and the quality of the product itself. It was a great experience to be at the fair as we received a lot of new interesting contacts and knowledge of the Baltic markets, which will now help us to develop and tailor our service offering to this market area.\u00a0The visitors had clear aims when visiting our stand. It often surprises the decision makers how complex packaging can be. Therefore, I consider the fair to be a good introductory platform for meeting and talking about different packaging projects.<br \/>\n<span style=\"color: #184421;\"><strong>Dick Karlsson,\u00a0<\/strong><strong>PACKLAB\u00a0<\/strong><strong>Business Developer<\/strong><\/span><\/p>\n","protected":false},"excerpt":{"rendered":"Osalejate arvamused\u00a0 Saaremaa Delifoodi messil osalemise eesm\u00e4rk oli eelk\u00f5ige turunduslik \u2013 soovisime tutvustada uusi tooteid ja saada tagasisidet \u00e4rik\u00fclastajatelt. FoodFest andis v\u00f5imaluse suhelda sektori ettev\u00f5tete ja koost\u00f6\u00f6partneritega. Messil kohtusime enamiku Eesti jaekaubanduse ostujuhtidega. Meie v\u00e4ljapanek oli planeeritud silmapaistvana ja ka stendi k\u00fclastajaid oli v\u00e4ga palju. Siiri Visnapuu, Saaremaa Delfifood O\u00dc juhatuse liige AS Tartu Mill&#8230; <a class=\"view-article\" href=\"https:\/\/www.profexpo.ee\/foodfest\/eksponendile\/kliendid-messist\/\">Loe edasi<\/a>","protected":false},"author":1,"featured_media":0,"parent":9,"menu_order":9,"comment_status":"closed","ping_status":"closed","template":"","meta":{"footnotes":""},"class_list":["post-48","page","type-page","status-publish","hentry"],"yoast_head":"<!-- This site is optimized with the Yoast SEO plugin v24.7 - https:\/\/yoast.com\/wordpress\/plugins\/seo\/ -->\n<title>Eksponendid messist - Tallinn FoodFest 2022<\/title>\n<meta name=\"robots\" content=\"index, follow, max-snippet:-1, max-image-preview:large, max-video-preview:-1\" \/>\n<link rel=\"canonical\" href=\"https:\/\/www.profexpo.ee\/foodfest\/eksponendile\/kliendid-messist\/\" \/>\n<meta property=\"og:locale\" content=\"et_EE\" \/>\n<meta property=\"og:type\" content=\"article\" \/>\n<meta property=\"og:title\" content=\"Eksponendid messist - Tallinn FoodFest 2022\" \/>\n<meta property=\"og:description\" content=\"Osalejate arvamused\u00a0 Saaremaa Delifoodi messil osalemise eesm\u00e4rk oli eelk\u00f5ige turunduslik \u2013 soovisime tutvustada uusi tooteid ja saada tagasisidet \u00e4rik\u00fclastajatelt. FoodFest andis v\u00f5imaluse suhelda sektori ettev\u00f5tete ja koost\u00f6\u00f6partneritega. Messil kohtusime enamiku Eesti jaekaubanduse ostujuhtidega. Meie v\u00e4ljapanek oli planeeritud silmapaistvana ja ka stendi k\u00fclastajaid oli v\u00e4ga palju. Siiri Visnapuu, Saaremaa Delfifood O\u00dc juhatuse liige AS Tartu Mill... Loe edasi\" \/>\n<meta property=\"og:url\" content=\"https:\/\/www.profexpo.ee\/foodfest\/eksponendile\/kliendid-messist\/\" \/>\n<meta property=\"og:site_name\" content=\"Tallinn FoodFest 2022\" \/>\n<meta property=\"article:modified_time\" content=\"2022-03-31T20:08:02+00:00\" \/>\n<meta name=\"twitter:card\" content=\"summary_large_image\" \/>\n<meta name=\"twitter:label1\" content=\"Est. reading time\" \/>\n\t<meta name=\"twitter:data1\" content=\"5 minutit\" \/>\n<script type=\"application\/ld+json\" class=\"yoast-schema-graph\">{\"@context\":\"https:\/\/schema.org\",\"@graph\":[{\"@type\":\"WebPage\",\"@id\":\"https:\/\/www.profexpo.ee\/foodfest\/eksponendile\/kliendid-messist\/\",\"url\":\"https:\/\/www.profexpo.ee\/foodfest\/eksponendile\/kliendid-messist\/\",\"name\":\"Eksponendid messist - Tallinn FoodFest 2022\",\"isPartOf\":{\"@id\":\"https:\/\/www.profexpo.ee\/foodfest\/#website\"},\"datePublished\":\"2015-09-16T08:33:53+00:00\",\"dateModified\":\"2022-03-31T20:08:02+00:00\",\"breadcrumb\":{\"@id\":\"https:\/\/www.profexpo.ee\/foodfest\/eksponendile\/kliendid-messist\/#breadcrumb\"},\"inLanguage\":\"et\",\"potentialAction\":[{\"@type\":\"ReadAction\",\"target\":[\"https:\/\/www.profexpo.ee\/foodfest\/eksponendile\/kliendid-messist\/\"]}]},{\"@type\":\"BreadcrumbList\",\"@id\":\"https:\/\/www.profexpo.ee\/foodfest\/eksponendile\/kliendid-messist\/#breadcrumb\",\"itemListElement\":[{\"@type\":\"ListItem\",\"position\":1,\"name\":\"Home\",\"item\":\"https:\/\/www.profexpo.ee\/foodfest\/\"},{\"@type\":\"ListItem\",\"position\":2,\"name\":\"Eksponendile\",\"item\":\"https:\/\/www.profexpo.ee\/foodfest\/eksponendile\/\"},{\"@type\":\"ListItem\",\"position\":3,\"name\":\"Eksponendid messist\"}]},{\"@type\":\"WebSite\",\"@id\":\"https:\/\/www.profexpo.ee\/foodfest\/#website\",\"url\":\"https:\/\/www.profexpo.ee\/foodfest\/\",\"name\":\"Tallinn FoodFest 2020\",\"description\":\"Tallinn FoodFest 2022\",\"potentialAction\":[{\"@type\":\"SearchAction\",\"target\":{\"@type\":\"EntryPoint\",\"urlTemplate\":\"https:\/\/www.profexpo.ee\/foodfest\/?s={search_term_string}\"},\"query-input\":{\"@type\":\"PropertyValueSpecification\",\"valueRequired\":true,\"valueName\":\"search_term_string\"}}],\"inLanguage\":\"et\"}]}<\/script>\n<!-- \/ Yoast SEO plugin. -->","yoast_head_json":{"title":"Eksponendid messist - Tallinn FoodFest 2022","robots":{"index":"index","follow":"follow","max-snippet":"max-snippet:-1","max-image-preview":"max-image-preview:large","max-video-preview":"max-video-preview:-1"},"canonical":"https:\/\/www.profexpo.ee\/foodfest\/eksponendile\/kliendid-messist\/","og_locale":"et_EE","og_type":"article","og_title":"Eksponendid messist - Tallinn FoodFest 2022","og_description":"Osalejate arvamused\u00a0 Saaremaa Delifoodi messil osalemise eesm\u00e4rk oli eelk\u00f5ige turunduslik \u2013 soovisime tutvustada uusi tooteid ja saada tagasisidet \u00e4rik\u00fclastajatelt. FoodFest andis v\u00f5imaluse suhelda sektori ettev\u00f5tete ja koost\u00f6\u00f6partneritega. Messil kohtusime enamiku Eesti jaekaubanduse ostujuhtidega. Meie v\u00e4ljapanek oli planeeritud silmapaistvana ja ka stendi k\u00fclastajaid oli v\u00e4ga palju. Siiri Visnapuu, Saaremaa Delfifood O\u00dc juhatuse liige AS Tartu Mill... Loe edasi","og_url":"https:\/\/www.profexpo.ee\/foodfest\/eksponendile\/kliendid-messist\/","og_site_name":"Tallinn FoodFest 2022","article_modified_time":"2022-03-31T20:08:02+00:00","twitter_card":"summary_large_image","twitter_misc":{"Est. reading time":"5 minutit"},"schema":{"@context":"https:\/\/schema.org","@graph":[{"@type":"WebPage","@id":"https:\/\/www.profexpo.ee\/foodfest\/eksponendile\/kliendid-messist\/","url":"https:\/\/www.profexpo.ee\/foodfest\/eksponendile\/kliendid-messist\/","name":"Eksponendid messist - Tallinn FoodFest 2022","isPartOf":{"@id":"https:\/\/www.profexpo.ee\/foodfest\/#website"},"datePublished":"2015-09-16T08:33:53+00:00","dateModified":"2022-03-31T20:08:02+00:00","breadcrumb":{"@id":"https:\/\/www.profexpo.ee\/foodfest\/eksponendile\/kliendid-messist\/#breadcrumb"},"inLanguage":"et","potentialAction":[{"@type":"ReadAction","target":["https:\/\/www.profexpo.ee\/foodfest\/eksponendile\/kliendid-messist\/"]}]},{"@type":"BreadcrumbList","@id":"https:\/\/www.profexpo.ee\/foodfest\/eksponendile\/kliendid-messist\/#breadcrumb","itemListElement":[{"@type":"ListItem","position":1,"name":"Home","item":"https:\/\/www.profexpo.ee\/foodfest\/"},{"@type":"ListItem","position":2,"name":"Eksponendile","item":"https:\/\/www.profexpo.ee\/foodfest\/eksponendile\/"},{"@type":"ListItem","position":3,"name":"Eksponendid messist"}]},{"@type":"WebSite","@id":"https:\/\/www.profexpo.ee\/foodfest\/#website","url":"https:\/\/www.profexpo.ee\/foodfest\/","name":"Tallinn FoodFest 2020","description":"Tallinn FoodFest 2022","potentialAction":[{"@type":"SearchAction","target":{"@type":"EntryPoint","urlTemplate":"https:\/\/www.profexpo.ee\/foodfest\/?s={search_term_string}"},"query-input":{"@type":"PropertyValueSpecification","valueRequired":true,"valueName":"search_term_string"}}],"inLanguage":"et"}]}},"_links":{"self":[{"href":"https:\/\/www.profexpo.ee\/foodfest\/wp-json\/wp\/v2\/pages\/48","targetHints":{"allow":["GET"]}}],"collection":[{"href":"https:\/\/www.profexpo.ee\/foodfest\/wp-json\/wp\/v2\/pages"}],"about":[{"href":"https:\/\/www.profexpo.ee\/foodfest\/wp-json\/wp\/v2\/types\/page"}],"author":[{"embeddable":true,"href":"https:\/\/www.profexpo.ee\/foodfest\/wp-json\/wp\/v2\/users\/1"}],"replies":[{"embeddable":true,"href":"https:\/\/www.profexpo.ee\/foodfest\/wp-json\/wp\/v2\/comments?post=48"}],"version-history":[{"count":5,"href":"https:\/\/www.profexpo.ee\/foodfest\/wp-json\/wp\/v2\/pages\/48\/revisions"}],"predecessor-version":[{"id":13137,"href":"https:\/\/www.profexpo.ee\/foodfest\/wp-json\/wp\/v2\/pages\/48\/revisions\/13137"}],"up":[{"embeddable":true,"href":"https:\/\/www.profexpo.ee\/foodfest\/wp-json\/wp\/v2\/pages\/9"}],"wp:attachment":[{"href":"https:\/\/www.profexpo.ee\/foodfest\/wp-json\/wp\/v2\/media?parent=48"}],"curies":[{"name":"wp","href":"https:\/\/api.w.org\/{rel}","templated":true}]}}