{"id":52,"date":"2015-09-16T11:34:29","date_gmt":"2015-09-16T08:34:29","guid":{"rendered":"http:\/\/www.profexpo.ee\/foodfest\/?page_id=52"},"modified":"2022-06-20T10:07:11","modified_gmt":"2022-06-20T07:07:11","slug":"hinnakiri","status":"publish","type":"page","link":"https:\/\/www.profexpo.ee\/foodfest\/eksponendile\/hinnakiri\/","title":{"rendered":"Osalemistasud"},"content":{"rendered":"<h1><strong>Tallinn FoodFest toidumessi osalemistasud<\/strong><\/h1>\n<p><strong>Registreerimistasu<\/strong><\/p>\n<p>Iga eksponent tasub registreerimistasu 285 \u20ac.<br \/>\nSamal stendil osaleva kaaseksponendi registreerimistasu on 190 \u20ac.<br \/>\nEksponent vastutab kaaseksponentide registreerimise, osalemistingimuste t\u00e4itmise ja arvete tasumise eest.<\/p>\n<p><strong>Registreerimistasu sisaldab:<\/strong><\/p>\n<ul>\n<li>Messi kutsed 4 tk renditud pinna m\u00b2 kohta (kutse v\u00e4\u00e4rtus 18 \u20ac)<\/li>\n<li>Info esitamine messi kodulehel (\u00fcldised kontaktandmed ja tootegruppide loetelu)<\/li>\n<li>Info messi ajakirjas Tallinn FoodFest Magazine (tr\u00fckikataloogis &#8211; \u00fcldised kontaktandmed ja tootegruppide loetelu)<\/li>\n<li>Konsultatsioonid messiteenuste alal<\/li>\n<li>Eksponendi- ja ehitajakaardid<\/li>\n<li>Transpordikaart (parkimine messikeskuse parklas)<\/li>\n<li>Reklaam vastavalt meediaprogrammile<\/li>\n<li>Messi eksponentide \u00fcritused<\/li>\n<\/ul>\n<p><strong>Puhta pinna \u00fc\u00fcr 95 \u20ac\/m\u00b2<\/strong><\/p>\n<p>\u00dc\u00fcrides puhta pinna j\u00e4tab see eksponendile v\u00f5imaluse olla loov ja oman\u00e4oline. Kogu vajamineva stendiehituse, sh seinad, vaiba, valgustid, m\u00f6\u00f6bli jms v\u00f5ib tuua ise v\u00f5i tellida messi korraldajalt. Puhta pinna soovitame valida suurema stendi puhul (20+ m\u00b2).<\/p>\n<p><strong>Standardstendide hinnad<\/strong><\/p>\n<p><strong><img loading=\"lazy\" decoding=\"async\" class=\" wp-image-1214 alignright\" src=\"https:\/\/www.profexpo.ee\/foodfest\/wp-content\/uploads\/2016\/03\/Toidumessi-stendid.jpg\" alt=\"Toidumessi stendid\" width=\"365\" height=\"584\" srcset=\"https:\/\/www.profexpo.ee\/foodfest\/wp-content\/uploads\/2016\/03\/Toidumessi-stendid.jpg 1509w, https:\/\/www.profexpo.ee\/foodfest\/wp-content\/uploads\/2016\/03\/Toidumessi-stendid-250x400.jpg 250w, https:\/\/www.profexpo.ee\/foodfest\/wp-content\/uploads\/2016\/03\/Toidumessi-stendid-768x1229.jpg 768w, https:\/\/www.profexpo.ee\/foodfest\/wp-content\/uploads\/2016\/03\/Toidumessi-stendid-700x1120.jpg 700w, https:\/\/www.profexpo.ee\/foodfest\/wp-content\/uploads\/2016\/03\/Toidumessi-stendid-450x720.jpg 450w, https:\/\/www.profexpo.ee\/foodfest\/wp-content\/uploads\/2016\/03\/Toidumessi-stendid-900x1440.jpg 900w, https:\/\/www.profexpo.ee\/foodfest\/wp-content\/uploads\/2016\/03\/Toidumessi-stendid-120x192.jpg 120w\" sizes=\"auto, (max-width: 365px) 100vw, 365px\" \/><\/strong><\/p>\n<table style=\"height: 237px; width: 30.0313%;\" width=\"239\">\n<tbody>\n<tr>\n<td style=\"text-align: left; width: 26.1577%;\"><strong>Stend<\/strong><\/td>\n<td style=\"text-align: right; width: 25.9062%;\"><\/td>\n<td style=\"text-align: right; width: 56.2081%;\"><\/td>\n<\/tr>\n<tr>\n<td style=\"text-align: left; width: 26.1577%;\"><span style=\"color: #000000;\">6 m\u00b2<\/span><\/td>\n<td style=\"text-align: right; width: 25.9062%;\">760 \u20ac<\/td>\n<td style=\"text-align: right; width: 56.2081%;\"><\/td>\n<\/tr>\n<tr>\n<td style=\"text-align: left; width: 26.1577%;\"><span style=\"color: #000000;\">8 m\u00b2<\/span><\/td>\n<td style=\"text-align: right; width: 25.9062%;\"><span style=\"color: #000000;\">960 \u20ac<\/span><\/td>\n<td style=\"text-align: right; width: 56.2081%;\"><\/td>\n<\/tr>\n<tr>\n<td style=\"text-align: left; width: 26.1577%;\"><span style=\"color: #000000;\">9 m\u00b2<\/span><\/td>\n<td style=\"text-align: right; width: 25.9062%;\"><span style=\"color: #000000;\">1 065 \u20ac<\/span><\/td>\n<td style=\"text-align: right; width: 56.2081%;\"><\/td>\n<\/tr>\n<tr>\n<td style=\"text-align: left; width: 26.1577%;\"><span style=\"color: #000000;\">10 m\u00b2<\/span><\/td>\n<td style=\"text-align: right; width: 25.9062%;\"><span style=\"color: #000000;\">1 170 \u20ac<\/span><\/td>\n<td style=\"text-align: right; width: 56.2081%;\"><\/td>\n<\/tr>\n<tr>\n<td style=\"text-align: left; width: 26.1577%;\"><span style=\"color: #000000;\">12 m\u00b2<\/span><\/td>\n<td style=\"text-align: right; width: 25.9062%;\"><span style=\"color: #000000;\">1 360 \u20ac<\/span><\/td>\n<td style=\"text-align: right; width: 56.2081%;\"><\/td>\n<\/tr>\n<tr>\n<td style=\"width: 26.1577%;\"><span style=\"color: #000000;\">15 m\u00b2<\/span><\/td>\n<td style=\"text-align: right; width: 25.9062%;\"><span style=\"color: #000000;\">1 680 \u20ac<\/span><\/td>\n<td style=\"text-align: right; width: 56.2081%;\"><\/td>\n<\/tr>\n<tr>\n<td style=\"width: 26.1577%;\"><span style=\"color: #000000;\">18 m\u00b2<\/span><\/td>\n<td style=\"text-align: right; width: 25.9062%;\"><span style=\"color: #000000;\">1 990 \u20ac<\/span><\/td>\n<td style=\"text-align: right; width: 56.2081%;\"><\/td>\n<\/tr>\n<tr>\n<td style=\"width: 26.1577%;\"><span style=\"color: #000000;\">24 m\u00b2<\/span><\/td>\n<td style=\"text-align: right; width: 25.9062%;\"><span style=\"color: #000000;\">2 480 \u20ac<\/span><\/td>\n<td style=\"text-align: right; width: 56.2081%;\"><\/td>\n<\/tr>\n<\/tbody>\n<\/table>\n<p><strong>Standardstendi \u00fc\u00fcr sisaldab:<\/strong><\/p>\n<ul>\n<li>pinna \u00fc\u00fcri<\/li>\n<li>stendi valgeid taga- ja k\u00fclgseinu<\/li>\n<li>eksponendi nimega otsalauda (<span style=\"color: #000000;\">taust <span style=\"color: #9cd0b8;\"><span style=\"color: #000000;\">roosa RGB 246; 190; 205<\/span><\/span>,<\/span> tekst tumeroheline (24; 68; 33))<\/li>\n<li>vaipkatet (tumehall, hall, tumesinine, helesinine, punane v\u00f5i roheline)<\/li>\n<li>kohtvalgusteid (1\u00a0tk \/ 3m\u00b2 kohta)<\/li>\n<li>pistikut 4,5A 1kW ja elektritarbimist<\/li>\n<li>\u00fcldvalgustust<\/li>\n<li>stendi avamise-eelset \u00fchekordset koristust<\/li>\n<li>stendidevaheliste pindade koristust<\/li>\n<li>stendi montaa\u017e ja demontaa\u017e<\/li>\n<li>messikeskuse \u00fcldvalvet<\/li>\n<\/ul>\n<p>K\u00f5ikidele hindadele lisandub k\u00e4ibemaks 20%.<\/p>\n<p><span style=\"color: #000000;\">Registreerimist\u00e4htaeg on 1. september 2022. Hilisemaid sooviavaldusi rahuldatakse v\u00f5imalike vabade pindade ja vajaliku tehnilise kindlustatuse puhul.<\/span><\/p>\n<p><strong>Messitoetus<\/strong><\/p>\n<p>Tallinna Ettev\u00f5tlusamet v\u00e4ljastab messitoetust eesm\u00e4rgiga toetada Tallinna v\u00e4ike- ja keskmise suurusega ettev\u00f5tete ning FIE osalemist Eestis toimuvatel messidel, mis on suunatud \u00e4rikontaktide loomisele, uute turustuskanalite leidmisele, m\u00fc\u00fcgi edendamisele. Eesm\u00e4rk on toetada ja arendada v\u00e4ikeettev\u00f5tluse arengut Tallinnas. Toetuse m\u00e4\u00e4r on 1000 \u20ac \u00fche taotleja kohta kalendriaastas.<br \/>\n<a href=\"http:\/\/www.tallinn.ee\/Teenus-Messitoetus\" target=\"_blank\" rel=\"noopener noreferrer\">www.tallinn.ee\/Teenus-Messitoetus<\/a><\/p>\n<h1><strong>Registreeru messile ja kohtu oma valdkonna professionaalidega!<\/strong><\/h1>\n","protected":false},"excerpt":{"rendered":"Tallinn FoodFest toidumessi osalemistasud Registreerimistasu Iga eksponent tasub registreerimistasu 285 \u20ac. Samal stendil osaleva kaaseksponendi registreerimistasu on 190 \u20ac. Eksponent vastutab kaaseksponentide registreerimise, osalemistingimuste t\u00e4itmise ja arvete tasumise eest. Registreerimistasu sisaldab: Messi kutsed 4 tk renditud pinna m\u00b2 kohta (kutse v\u00e4\u00e4rtus 18 \u20ac) Info esitamine messi kodulehel (\u00fcldised kontaktandmed ja tootegruppide loetelu) Info messi ajakirjas&#8230; <a class=\"view-article\" href=\"https:\/\/www.profexpo.ee\/foodfest\/eksponendile\/hinnakiri\/\">Loe edasi<\/a>","protected":false},"author":1,"featured_media":0,"parent":9,"menu_order":3,"comment_status":"closed","ping_status":"closed","template":"","meta":{"footnotes":""},"class_list":["post-52","page","type-page","status-publish","hentry"],"yoast_head":"<!-- This site is optimized with the Yoast SEO plugin v24.7 - https:\/\/yoast.com\/wordpress\/plugins\/seo\/ -->\n<title>Osalemistasud - Tallinn FoodFest 2022<\/title>\n<meta name=\"robots\" content=\"index, follow, max-snippet:-1, max-image-preview:large, max-video-preview:-1\" \/>\n<link rel=\"canonical\" href=\"https:\/\/www.profexpo.ee\/foodfest\/eksponendile\/hinnakiri\/\" \/>\n<meta property=\"og:locale\" content=\"et_EE\" \/>\n<meta property=\"og:type\" content=\"article\" \/>\n<meta property=\"og:title\" content=\"Osalemistasud - Tallinn FoodFest 2022\" \/>\n<meta property=\"og:description\" content=\"Tallinn FoodFest toidumessi osalemistasud Registreerimistasu Iga eksponent tasub registreerimistasu 285 \u20ac. Samal stendil osaleva kaaseksponendi registreerimistasu on 190 \u20ac. Eksponent vastutab kaaseksponentide registreerimise, osalemistingimuste t\u00e4itmise ja arvete tasumise eest. Registreerimistasu sisaldab: Messi kutsed 4 tk renditud pinna m\u00b2 kohta (kutse v\u00e4\u00e4rtus 18 \u20ac) Info esitamine messi kodulehel (\u00fcldised kontaktandmed ja tootegruppide loetelu) Info messi ajakirjas... Loe edasi\" \/>\n<meta property=\"og:url\" content=\"https:\/\/www.profexpo.ee\/foodfest\/eksponendile\/hinnakiri\/\" \/>\n<meta property=\"og:site_name\" content=\"Tallinn FoodFest 2022\" \/>\n<meta property=\"article:modified_time\" content=\"2022-06-20T07:07:11+00:00\" \/>\n<meta property=\"og:image\" content=\"http:\/\/www.profexpo.ee\/foodfest\/wp-content\/uploads\/2016\/03\/Toidumessi-stendid.jpg\" \/>\n<meta name=\"twitter:card\" content=\"summary_large_image\" \/>\n<meta name=\"twitter:label1\" content=\"Est. reading time\" \/>\n\t<meta name=\"twitter:data1\" content=\"2 minutit\" \/>\n<script type=\"application\/ld+json\" class=\"yoast-schema-graph\">{\"@context\":\"https:\/\/schema.org\",\"@graph\":[{\"@type\":\"WebPage\",\"@id\":\"https:\/\/www.profexpo.ee\/foodfest\/eksponendile\/hinnakiri\/\",\"url\":\"https:\/\/www.profexpo.ee\/foodfest\/eksponendile\/hinnakiri\/\",\"name\":\"Osalemistasud - Tallinn FoodFest 2022\",\"isPartOf\":{\"@id\":\"https:\/\/www.profexpo.ee\/foodfest\/#website\"},\"primaryImageOfPage\":{\"@id\":\"https:\/\/www.profexpo.ee\/foodfest\/eksponendile\/hinnakiri\/#primaryimage\"},\"image\":{\"@id\":\"https:\/\/www.profexpo.ee\/foodfest\/eksponendile\/hinnakiri\/#primaryimage\"},\"thumbnailUrl\":\"http:\/\/www.profexpo.ee\/foodfest\/wp-content\/uploads\/2016\/03\/Toidumessi-stendid.jpg\",\"datePublished\":\"2015-09-16T08:34:29+00:00\",\"dateModified\":\"2022-06-20T07:07:11+00:00\",\"breadcrumb\":{\"@id\":\"https:\/\/www.profexpo.ee\/foodfest\/eksponendile\/hinnakiri\/#breadcrumb\"},\"inLanguage\":\"et\",\"potentialAction\":[{\"@type\":\"ReadAction\",\"target\":[\"https:\/\/www.profexpo.ee\/foodfest\/eksponendile\/hinnakiri\/\"]}]},{\"@type\":\"ImageObject\",\"inLanguage\":\"et\",\"@id\":\"https:\/\/www.profexpo.ee\/foodfest\/eksponendile\/hinnakiri\/#primaryimage\",\"url\":\"http:\/\/www.profexpo.ee\/foodfest\/wp-content\/uploads\/2016\/03\/Toidumessi-stendid.jpg\",\"contentUrl\":\"http:\/\/www.profexpo.ee\/foodfest\/wp-content\/uploads\/2016\/03\/Toidumessi-stendid.jpg\"},{\"@type\":\"BreadcrumbList\",\"@id\":\"https:\/\/www.profexpo.ee\/foodfest\/eksponendile\/hinnakiri\/#breadcrumb\",\"itemListElement\":[{\"@type\":\"ListItem\",\"position\":1,\"name\":\"Home\",\"item\":\"https:\/\/www.profexpo.ee\/foodfest\/\"},{\"@type\":\"ListItem\",\"position\":2,\"name\":\"Eksponendile\",\"item\":\"https:\/\/www.profexpo.ee\/foodfest\/eksponendile\/\"},{\"@type\":\"ListItem\",\"position\":3,\"name\":\"Osalemistasud\"}]},{\"@type\":\"WebSite\",\"@id\":\"https:\/\/www.profexpo.ee\/foodfest\/#website\",\"url\":\"https:\/\/www.profexpo.ee\/foodfest\/\",\"name\":\"Tallinn FoodFest 2020\",\"description\":\"Tallinn FoodFest 2022\",\"potentialAction\":[{\"@type\":\"SearchAction\",\"target\":{\"@type\":\"EntryPoint\",\"urlTemplate\":\"https:\/\/www.profexpo.ee\/foodfest\/?s={search_term_string}\"},\"query-input\":{\"@type\":\"PropertyValueSpecification\",\"valueRequired\":true,\"valueName\":\"search_term_string\"}}],\"inLanguage\":\"et\"}]}<\/script>\n<!-- \/ Yoast SEO plugin. -->","yoast_head_json":{"title":"Osalemistasud - Tallinn FoodFest 2022","robots":{"index":"index","follow":"follow","max-snippet":"max-snippet:-1","max-image-preview":"max-image-preview:large","max-video-preview":"max-video-preview:-1"},"canonical":"https:\/\/www.profexpo.ee\/foodfest\/eksponendile\/hinnakiri\/","og_locale":"et_EE","og_type":"article","og_title":"Osalemistasud - Tallinn FoodFest 2022","og_description":"Tallinn FoodFest toidumessi osalemistasud Registreerimistasu Iga eksponent tasub registreerimistasu 285 \u20ac. Samal stendil osaleva kaaseksponendi registreerimistasu on 190 \u20ac. Eksponent vastutab kaaseksponentide registreerimise, osalemistingimuste t\u00e4itmise ja arvete tasumise eest. Registreerimistasu sisaldab: Messi kutsed 4 tk renditud pinna m\u00b2 kohta (kutse v\u00e4\u00e4rtus 18 \u20ac) Info esitamine messi kodulehel (\u00fcldised kontaktandmed ja tootegruppide loetelu) Info messi ajakirjas... Loe edasi","og_url":"https:\/\/www.profexpo.ee\/foodfest\/eksponendile\/hinnakiri\/","og_site_name":"Tallinn FoodFest 2022","article_modified_time":"2022-06-20T07:07:11+00:00","og_image":[{"url":"http:\/\/www.profexpo.ee\/foodfest\/wp-content\/uploads\/2016\/03\/Toidumessi-stendid.jpg","type":"","width":"","height":""}],"twitter_card":"summary_large_image","twitter_misc":{"Est. reading time":"2 minutit"},"schema":{"@context":"https:\/\/schema.org","@graph":[{"@type":"WebPage","@id":"https:\/\/www.profexpo.ee\/foodfest\/eksponendile\/hinnakiri\/","url":"https:\/\/www.profexpo.ee\/foodfest\/eksponendile\/hinnakiri\/","name":"Osalemistasud - Tallinn FoodFest 2022","isPartOf":{"@id":"https:\/\/www.profexpo.ee\/foodfest\/#website"},"primaryImageOfPage":{"@id":"https:\/\/www.profexpo.ee\/foodfest\/eksponendile\/hinnakiri\/#primaryimage"},"image":{"@id":"https:\/\/www.profexpo.ee\/foodfest\/eksponendile\/hinnakiri\/#primaryimage"},"thumbnailUrl":"http:\/\/www.profexpo.ee\/foodfest\/wp-content\/uploads\/2016\/03\/Toidumessi-stendid.jpg","datePublished":"2015-09-16T08:34:29+00:00","dateModified":"2022-06-20T07:07:11+00:00","breadcrumb":{"@id":"https:\/\/www.profexpo.ee\/foodfest\/eksponendile\/hinnakiri\/#breadcrumb"},"inLanguage":"et","potentialAction":[{"@type":"ReadAction","target":["https:\/\/www.profexpo.ee\/foodfest\/eksponendile\/hinnakiri\/"]}]},{"@type":"ImageObject","inLanguage":"et","@id":"https:\/\/www.profexpo.ee\/foodfest\/eksponendile\/hinnakiri\/#primaryimage","url":"http:\/\/www.profexpo.ee\/foodfest\/wp-content\/uploads\/2016\/03\/Toidumessi-stendid.jpg","contentUrl":"http:\/\/www.profexpo.ee\/foodfest\/wp-content\/uploads\/2016\/03\/Toidumessi-stendid.jpg"},{"@type":"BreadcrumbList","@id":"https:\/\/www.profexpo.ee\/foodfest\/eksponendile\/hinnakiri\/#breadcrumb","itemListElement":[{"@type":"ListItem","position":1,"name":"Home","item":"https:\/\/www.profexpo.ee\/foodfest\/"},{"@type":"ListItem","position":2,"name":"Eksponendile","item":"https:\/\/www.profexpo.ee\/foodfest\/eksponendile\/"},{"@type":"ListItem","position":3,"name":"Osalemistasud"}]},{"@type":"WebSite","@id":"https:\/\/www.profexpo.ee\/foodfest\/#website","url":"https:\/\/www.profexpo.ee\/foodfest\/","name":"Tallinn FoodFest 2020","description":"Tallinn FoodFest 2022","potentialAction":[{"@type":"SearchAction","target":{"@type":"EntryPoint","urlTemplate":"https:\/\/www.profexpo.ee\/foodfest\/?s={search_term_string}"},"query-input":{"@type":"PropertyValueSpecification","valueRequired":true,"valueName":"search_term_string"}}],"inLanguage":"et"}]}},"_links":{"self":[{"href":"https:\/\/www.profexpo.ee\/foodfest\/wp-json\/wp\/v2\/pages\/52","targetHints":{"allow":["GET"]}}],"collection":[{"href":"https:\/\/www.profexpo.ee\/foodfest\/wp-json\/wp\/v2\/pages"}],"about":[{"href":"https:\/\/www.profexpo.ee\/foodfest\/wp-json\/wp\/v2\/types\/page"}],"author":[{"embeddable":true,"href":"https:\/\/www.profexpo.ee\/foodfest\/wp-json\/wp\/v2\/users\/1"}],"replies":[{"embeddable":true,"href":"https:\/\/www.profexpo.ee\/foodfest\/wp-json\/wp\/v2\/comments?post=52"}],"version-history":[{"count":5,"href":"https:\/\/www.profexpo.ee\/foodfest\/wp-json\/wp\/v2\/pages\/52\/revisions"}],"predecessor-version":[{"id":13326,"href":"https:\/\/www.profexpo.ee\/foodfest\/wp-json\/wp\/v2\/pages\/52\/revisions\/13326"}],"up":[{"embeddable":true,"href":"https:\/\/www.profexpo.ee\/foodfest\/wp-json\/wp\/v2\/pages\/9"}],"wp:attachment":[{"href":"https:\/\/www.profexpo.ee\/foodfest\/wp-json\/wp\/v2\/media?parent=52"}],"curies":[{"name":"wp","href":"https:\/\/api.w.org\/{rel}","templated":true}]}}