{"id":58,"date":"2015-09-16T11:35:26","date_gmt":"2015-09-16T08:35:26","guid":{"rendered":"http:\/\/www.profexpo.ee\/foodfest\/?page_id=58"},"modified":"2022-03-28T18:55:02","modified_gmt":"2022-03-28T15:55:02","slug":"kkk","status":"publish","type":"page","link":"https:\/\/www.profexpo.ee\/foodfest\/eksponendile\/kkk\/","title":{"rendered":"KKK"},"content":{"rendered":"<h1><strong>Korduma kippuvad k\u00fcsimused messi kohta<\/strong><\/h1>\n<p><strong>Mis on t\u00fchja stendi, puhta pinna \u00fc\u00fcri hinnas?<br \/>\n<\/strong>Hinna sisse kuulub ainult messi pinna \u00fc\u00fcr vastavalt tellitud ruutmeetrite arvule. Hinnas\u00a0ei ole stendi seinu, vaipkatet,\u00a0valgusteid, elektrit, inventari jms. Puhta pinna rentimine\u00a0v\u00f5imaldab eksponendil ise sisustada ja kujundada messi stendi vastavalt oma soovidele. Ehitusteenuse v\u00f5ib tellida korraldajalt v\u00f5i oma stendiehitajalt.<\/p>\n<p><strong>Mis kuulub standardstendi hinda?<br \/>\n<\/strong>Standardstendi hinda kuuluvad pinna \u00fc\u00fcr, stendi valged taga- ja k\u00fclgseinad, eksponendi nimega otsalaud [profiilide vahel roosa PVC plaat (RGB 246; 190; 205), tekst tumeroheline (24; 68; 33)], vaipkate (tumehall, hall, tumesinine, helesinine, punane, roheline), kohtvalgustid (1 tk \/ 3m\u00b2 kohta), pistik 4,5A 1kW ja elektritarbimine, \u00fcldvalgustus, stendi avamise-eelne \u00fchekordne koristus, stendidevaheline pinna koristus, stendi montaa\u017e ja demontaa\u017e, messikeskuse \u00fcldvalve.<br \/>\nHinna sisse ei kuulu inventar. V\u00f5imalus on tellida inventari <a href=\"https:\/\/www.profexpo.ee\/foodfest\/wp-content\/uploads\/2021\/03\/Messiteenused_Fair-services-2021.pdf\" target=\"_blank\" rel=\"noopener noreferrer\">teenuste kataloogist<\/a> v\u00f5i tuua soovitud vahendid ise kohale.<\/p>\n<p><strong>Kas on v\u00f5imalik rentida konverentsiruume?<br \/>\n<\/strong>Konverentsiruumide rentimine on v\u00f5imalik. Palun anda oma soovist aegsasti m\u00e4rku, kuna ruumidele v\u00f5ivad tulla ka teised broneeringud.\u00a0Konverentsi ruumide hinnakirja n\u00e4ete siit.<\/p>\n<p><strong>Kas messil v\u00f5ib grillida v\u00f5i lahtist leeki kasutada?<br \/>\n<\/strong>Ei, need tegevused ja \u201eelus\u201c tuli ei ole messistendis lubatud.<\/p>\n<p><strong>Kas eksponendi parkimispilet kehtib kogu messi perioodil?<br \/>\n<\/strong>Perioodikaart kehtib kolmel p\u00e4eval, piiramatu arvu sisse-v\u00e4lja s\u00f5idukordadega. Enne ja p\u00e4rast messi on messi on messikeskuse territooriumile autoga sisses\u00f5it vaba. Iga eksponent ja kaaseksponent saab tasuta \u00fche perioodikaardi. Lisakaardid maksavad <span style=\"color: #000000;\">15<\/span> \u20ac.<\/p>\n<p>Sisses\u00f5idukaart annab \u00f5iguse \u00fchekordseks sisses\u00f5iduks Eesti N\u00e4ituste messikeskuse territooriumile, kaubaveoks messihallidesse ning parkimiseks messikeskuse t\u00e4histatud parklas. Sisses\u00f5idukaart hinnaga 5 \u20ac on m\u00fc\u00fcgil parkla kassas sularaha eest.<\/p>\n","protected":false},"excerpt":{"rendered":"Korduma kippuvad k\u00fcsimused messi kohta Mis on t\u00fchja stendi, puhta pinna \u00fc\u00fcri hinnas? Hinna sisse kuulub ainult messi pinna \u00fc\u00fcr vastavalt tellitud ruutmeetrite arvule. Hinnas\u00a0ei ole stendi seinu, vaipkatet,\u00a0valgusteid, elektrit, inventari jms. Puhta pinna rentimine\u00a0v\u00f5imaldab eksponendil ise sisustada ja kujundada messi stendi vastavalt oma soovidele. Ehitusteenuse v\u00f5ib tellida korraldajalt v\u00f5i oma stendiehitajalt. Mis kuulub standardstendi&#8230; <a class=\"view-article\" href=\"https:\/\/www.profexpo.ee\/foodfest\/eksponendile\/kkk\/\">Loe edasi<\/a>","protected":false},"author":1,"featured_media":0,"parent":9,"menu_order":7,"comment_status":"closed","ping_status":"closed","template":"","meta":{"footnotes":""},"class_list":["post-58","page","type-page","status-publish","hentry"],"yoast_head":"<!-- This site is optimized with the Yoast SEO plugin v24.7 - https:\/\/yoast.com\/wordpress\/plugins\/seo\/ -->\n<title>KKK - Tallinn FoodFest 2022<\/title>\n<meta name=\"robots\" content=\"index, follow, max-snippet:-1, max-image-preview:large, max-video-preview:-1\" \/>\n<link rel=\"canonical\" href=\"https:\/\/www.profexpo.ee\/foodfest\/eksponendile\/kkk\/\" \/>\n<meta property=\"og:locale\" content=\"et_EE\" \/>\n<meta property=\"og:type\" content=\"article\" \/>\n<meta property=\"og:title\" content=\"KKK - Tallinn FoodFest 2022\" \/>\n<meta property=\"og:description\" content=\"Korduma kippuvad k\u00fcsimused messi kohta Mis on t\u00fchja stendi, puhta pinna \u00fc\u00fcri hinnas? Hinna sisse kuulub ainult messi pinna \u00fc\u00fcr vastavalt tellitud ruutmeetrite arvule. Hinnas\u00a0ei ole stendi seinu, vaipkatet,\u00a0valgusteid, elektrit, inventari jms. Puhta pinna rentimine\u00a0v\u00f5imaldab eksponendil ise sisustada ja kujundada messi stendi vastavalt oma soovidele. Ehitusteenuse v\u00f5ib tellida korraldajalt v\u00f5i oma stendiehitajalt. Mis kuulub standardstendi... Loe edasi\" \/>\n<meta property=\"og:url\" content=\"https:\/\/www.profexpo.ee\/foodfest\/eksponendile\/kkk\/\" \/>\n<meta property=\"og:site_name\" content=\"Tallinn FoodFest 2022\" \/>\n<meta property=\"article:modified_time\" content=\"2022-03-28T15:55:02+00:00\" \/>\n<meta name=\"twitter:card\" content=\"summary_large_image\" \/>\n<meta name=\"twitter:label1\" content=\"Est. reading time\" \/>\n\t<meta name=\"twitter:data1\" content=\"2 minutit\" \/>\n<script type=\"application\/ld+json\" class=\"yoast-schema-graph\">{\"@context\":\"https:\/\/schema.org\",\"@graph\":[{\"@type\":\"WebPage\",\"@id\":\"https:\/\/www.profexpo.ee\/foodfest\/eksponendile\/kkk\/\",\"url\":\"https:\/\/www.profexpo.ee\/foodfest\/eksponendile\/kkk\/\",\"name\":\"KKK - Tallinn FoodFest 2022\",\"isPartOf\":{\"@id\":\"https:\/\/www.profexpo.ee\/foodfest\/#website\"},\"datePublished\":\"2015-09-16T08:35:26+00:00\",\"dateModified\":\"2022-03-28T15:55:02+00:00\",\"breadcrumb\":{\"@id\":\"https:\/\/www.profexpo.ee\/foodfest\/eksponendile\/kkk\/#breadcrumb\"},\"inLanguage\":\"et\",\"potentialAction\":[{\"@type\":\"ReadAction\",\"target\":[\"https:\/\/www.profexpo.ee\/foodfest\/eksponendile\/kkk\/\"]}]},{\"@type\":\"BreadcrumbList\",\"@id\":\"https:\/\/www.profexpo.ee\/foodfest\/eksponendile\/kkk\/#breadcrumb\",\"itemListElement\":[{\"@type\":\"ListItem\",\"position\":1,\"name\":\"Home\",\"item\":\"https:\/\/www.profexpo.ee\/foodfest\/\"},{\"@type\":\"ListItem\",\"position\":2,\"name\":\"Eksponendile\",\"item\":\"https:\/\/www.profexpo.ee\/foodfest\/eksponendile\/\"},{\"@type\":\"ListItem\",\"position\":3,\"name\":\"KKK\"}]},{\"@type\":\"WebSite\",\"@id\":\"https:\/\/www.profexpo.ee\/foodfest\/#website\",\"url\":\"https:\/\/www.profexpo.ee\/foodfest\/\",\"name\":\"Tallinn FoodFest 2020\",\"description\":\"Tallinn FoodFest 2022\",\"potentialAction\":[{\"@type\":\"SearchAction\",\"target\":{\"@type\":\"EntryPoint\",\"urlTemplate\":\"https:\/\/www.profexpo.ee\/foodfest\/?s={search_term_string}\"},\"query-input\":{\"@type\":\"PropertyValueSpecification\",\"valueRequired\":true,\"valueName\":\"search_term_string\"}}],\"inLanguage\":\"et\"}]}<\/script>\n<!-- \/ Yoast SEO plugin. -->","yoast_head_json":{"title":"KKK - Tallinn FoodFest 2022","robots":{"index":"index","follow":"follow","max-snippet":"max-snippet:-1","max-image-preview":"max-image-preview:large","max-video-preview":"max-video-preview:-1"},"canonical":"https:\/\/www.profexpo.ee\/foodfest\/eksponendile\/kkk\/","og_locale":"et_EE","og_type":"article","og_title":"KKK - Tallinn FoodFest 2022","og_description":"Korduma kippuvad k\u00fcsimused messi kohta Mis on t\u00fchja stendi, puhta pinna \u00fc\u00fcri hinnas? Hinna sisse kuulub ainult messi pinna \u00fc\u00fcr vastavalt tellitud ruutmeetrite arvule. Hinnas\u00a0ei ole stendi seinu, vaipkatet,\u00a0valgusteid, elektrit, inventari jms. Puhta pinna rentimine\u00a0v\u00f5imaldab eksponendil ise sisustada ja kujundada messi stendi vastavalt oma soovidele. Ehitusteenuse v\u00f5ib tellida korraldajalt v\u00f5i oma stendiehitajalt. Mis kuulub standardstendi... Loe edasi","og_url":"https:\/\/www.profexpo.ee\/foodfest\/eksponendile\/kkk\/","og_site_name":"Tallinn FoodFest 2022","article_modified_time":"2022-03-28T15:55:02+00:00","twitter_card":"summary_large_image","twitter_misc":{"Est. reading time":"2 minutit"},"schema":{"@context":"https:\/\/schema.org","@graph":[{"@type":"WebPage","@id":"https:\/\/www.profexpo.ee\/foodfest\/eksponendile\/kkk\/","url":"https:\/\/www.profexpo.ee\/foodfest\/eksponendile\/kkk\/","name":"KKK - Tallinn FoodFest 2022","isPartOf":{"@id":"https:\/\/www.profexpo.ee\/foodfest\/#website"},"datePublished":"2015-09-16T08:35:26+00:00","dateModified":"2022-03-28T15:55:02+00:00","breadcrumb":{"@id":"https:\/\/www.profexpo.ee\/foodfest\/eksponendile\/kkk\/#breadcrumb"},"inLanguage":"et","potentialAction":[{"@type":"ReadAction","target":["https:\/\/www.profexpo.ee\/foodfest\/eksponendile\/kkk\/"]}]},{"@type":"BreadcrumbList","@id":"https:\/\/www.profexpo.ee\/foodfest\/eksponendile\/kkk\/#breadcrumb","itemListElement":[{"@type":"ListItem","position":1,"name":"Home","item":"https:\/\/www.profexpo.ee\/foodfest\/"},{"@type":"ListItem","position":2,"name":"Eksponendile","item":"https:\/\/www.profexpo.ee\/foodfest\/eksponendile\/"},{"@type":"ListItem","position":3,"name":"KKK"}]},{"@type":"WebSite","@id":"https:\/\/www.profexpo.ee\/foodfest\/#website","url":"https:\/\/www.profexpo.ee\/foodfest\/","name":"Tallinn FoodFest 2020","description":"Tallinn FoodFest 2022","potentialAction":[{"@type":"SearchAction","target":{"@type":"EntryPoint","urlTemplate":"https:\/\/www.profexpo.ee\/foodfest\/?s={search_term_string}"},"query-input":{"@type":"PropertyValueSpecification","valueRequired":true,"valueName":"search_term_string"}}],"inLanguage":"et"}]}},"_links":{"self":[{"href":"https:\/\/www.profexpo.ee\/foodfest\/wp-json\/wp\/v2\/pages\/58","targetHints":{"allow":["GET"]}}],"collection":[{"href":"https:\/\/www.profexpo.ee\/foodfest\/wp-json\/wp\/v2\/pages"}],"about":[{"href":"https:\/\/www.profexpo.ee\/foodfest\/wp-json\/wp\/v2\/types\/page"}],"author":[{"embeddable":true,"href":"https:\/\/www.profexpo.ee\/foodfest\/wp-json\/wp\/v2\/users\/1"}],"replies":[{"embeddable":true,"href":"https:\/\/www.profexpo.ee\/foodfest\/wp-json\/wp\/v2\/comments?post=58"}],"version-history":[{"count":5,"href":"https:\/\/www.profexpo.ee\/foodfest\/wp-json\/wp\/v2\/pages\/58\/revisions"}],"predecessor-version":[{"id":13111,"href":"https:\/\/www.profexpo.ee\/foodfest\/wp-json\/wp\/v2\/pages\/58\/revisions\/13111"}],"up":[{"embeddable":true,"href":"https:\/\/www.profexpo.ee\/foodfest\/wp-json\/wp\/v2\/pages\/9"}],"wp:attachment":[{"href":"https:\/\/www.profexpo.ee\/foodfest\/wp-json\/wp\/v2\/media?parent=58"}],"curies":[{"name":"wp","href":"https:\/\/api.w.org\/{rel}","templated":true}]}}