{"id":422,"date":"2015-11-30T12:59:25","date_gmt":"2015-11-30T10:59:25","guid":{"rendered":"http:\/\/www.profexpo.ee\/messukeskus\/?page_id=422"},"modified":"2017-04-11T12:42:40","modified_gmt":"2017-04-11T10:42:40","slug":"ankeet-laps","status":"publish","type":"page","link":"https:\/\/www.profexpo.ee\/messukeskus\/ankeet-laps\/","title":{"rendered":"Registreerimisvorm messik\u00fclastajale"},"content":{"rendered":"<p>Soovin k\u00fclastada Helsingi messikeskuses toimuvaid messe Laps, Model Expo, K\u00e4sit\u00f6\u00f6, OutletExpo 2017.<br \/>\nLuban Profexpo O\u00dc kasutada info saatmiseks minu e-posti aadressi.<\/p>\n<p>Tellimuse t\u00fchistamine ilma kulusid kandmata on v\u00f5imalik kuni 17.03.2017.<\/p>\n<p>[form form-11]<\/p>\n<p>M\u00e4rkus. Kui soovite sisestada mitme reisija andmed, siis peale SAADA vajutamist v\u00f5ite\u00a0valida BACK\/TAGASI ja saate eelnevalt t\u00e4idetu asendada uute andmetega.<\/p>\n<p>Info ja arve saadame v\u00e4lja hiljemalt 18.04.2017.<\/p>\n<p>Profexpo O\u00dc<br \/>\nAhtri 12-209<br \/>\n10151 Tallinn<br \/>\nTel 626 1347<\/p>\n","protected":false},"excerpt":{"rendered":"Soovin k\u00fclastada Helsingi messikeskuses toimuvaid messe Laps, Model Expo, K\u00e4sit\u00f6\u00f6, OutletExpo 2017. Luban Profexpo O\u00dc kasutada info saatmiseks minu e-posti aadressi. Tellimuse t\u00fchistamine ilma kulusid kandmata on v\u00f5imalik kuni 17.03.2017. [form form-11] M\u00e4rkus. Kui soovite sisestada mitme reisija andmed, siis peale SAADA vajutamist v\u00f5ite\u00a0valida BACK\/TAGASI ja saate eelnevalt t\u00e4idetu asendada uute andmetega. Info ja arve&#8230; <a class=\"view-article\" href=\"https:\/\/www.profexpo.ee\/messukeskus\/ankeet-laps\/\">View Article<\/a>","protected":false},"author":1,"featured_media":0,"parent":0,"menu_order":0,"comment_status":"closed","ping_status":"closed","template":"","meta":{"footnotes":""},"class_list":["post-422","page","type-page","status-publish","hentry"],"publishpress_future_action":{"enabled":false,"date":"2026-05-20 18:18:51","action":"change-status","newStatus":"draft","terms":[],"taxonomy":"","extraData":[]},"publishpress_future_workflow_manual_trigger":{"enabledWorkflows":[]},"_links":{"self":[{"href":"https:\/\/www.profexpo.ee\/messukeskus\/wp-json\/wp\/v2\/pages\/422","targetHints":{"allow":["GET"]}}],"collection":[{"href":"https:\/\/www.profexpo.ee\/messukeskus\/wp-json\/wp\/v2\/pages"}],"about":[{"href":"https:\/\/www.profexpo.ee\/messukeskus\/wp-json\/wp\/v2\/types\/page"}],"author":[{"embeddable":true,"href":"https:\/\/www.profexpo.ee\/messukeskus\/wp-json\/wp\/v2\/users\/1"}],"replies":[{"embeddable":true,"href":"https:\/\/www.profexpo.ee\/messukeskus\/wp-json\/wp\/v2\/comments?post=422"}],"version-history":[{"count":5,"href":"https:\/\/www.profexpo.ee\/messukeskus\/wp-json\/wp\/v2\/pages\/422\/revisions"}],"predecessor-version":[{"id":1334,"href":"https:\/\/www.profexpo.ee\/messukeskus\/wp-json\/wp\/v2\/pages\/422\/revisions\/1334"}],"wp:attachment":[{"href":"https:\/\/www.profexpo.ee\/messukeskus\/wp-json\/wp\/v2\/media?parent=422"}],"curies":[{"name":"wp","href":"https:\/\/api.w.org\/{rel}","templated":true}]}}